{"id":7534,"date":"2026-03-30T11:55:07","date_gmt":"2026-03-30T17:55:07","guid":{"rendered":"https:\/\/makua.com.mx\/eshop\/?post_type=product&#038;p=7534"},"modified":"2026-04-14T15:53:03","modified_gmt":"2026-04-14T21:53:03","slug":"jabon-de-rosa-mosqueta-clavo-y-sebo","status":"publish","type":"product","link":"https:\/\/makua.com.mx\/eshop\/producto\/jabon-de-rosa-mosqueta-clavo-y-sebo\/","title":{"rendered":"Jab\u00f3n de Rosa Mosqueta, Clavo y Sebo"},"content":{"rendered":"<p><strong>Funciones<\/strong>: Hidrata, homogeniza el tono de piel y es cicatrizante.<br \/>\n<strong>Modo de empleo<\/strong>: Directo sobre la piel con masajes<br \/>\ncirculares, dejar actuar unos minutos y enjuagar.<br \/>\n<strong>Extractos<\/strong>: Sebo de res, Rosa Mosqueta y clavo.<br \/>\n<strong>Recomendaciones<\/strong>: Para pieles sensibles y secas.<br \/>\n<strong>Aroma<\/strong>: Floral especiado.<br \/>\n<strong>Consistencia<\/strong>: S\u00f3lida.<br \/>\n<strong>INGREDIENTES<\/strong>: Aceites vegetales, agua destilada, hidr\u00f3xido de sodio, sebo de res org\u00e1nico, karit\u00e9, vitamina E, extracto de rosa mosqueta, aceite esencial de rosas y clavo.<\/p>\n","protected":false},"excerpt":{"rendered":"<p>La rosa mosqueta ayuda a mejorar la apariencia de manchas, cicatrices y l\u00edneas finas. El sebo org\u00e1nico nutre y fortalece la barrera natural de la piel sin dejar sensaci\u00f3n pesada. Favorece una piel m\u00e1s suave, firme y luminosa.<br \/>\nEl clavo tiene propiedades antibacterianas que ayudan a mantener la piel limpia. Estimula la piel y aporta una sensaci\u00f3n c\u00e1lida y activa la circulaci\u00f3n.<\/p>\n<p>Limpia sin resecar, apto para rostro y cuerpo. Una opci\u00f3n natural que limpia, nutre y ayuda a que tu piel luzca m\u00e1s saludable y equilibrada cada d\u00eda.<\/p>\n","protected":false},"featured_media":7535,"comment_status":"closed","ping_status":"closed","template":"","meta":[],"product_brand":[],"product_cat":[222,274],"product_tag":[],"class_list":{"0":"post-7534","1":"product","2":"type-product","3":"status-publish","4":"has-post-thumbnail","6":"product_cat-cuerpo","7":"product_cat-jabon-artesanal","9":"first","10":"instock","11":"shipping-taxable","12":"purchasable","13":"product-type-simple"},"_links":{"self":[{"href":"https:\/\/makua.com.mx\/eshop\/wp-json\/wp\/v2\/product\/7534","targetHints":{"allow":["GET"]}}],"collection":[{"href":"https:\/\/makua.com.mx\/eshop\/wp-json\/wp\/v2\/product"}],"about":[{"href":"https:\/\/makua.com.mx\/eshop\/wp-json\/wp\/v2\/types\/product"}],"replies":[{"embeddable":true,"href":"https:\/\/makua.com.mx\/eshop\/wp-json\/wp\/v2\/comments?post=7534"}],"wp:featuredmedia":[{"embeddable":true,"href":"https:\/\/makua.com.mx\/eshop\/wp-json\/wp\/v2\/media\/7535"}],"wp:attachment":[{"href":"https:\/\/makua.com.mx\/eshop\/wp-json\/wp\/v2\/media?parent=7534"}],"wp:term":[{"taxonomy":"product_brand","embeddable":true,"href":"https:\/\/makua.com.mx\/eshop\/wp-json\/wp\/v2\/product_brand?post=7534"},{"taxonomy":"product_cat","embeddable":true,"href":"https:\/\/makua.com.mx\/eshop\/wp-json\/wp\/v2\/product_cat?post=7534"},{"taxonomy":"product_tag","embeddable":true,"href":"https:\/\/makua.com.mx\/eshop\/wp-json\/wp\/v2\/product_tag?post=7534"}],"curies":[{"name":"wp","href":"https:\/\/api.w.org\/{rel}","templated":true}]}}