{"id":7532,"date":"2026-03-30T11:52:17","date_gmt":"2026-03-30T17:52:17","guid":{"rendered":"https:\/\/makua.com.mx\/eshop\/?post_type=product&#038;p=7532"},"modified":"2026-03-30T11:52:37","modified_gmt":"2026-03-30T17:52:37","slug":"jabon-menta-coco-y-sebo","status":"publish","type":"product","link":"https:\/\/makua.com.mx\/eshop\/producto\/jabon-menta-coco-y-sebo\/","title":{"rendered":"Jab\u00f3n Menta, Coco y Sebo"},"content":{"rendered":"<p><strong>Funciones<\/strong>: Hidrata profundamente la piel delicada y seca.<br \/>\n<strong>Modo de empleo<\/strong>: Directo sobre la piel con masajes<br \/>\ncirculares, dejar actuar unos minutos y enjuagar.<br \/>\n<strong>Extractos<\/strong>: Sebo de res, menta.<br \/>\n<strong>Recomendaciones<\/strong>: Para pieles sensibles y secas.<br \/>\n<strong>Aroma<\/strong>: Mentolado dulce.<br \/>\n<strong>Consistencia<\/strong>: S\u00f3lida.<br \/>\n<strong>INGREDIENTES<\/strong>: Aceites vegetales, agua destilada, hidr\u00f3xido de sodio, esencia de Coco, sebo de res org\u00e1nico, karit\u00e9, vitamina E, Aceite esencial de menta.<\/p>\n","protected":false},"excerpt":{"rendered":"<p>Funciones: Hidrata profundamente la piel delicada y seca. Modo de empleo: Directo sobre la piel con masajes circulares, dejar actuar unos minutos y enjuagar. Extractos: Sebo de res, menta. Recomendaciones: Para pieles sensibles y secas. Aroma: Mentolado dulce. Consistencia: S\u00f3lida. INGREDIENTES: Aceites vegetales, agua destilada, hidr\u00f3xido de sodio, esencia de Coco, sebo de res org\u00e1nico, [&#8230;]\n","protected":false},"featured_media":7533,"comment_status":"closed","ping_status":"closed","template":"","meta":[],"product_brand":[],"product_cat":[222,274],"product_tag":[],"class_list":{"0":"post-7532","1":"product","2":"type-product","3":"status-publish","4":"has-post-thumbnail","6":"product_cat-cuerpo","7":"product_cat-jabon-artesanal","9":"first","10":"instock","11":"shipping-taxable","12":"purchasable","13":"product-type-simple"},"_links":{"self":[{"href":"https:\/\/makua.com.mx\/eshop\/wp-json\/wp\/v2\/product\/7532","targetHints":{"allow":["GET"]}}],"collection":[{"href":"https:\/\/makua.com.mx\/eshop\/wp-json\/wp\/v2\/product"}],"about":[{"href":"https:\/\/makua.com.mx\/eshop\/wp-json\/wp\/v2\/types\/product"}],"replies":[{"embeddable":true,"href":"https:\/\/makua.com.mx\/eshop\/wp-json\/wp\/v2\/comments?post=7532"}],"wp:featuredmedia":[{"embeddable":true,"href":"https:\/\/makua.com.mx\/eshop\/wp-json\/wp\/v2\/media\/7533"}],"wp:attachment":[{"href":"https:\/\/makua.com.mx\/eshop\/wp-json\/wp\/v2\/media?parent=7532"}],"wp:term":[{"taxonomy":"product_brand","embeddable":true,"href":"https:\/\/makua.com.mx\/eshop\/wp-json\/wp\/v2\/product_brand?post=7532"},{"taxonomy":"product_cat","embeddable":true,"href":"https:\/\/makua.com.mx\/eshop\/wp-json\/wp\/v2\/product_cat?post=7532"},{"taxonomy":"product_tag","embeddable":true,"href":"https:\/\/makua.com.mx\/eshop\/wp-json\/wp\/v2\/product_tag?post=7532"}],"curies":[{"name":"wp","href":"https:\/\/api.w.org\/{rel}","templated":true}]}}