{"id":7522,"date":"2026-03-26T17:36:56","date_gmt":"2026-03-26T23:36:56","guid":{"rendered":"https:\/\/makua.com.mx\/eshop\/?post_type=product&#038;p=7522"},"modified":"2026-03-26T17:39:27","modified_gmt":"2026-03-26T23:39:27","slug":"jabon-efecto-crema-te-verde","status":"publish","type":"product","link":"https:\/\/makua.com.mx\/eshop\/producto\/jabon-efecto-crema-te-verde\/","title":{"rendered":"Jab\u00f3n efecto crema T\u00e9 Verde"},"content":{"rendered":"<p><strong>Funciones<\/strong>: Es antioxidante, desinflama e inhibe los da\u00f1os por el sol.<br \/>\n<strong>Modo de empleo<\/strong>: Aplicar directo sobre la piel con suaves masajes circulares hasta su completa absorci\u00f3n, enjuagar.<br \/>\n<strong>Extractos<\/strong>:T\u00e9 Verde.<br \/>\n<strong>Recomendaciones<\/strong>: Todo tipo de piel.<br \/>\n<strong>Aroma<\/strong>: Fresco.<br \/>\n<strong>Consistencia<\/strong>: S\u00f3lida.<br \/>\n<strong>INGREDIENTES<\/strong>: Aceites vegetales, agua destilada, hidr\u00f3xido de sodio, karit\u00e9, vitamina E, mezcla de aceites esenciales, extracto de t\u00e9 verde, t\u00e9 verde seco, extracto de c\u00edtricos como conservador natural.<\/p>\n","protected":false},"excerpt":{"rendered":"<p>Funciones: Es antioxidante, desinflama e inhibe los da\u00f1os por el sol. Modo de empleo: Aplicar directo sobre la piel con suaves masajes circulares hasta su completa absorci\u00f3n, enjuagar. Extractos:T\u00e9 Verde. Recomendaciones: Todo tipo de piel. Aroma: Fresco. Consistencia: S\u00f3lida. INGREDIENTES: Aceites vegetales, agua destilada, hidr\u00f3xido de sodio, karit\u00e9, vitamina E, mezcla de aceites esenciales, extracto [&#8230;]\n","protected":false},"featured_media":7524,"comment_status":"closed","ping_status":"closed","template":"","meta":[],"product_brand":[],"product_cat":[228,310],"product_tag":[],"class_list":{"0":"post-7522","1":"product","2":"type-product","3":"status-publish","4":"has-post-thumbnail","6":"product_cat-cara","7":"product_cat-jabon-efecto-crema","8":"product_shipping_class-mensajeria","10":"first","11":"instock","12":"shipping-taxable","13":"purchasable","14":"product-type-simple"},"_links":{"self":[{"href":"https:\/\/makua.com.mx\/eshop\/wp-json\/wp\/v2\/product\/7522","targetHints":{"allow":["GET"]}}],"collection":[{"href":"https:\/\/makua.com.mx\/eshop\/wp-json\/wp\/v2\/product"}],"about":[{"href":"https:\/\/makua.com.mx\/eshop\/wp-json\/wp\/v2\/types\/product"}],"replies":[{"embeddable":true,"href":"https:\/\/makua.com.mx\/eshop\/wp-json\/wp\/v2\/comments?post=7522"}],"wp:featuredmedia":[{"embeddable":true,"href":"https:\/\/makua.com.mx\/eshop\/wp-json\/wp\/v2\/media\/7524"}],"wp:attachment":[{"href":"https:\/\/makua.com.mx\/eshop\/wp-json\/wp\/v2\/media?parent=7522"}],"wp:term":[{"taxonomy":"product_brand","embeddable":true,"href":"https:\/\/makua.com.mx\/eshop\/wp-json\/wp\/v2\/product_brand?post=7522"},{"taxonomy":"product_cat","embeddable":true,"href":"https:\/\/makua.com.mx\/eshop\/wp-json\/wp\/v2\/product_cat?post=7522"},{"taxonomy":"product_tag","embeddable":true,"href":"https:\/\/makua.com.mx\/eshop\/wp-json\/wp\/v2\/product_tag?post=7522"}],"curies":[{"name":"wp","href":"https:\/\/api.w.org\/{rel}","templated":true}]}}