{"id":7236,"date":"2025-10-12T17:14:01","date_gmt":"2025-10-12T23:14:01","guid":{"rendered":"https:\/\/makua.com.mx\/eshop\/?post_type=product&#038;p=7236"},"modified":"2025-10-12T17:15:29","modified_gmt":"2025-10-12T23:15:29","slug":"manteca-de-tomillo-manzanilla-y-hierbabuena","status":"publish","type":"product","link":"https:\/\/makua.com.mx\/eshop\/producto\/manteca-de-tomillo-manzanilla-y-hierbabuena\/","title":{"rendered":"Manteca de Tomillo, Manzanilla y Hierbabuena"},"content":{"rendered":"<p><strong>Funciones<\/strong>: Nutre e hidrata la piel, desinflama, fortalece el sistema inmune, descongestiona v\u00edas respiratorias y desinflama.<br \/>\n<strong>Modo de empleo<\/strong>: Aplicar en la piel poca cantidad con movimientos circulares.<br \/>\n<strong>Extractos<\/strong>:\u00a0Tomillo, manzanilla y hierbabuena\u2028\u2028.<br \/>\n<strong>Recomendaciones<\/strong>: Para todo tipo de piel.<br \/>\n<strong>Aroma<\/strong>: Herbal.<br \/>\n<strong>Consistencia<\/strong>: Crema espesa.<br \/>\n<strong>INGREDIENTES<\/strong>:\u00a0Agua destilada, Glicerina Vegetal, Alcohol Cetear\u00edlico, Cera de Candelilla, Manteca de Karit\u00e9, Estearato de Glicerilo, Decyl Oleate, Manteca de Cacao, Aceite de Oliva y de Macadamia Extra\u00eddo en fr\u00edo, Vitamina E, Aceite esencial de tomillo, manzanilla y hierbabuena, Conservador org\u00e1nico.<\/p>\n","protected":false},"excerpt":{"rendered":"<p>Esta manteca contiene aceite esencial de tomillo que tiene\u00a0propiedades antimicrobianas\u00a0que limpian la piel y combaten el acn\u00e9, sus\u00a0efectos antiinflamatorios\u00a0reducen el enrojecimiento, sus\u00a0capacidades antioxidantes protegen del envejecimiento prematuro y es cicatrizante.<br \/>\nTambi\u00e9n descongestiona las v\u00edas respiratorias, es expectorante y fortalece el sistema inmune.<br \/>\nTambi\u00e9n le hemos agregado manzanilla y hierbabuena que relajan el sistema nervioso, reducen inflamaci\u00f3n, desinfectan y promueven  bienestar emocional.<\/p>\n","protected":false},"featured_media":7237,"comment_status":"closed","ping_status":"closed","template":"","meta":[],"product_brand":[],"product_cat":[222,258],"product_tag":[],"class_list":{"0":"post-7236","1":"product","2":"type-product","3":"status-publish","4":"has-post-thumbnail","6":"product_cat-cuerpo","7":"product_cat-manteca-corporal","9":"first","10":"instock","11":"shipping-taxable","12":"purchasable","13":"product-type-simple"},"_links":{"self":[{"href":"https:\/\/makua.com.mx\/eshop\/wp-json\/wp\/v2\/product\/7236","targetHints":{"allow":["GET"]}}],"collection":[{"href":"https:\/\/makua.com.mx\/eshop\/wp-json\/wp\/v2\/product"}],"about":[{"href":"https:\/\/makua.com.mx\/eshop\/wp-json\/wp\/v2\/types\/product"}],"replies":[{"embeddable":true,"href":"https:\/\/makua.com.mx\/eshop\/wp-json\/wp\/v2\/comments?post=7236"}],"wp:featuredmedia":[{"embeddable":true,"href":"https:\/\/makua.com.mx\/eshop\/wp-json\/wp\/v2\/media\/7237"}],"wp:attachment":[{"href":"https:\/\/makua.com.mx\/eshop\/wp-json\/wp\/v2\/media?parent=7236"}],"wp:term":[{"taxonomy":"product_brand","embeddable":true,"href":"https:\/\/makua.com.mx\/eshop\/wp-json\/wp\/v2\/product_brand?post=7236"},{"taxonomy":"product_cat","embeddable":true,"href":"https:\/\/makua.com.mx\/eshop\/wp-json\/wp\/v2\/product_cat?post=7236"},{"taxonomy":"product_tag","embeddable":true,"href":"https:\/\/makua.com.mx\/eshop\/wp-json\/wp\/v2\/product_tag?post=7236"}],"curies":[{"name":"wp","href":"https:\/\/api.w.org\/{rel}","templated":true}]}}