{"id":5639,"date":"2024-01-09T01:12:50","date_gmt":"2024-01-09T01:12:50","guid":{"rendered":"https:\/\/makua.com.mx\/eshop\/?post_type=product&#038;p=5639"},"modified":"2024-02-18T03:25:10","modified_gmt":"2024-02-18T03:25:10","slug":"roll-on-armonia","status":"publish","type":"product","link":"https:\/\/makua.com.mx\/eshop\/producto\/roll-on-armonia\/","title":{"rendered":"Roll On Armon\u00eda 10g"},"content":{"rendered":"<p><strong>Funciones<\/strong>: Armonizar, relajar y perfumar los sentidos.<br \/>\n<strong>Modo de empleo<\/strong>: Aplicar directamente en sienes, mu\u00f1ecas y cuello.\u2028<br \/>\n<strong>Extractos<\/strong>: Aceites esenciales puros de Rosas, Copal y Copaiba.<br \/>\n<strong>Recomendaciones<\/strong>: Para todo tipo de piel.\u2028<br \/>\n<strong>Aroma<\/strong>: Amaderado floral.\u2028<br \/>\n<strong>Consistencia<\/strong>: Oleosa.<br \/>\n<strong>INGREDIENTES<\/strong>: Aceites esenciales puros de Rosas, Copal y Copaiba.<\/p>\n","protected":false},"excerpt":{"rendered":"<p>Una sinergia que armoniza el esp\u00edritu, relaja la mente y llena de gozo el coraz\u00f3n.<br \/>\nSu aroma floral y amaderado eleva los estados de \u00e1nimo, conecta con la ecuanimidad de las emociones, y purifica nuestras energ\u00edas elevando su vibraci\u00f3n.<br \/>\nEstos aceites han sido utilizados desde culturas antiguas  hasta nuestros d\u00edas  en ceremonias y rituales de purificaci\u00f3n y sanaci\u00f3n.<\/p>\n","protected":false},"featured_media":5641,"comment_status":"closed","ping_status":"closed","template":"","meta":[],"product_brand":[],"product_cat":[222,229,378],"product_tag":[],"class_list":{"0":"post-5639","1":"product","2":"type-product","3":"status-publish","4":"has-post-thumbnail","6":"product_cat-cuerpo","7":"product_cat-regadera","8":"product_cat-roll-on","10":"first","11":"instock","12":"shipping-taxable","13":"purchasable","14":"product-type-simple"},"_links":{"self":[{"href":"https:\/\/makua.com.mx\/eshop\/wp-json\/wp\/v2\/product\/5639","targetHints":{"allow":["GET"]}}],"collection":[{"href":"https:\/\/makua.com.mx\/eshop\/wp-json\/wp\/v2\/product"}],"about":[{"href":"https:\/\/makua.com.mx\/eshop\/wp-json\/wp\/v2\/types\/product"}],"replies":[{"embeddable":true,"href":"https:\/\/makua.com.mx\/eshop\/wp-json\/wp\/v2\/comments?post=5639"}],"wp:featuredmedia":[{"embeddable":true,"href":"https:\/\/makua.com.mx\/eshop\/wp-json\/wp\/v2\/media\/5641"}],"wp:attachment":[{"href":"https:\/\/makua.com.mx\/eshop\/wp-json\/wp\/v2\/media?parent=5639"}],"wp:term":[{"taxonomy":"product_brand","embeddable":true,"href":"https:\/\/makua.com.mx\/eshop\/wp-json\/wp\/v2\/product_brand?post=5639"},{"taxonomy":"product_cat","embeddable":true,"href":"https:\/\/makua.com.mx\/eshop\/wp-json\/wp\/v2\/product_cat?post=5639"},{"taxonomy":"product_tag","embeddable":true,"href":"https:\/\/makua.com.mx\/eshop\/wp-json\/wp\/v2\/product_tag?post=5639"}],"curies":[{"name":"wp","href":"https:\/\/api.w.org\/{rel}","templated":true}]}}