{"id":5633,"date":"2024-01-09T00:44:25","date_gmt":"2024-01-09T00:44:25","guid":{"rendered":"https:\/\/makua.com.mx\/eshop\/?post_type=product&#038;p=5633"},"modified":"2025-01-14T00:23:25","modified_gmt":"2025-01-14T00:23:25","slug":"shampoo-te-verde","status":"publish","type":"product","link":"https:\/\/makua.com.mx\/eshop\/producto\/shampoo-te-verde\/","title":{"rendered":"Shampoo T\u00e9 Verde 500g"},"content":{"rendered":"<p><strong>Funciones<\/strong>: Hidrata y restaura la fibra capilar.\u2028<br \/>\n<strong>Modo de empleo<\/strong>: Aplicar directamente sobre el cuero cabelludo, masajear, dejar actuar unos minutos, retirar con abundante agua. Para mayores resultados complementa con el\u00a0Acondicionador\u00a0de Makua.\u2028<br \/>\n<strong>Extractos<\/strong>: T\u00e9 verde y bergamota.\u2028<br \/>\n<strong>Recomendaciones<\/strong>: Para cabello opaco y seco.\u2028<br \/>\n<strong>Aroma<\/strong>: Fresco y floral.\u2028<br \/>\n<strong>Consistencia<\/strong>: L\u00edquida.<br \/>\n<strong>INGREDIENTES<\/strong>: Agua destilada, almid\u00f3n de ma\u00edz, coco gluc\u00f3sido, Gliceril oleate, \u00e1cido graso de coco, extracto de t\u00e9 verde, extracto de nopal, extracto de Ginseng, extracto de germen de trigo, extracto de Bergamota, extracto de semillas de c\u00edtricos como conservador org\u00e1nico.<\/p>\n","protected":false},"excerpt":{"rendered":"<p>Es un shampoo antioxidante que nutre y fortalece el cabello. Aumenta el volumen, previene orzuela y resequedad.<\/p>\n<p>250g y 470g<\/p>\n","protected":false},"featured_media":5678,"comment_status":"closed","ping_status":"closed","template":"","meta":[],"product_brand":[],"product_cat":[243],"product_tag":[],"class_list":{"0":"post-5633","1":"product","2":"type-product","3":"status-publish","4":"has-post-thumbnail","6":"product_cat-shampoo","8":"first","9":"instock","10":"shipping-taxable","11":"purchasable","12":"product-type-variable"},"_links":{"self":[{"href":"https:\/\/makua.com.mx\/eshop\/wp-json\/wp\/v2\/product\/5633","targetHints":{"allow":["GET"]}}],"collection":[{"href":"https:\/\/makua.com.mx\/eshop\/wp-json\/wp\/v2\/product"}],"about":[{"href":"https:\/\/makua.com.mx\/eshop\/wp-json\/wp\/v2\/types\/product"}],"replies":[{"embeddable":true,"href":"https:\/\/makua.com.mx\/eshop\/wp-json\/wp\/v2\/comments?post=5633"}],"wp:featuredmedia":[{"embeddable":true,"href":"https:\/\/makua.com.mx\/eshop\/wp-json\/wp\/v2\/media\/5678"}],"wp:attachment":[{"href":"https:\/\/makua.com.mx\/eshop\/wp-json\/wp\/v2\/media?parent=5633"}],"wp:term":[{"taxonomy":"product_brand","embeddable":true,"href":"https:\/\/makua.com.mx\/eshop\/wp-json\/wp\/v2\/product_brand?post=5633"},{"taxonomy":"product_cat","embeddable":true,"href":"https:\/\/makua.com.mx\/eshop\/wp-json\/wp\/v2\/product_cat?post=5633"},{"taxonomy":"product_tag","embeddable":true,"href":"https:\/\/makua.com.mx\/eshop\/wp-json\/wp\/v2\/product_tag?post=5633"}],"curies":[{"name":"wp","href":"https:\/\/api.w.org\/{rel}","templated":true}]}}