{"id":5310,"date":"2022-10-11T23:05:47","date_gmt":"2022-10-11T23:05:47","guid":{"rendered":"https:\/\/makua.com.mx\/eshop\/?post_type=product&#038;p=5310"},"modified":"2025-01-25T03:07:26","modified_gmt":"2025-01-25T03:07:26","slug":"aceite-esencial-de-incienso","status":"publish","type":"product","link":"https:\/\/makua.com.mx\/eshop\/producto\/aceite-esencial-de-incienso\/","title":{"rendered":"Aceite Esencial de Incienso 10g"},"content":{"rendered":"<p><strong>Funciones<\/strong>: Antiinflamatorio, relajante, protege y embellece la piel.<br \/>\n<strong>Modo de empleo<\/strong>: Aplicar con aceite portador en sienes, planta de los pies, 1 gota diluido en tu crema facial o serum, en difusor, 1 gota en un litro de Agua para beber.<br \/>\n<strong>Extractos<\/strong>: Aceite Esencial Puro de Incienso (Boswelia Carterii).<br \/>\n<strong>Recomendaciones<\/strong>: Para todo tipo de piel.<br \/>\n<strong>Aroma<\/strong>: Amaderado.<br \/>\n<strong>Consistencia<\/strong>: Aceitosa.<br \/>\n<strong>INGREDIENTES<\/strong>: Aceite Esencial Puro de Incienso (Boswelia Carterii).<\/p>\n","protected":false},"excerpt":{"rendered":"<p>Este Aceite esencial tiene varios beneficios, es relajante, antiinflamatorio, digestivo, embellece la piel y la protege de los da\u00f1os ocasionados por los radicales libres. Fortalece el sistema inmunol\u00f3gico, promueve la concentraci\u00f3n y meditaci\u00f3n, es antidepresivo y purifica las energ\u00edas negativas. <\/p>\n<p>10g<\/p>\n","protected":false},"featured_media":5311,"comment_status":"closed","ping_status":"closed","template":"","meta":[],"product_brand":[],"product_cat":[222,396],"product_tag":[],"class_list":{"0":"post-5310","1":"product","2":"type-product","3":"status-publish","4":"has-post-thumbnail","6":"product_cat-cuerpo","7":"product_cat-vegano","8":"product_shipping_class-mensajeria","10":"first","11":"instock","12":"shipping-taxable","13":"purchasable","14":"product-type-simple"},"_links":{"self":[{"href":"https:\/\/makua.com.mx\/eshop\/wp-json\/wp\/v2\/product\/5310","targetHints":{"allow":["GET"]}}],"collection":[{"href":"https:\/\/makua.com.mx\/eshop\/wp-json\/wp\/v2\/product"}],"about":[{"href":"https:\/\/makua.com.mx\/eshop\/wp-json\/wp\/v2\/types\/product"}],"replies":[{"embeddable":true,"href":"https:\/\/makua.com.mx\/eshop\/wp-json\/wp\/v2\/comments?post=5310"}],"wp:featuredmedia":[{"embeddable":true,"href":"https:\/\/makua.com.mx\/eshop\/wp-json\/wp\/v2\/media\/5311"}],"wp:attachment":[{"href":"https:\/\/makua.com.mx\/eshop\/wp-json\/wp\/v2\/media?parent=5310"}],"wp:term":[{"taxonomy":"product_brand","embeddable":true,"href":"https:\/\/makua.com.mx\/eshop\/wp-json\/wp\/v2\/product_brand?post=5310"},{"taxonomy":"product_cat","embeddable":true,"href":"https:\/\/makua.com.mx\/eshop\/wp-json\/wp\/v2\/product_cat?post=5310"},{"taxonomy":"product_tag","embeddable":true,"href":"https:\/\/makua.com.mx\/eshop\/wp-json\/wp\/v2\/product_tag?post=5310"}],"curies":[{"name":"wp","href":"https:\/\/api.w.org\/{rel}","templated":true}]}}