{"id":5268,"date":"2022-10-11T21:18:02","date_gmt":"2022-10-11T21:18:02","guid":{"rendered":"https:\/\/makua.com.mx\/eshop\/?post_type=product&#038;p=5268"},"modified":"2025-02-13T01:03:23","modified_gmt":"2025-02-13T01:03:23","slug":"manteca-de-camote-mexicano","status":"publish","type":"product","link":"https:\/\/makua.com.mx\/eshop\/producto\/manteca-de-camote-mexicano\/","title":{"rendered":"Manteca de Camote Barbasco (balance hormonal)"},"content":{"rendered":"<p><strong>Funciones<\/strong>: Trata problemas en la piel por cambios hormonales, retrasa el envejecimiento celular, protege contra resequedad extrema, nutre y apoya a la producci\u00f3n natural de estr\u00f3genos y progesterona.<br \/>\n<strong>Modo de empleo<\/strong>: Aplicar en todo el cuerpo para humectar y para disminuir sintomoas de la menopausia en pecho y articulaciones.<br \/>\n<strong>Extractos<\/strong>: Aceites Esenciales, Fragancia y Extracto de Barbasco, Vitamina E, Karit\u00e9 y Cacao.\u2028<br \/>\n<strong>Recomendaciones<\/strong>: Para todo tipo de piel\u2028.<br \/>\n<strong>Aroma<\/strong>: Dulce.<br \/>\n<strong>Consistencia<\/strong>: Semi S\u00f3lida\u2028.<br \/>\n<strong>INGREDIENTES<\/strong>:\u00a0 Agua destilada, Glicerina Vegetal, Alcohol Cetear\u00edlico, Cera de Candelilla, Manteca de Karit\u00e9, Estearato de Gliceril, Decyl Oleate, Manteca de Cacao, Aceite de Oliva y de Macadamia, Aceite Esencial de Barbasco, Extracto de Barbasco, Vitamina E y \u00c1cido C\u00edtrico como conservador natural.<\/p>\n","protected":false},"excerpt":{"rendered":"<p>Contiene el extracto y el aceite esencial de Barbasco (camote silvestre) que es muy rico en vitamina E la cual trata problemas en la piel por cambios hormonales, produciendo de manera natural estr\u00f3genos y progesterona. Ayuda a regenerar la piel, sobre todo cuidarla de la resequedad extrema.<br \/>\nEl aceite esencial de camote Barbasco tiene incre\u00edbles beneficios para retardar el envejecimiento celular, nutrir e hidratar. Es rico en vitaminas B6 y C, as\u00ed como en carotenoides y antioxidantes, que en conjunto regulan la pigmentaci\u00f3n de la piel. Puede aplicarse en cualquier parte del cuerpo para la humectaci\u00f3n y en articulaciones para disminuir algunos s\u00edntomas de la menopausia. <\/p>\n<p>150 g y 50 g<\/p>\n","protected":false},"featured_media":5269,"comment_status":"closed","ping_status":"closed","template":"","meta":[],"product_brand":[],"product_cat":[258,396],"product_tag":[],"class_list":{"0":"post-5268","1":"product","2":"type-product","3":"status-publish","4":"has-post-thumbnail","6":"product_cat-manteca-corporal","7":"product_cat-vegano","8":"product_shipping_class-mensajeria","10":"first","11":"instock","12":"shipping-taxable","13":"purchasable","14":"product-type-variable","15":"has-default-attributes"},"_links":{"self":[{"href":"https:\/\/makua.com.mx\/eshop\/wp-json\/wp\/v2\/product\/5268","targetHints":{"allow":["GET"]}}],"collection":[{"href":"https:\/\/makua.com.mx\/eshop\/wp-json\/wp\/v2\/product"}],"about":[{"href":"https:\/\/makua.com.mx\/eshop\/wp-json\/wp\/v2\/types\/product"}],"replies":[{"embeddable":true,"href":"https:\/\/makua.com.mx\/eshop\/wp-json\/wp\/v2\/comments?post=5268"}],"wp:featuredmedia":[{"embeddable":true,"href":"https:\/\/makua.com.mx\/eshop\/wp-json\/wp\/v2\/media\/5269"}],"wp:attachment":[{"href":"https:\/\/makua.com.mx\/eshop\/wp-json\/wp\/v2\/media?parent=5268"}],"wp:term":[{"taxonomy":"product_brand","embeddable":true,"href":"https:\/\/makua.com.mx\/eshop\/wp-json\/wp\/v2\/product_brand?post=5268"},{"taxonomy":"product_cat","embeddable":true,"href":"https:\/\/makua.com.mx\/eshop\/wp-json\/wp\/v2\/product_cat?post=5268"},{"taxonomy":"product_tag","embeddable":true,"href":"https:\/\/makua.com.mx\/eshop\/wp-json\/wp\/v2\/product_tag?post=5268"}],"curies":[{"name":"wp","href":"https:\/\/api.w.org\/{rel}","templated":true}]}}