{"id":5257,"date":"2022-10-11T20:46:55","date_gmt":"2022-10-11T20:46:55","guid":{"rendered":"https:\/\/makua.com.mx\/eshop\/?post_type=product&#038;p=5257"},"modified":"2025-01-25T03:08:33","modified_gmt":"2025-01-25T03:08:33","slug":"jabon-de-leche-de-burra-granada-tuna","status":"publish","type":"product","link":"https:\/\/makua.com.mx\/eshop\/producto\/jabon-de-leche-de-burra-granada-tuna\/","title":{"rendered":"Jab\u00f3n de Leche de Burra, Granada y Tuna 100g"},"content":{"rendered":"<p><strong>Funciones<\/strong>: Hidrata, antioxidante, nutre, exfolia ligeramente y deafirma.<br \/>\n<strong>Modo de empleo<\/strong>: Directo en la piel con suaves masajes hasta hacer espuma, dejar actuar unos minutos y enjuagar.<br \/>\n<strong>Extractos<\/strong>: Leche de burra, granda y tuna.<br \/>\n<strong>Recomendaciones<\/strong>: Piel seca y piel madura.<br \/>\n<strong>Aroma<\/strong>: Frutal c\u00edtrico.<br \/>\n<strong>Consistencia<\/strong>: S\u00f3lida.<br \/>\n<strong>INGREDIENTES<\/strong>:\u00a0Aceites vegetales, leche de burra org\u00e1nica, hidr\u00f3xido de sodio, karit\u00e9, vitamina E, extracto de granada, tuna, esencia de granada, \u00e1cido c\u00edtrico como conservador natural.<\/p>\n","protected":false},"excerpt":{"rendered":"<p><strong>100 g<\/strong><\/p>\n<p>La leche de burra org\u00e1nica es rica en minerales, vitaminas, amino\u00e1cidos y antioxidantes, que regeneran la piel da\u00f1ada, deshidratada y delicada. Nutre a profundidad, ideal para pieles maduras, la de bebes y personas con diabetes. Combate dermatitis, piel agrietada, alergias y comez\u00f3n.<br \/>\nLa Granada contiene antioxidantes que reafirman, combaten los da\u00f1os ocasionados por los radicales libres y regresan el brillo natural de la piel.<\/p>\n","protected":false},"featured_media":5258,"comment_status":"closed","ping_status":"closed","template":"","meta":[],"product_brand":[],"product_cat":[222,274,229,396,395],"product_tag":[],"class_list":{"0":"post-5257","1":"product","2":"type-product","3":"status-publish","4":"has-post-thumbnail","6":"product_cat-cuerpo","7":"product_cat-jabon-artesanal","8":"product_cat-regadera","9":"product_cat-vegano","10":"product_cat-vegetariano","12":"first","13":"instock","14":"shipping-taxable","15":"purchasable","16":"product-type-simple"},"_links":{"self":[{"href":"https:\/\/makua.com.mx\/eshop\/wp-json\/wp\/v2\/product\/5257","targetHints":{"allow":["GET"]}}],"collection":[{"href":"https:\/\/makua.com.mx\/eshop\/wp-json\/wp\/v2\/product"}],"about":[{"href":"https:\/\/makua.com.mx\/eshop\/wp-json\/wp\/v2\/types\/product"}],"replies":[{"embeddable":true,"href":"https:\/\/makua.com.mx\/eshop\/wp-json\/wp\/v2\/comments?post=5257"}],"wp:featuredmedia":[{"embeddable":true,"href":"https:\/\/makua.com.mx\/eshop\/wp-json\/wp\/v2\/media\/5258"}],"wp:attachment":[{"href":"https:\/\/makua.com.mx\/eshop\/wp-json\/wp\/v2\/media?parent=5257"}],"wp:term":[{"taxonomy":"product_brand","embeddable":true,"href":"https:\/\/makua.com.mx\/eshop\/wp-json\/wp\/v2\/product_brand?post=5257"},{"taxonomy":"product_cat","embeddable":true,"href":"https:\/\/makua.com.mx\/eshop\/wp-json\/wp\/v2\/product_cat?post=5257"},{"taxonomy":"product_tag","embeddable":true,"href":"https:\/\/makua.com.mx\/eshop\/wp-json\/wp\/v2\/product_tag?post=5257"}],"curies":[{"name":"wp","href":"https:\/\/api.w.org\/{rel}","templated":true}]}}