{"id":5174,"date":"2022-07-12T03:47:36","date_gmt":"2022-07-12T03:47:36","guid":{"rendered":"https:\/\/makua.com.mx\/eshop\/?post_type=product&#038;p=5174"},"modified":"2025-01-25T03:09:41","modified_gmt":"2025-01-25T03:09:41","slug":"crema-facial-de-cempasuchil","status":"publish","type":"product","link":"https:\/\/makua.com.mx\/eshop\/producto\/crema-facial-de-cempasuchil\/","title":{"rendered":"Crema Facial de Cempas\u00fachil 50g"},"content":{"rendered":"<p><strong>Funciones<\/strong>: Para piel muy seca y madura, aporta hidrataci\u00f3n y disminuye las l\u00edneas de expresi\u00f3n.<br \/>\n<strong>Modo de empleo<\/strong>: Aplicar en rostro limpio con movimientos verticales del ment\u00f3n hacia arriba.<br \/>\n<strong>Extractos<\/strong>: Cempas\u00fachil, Manteca de Karit\u00e9 Hongo Reishi y Vitamina E.<br \/>\n<strong>Recomendaciones<\/strong>: Para pieles maduras y secas\u2028.<br \/>\n<strong>Aroma<\/strong>: C\u00edtrico.<br \/>\n<strong>Consistencia<\/strong>: Cremosa\u2028.<br \/>\n<strong>Ingredientes<\/strong>: Agua destilada, Decyl Oleate, Alcohol Cetestoar\u00edlico, Capric Triglyceride, Manteca de Karit\u00e9, Monoesterato de Glicerilo, Extracto de Hongo Reishi, Extracto de Cempas\u00fachil, Aceite de Macadamia, Vitamina E, Aceite Esencial de Lemongrass, \u00c1cido C\u00edtrico como conservador.<\/p>\n","protected":false},"excerpt":{"rendered":"<p><b>Crema Facial de Cempas\u00fachitl Herbolog\u00eda Azteca<\/b><br \/>\n<br \/>\n<strong>La flor de Cempas\u00fachil era considerada una flor sagrada en la Herbolog\u00eda Azteca<\/strong>, y tiene muchas propiedades antioxidantes que nutren e hidratan profundamente la piel. Su extracto combate los da\u00f1os que ocasiona la contaminaci\u00f3n ambiental y los radicales libres.<br \/>\nContiene Vitamina E y Manteca de Karit\u00e9 que hidratan y protegen la piel, son emolientes y antioxidantes.<\/p>\n<p><strong>El Hongo Reishi elimina las toxinas y estimula la producci\u00f3n de c\u00e9lulas nuevas<\/strong>, ayuda a reparar el da\u00f1o causado por los rayos UV, radicales libres y retrasa el envejecimiento cut\u00e1neo.<\/p>\n","protected":false},"featured_media":5184,"comment_status":"closed","ping_status":"closed","template":"","meta":[],"product_brand":[],"product_cat":[228,248,396],"product_tag":[],"class_list":{"0":"post-5174","1":"product","2":"type-product","3":"status-publish","4":"has-post-thumbnail","6":"product_cat-cara","7":"product_cat-crema-facial","8":"product_cat-vegano","10":"first","11":"instock","12":"shipping-taxable","13":"purchasable","14":"product-type-simple"},"_links":{"self":[{"href":"https:\/\/makua.com.mx\/eshop\/wp-json\/wp\/v2\/product\/5174","targetHints":{"allow":["GET"]}}],"collection":[{"href":"https:\/\/makua.com.mx\/eshop\/wp-json\/wp\/v2\/product"}],"about":[{"href":"https:\/\/makua.com.mx\/eshop\/wp-json\/wp\/v2\/types\/product"}],"replies":[{"embeddable":true,"href":"https:\/\/makua.com.mx\/eshop\/wp-json\/wp\/v2\/comments?post=5174"}],"wp:featuredmedia":[{"embeddable":true,"href":"https:\/\/makua.com.mx\/eshop\/wp-json\/wp\/v2\/media\/5184"}],"wp:attachment":[{"href":"https:\/\/makua.com.mx\/eshop\/wp-json\/wp\/v2\/media?parent=5174"}],"wp:term":[{"taxonomy":"product_brand","embeddable":true,"href":"https:\/\/makua.com.mx\/eshop\/wp-json\/wp\/v2\/product_brand?post=5174"},{"taxonomy":"product_cat","embeddable":true,"href":"https:\/\/makua.com.mx\/eshop\/wp-json\/wp\/v2\/product_cat?post=5174"},{"taxonomy":"product_tag","embeddable":true,"href":"https:\/\/makua.com.mx\/eshop\/wp-json\/wp\/v2\/product_tag?post=5174"}],"curies":[{"name":"wp","href":"https:\/\/api.w.org\/{rel}","templated":true}]}}