{"id":4767,"date":"2021-02-03T20:37:57","date_gmt":"2021-02-03T20:37:57","guid":{"rendered":"https:\/\/makua.com.mx\/eshop\/?post_type=product&#038;p=4767"},"modified":"2025-01-25T03:12:12","modified_gmt":"2025-01-25T03:12:12","slug":"jabon-artesanal-miel-tea-tree","status":"publish","type":"product","link":"https:\/\/makua.com.mx\/eshop\/producto\/jabon-artesanal-miel-tea-tree\/","title":{"rendered":"Jab\u00f3n de miel con Tea Tree"},"content":{"rendered":"<p><strong>Funciones<\/strong>: Anti-acn\u00e9, disminuye poros abiertos y obstruidos, regula exceso de grasa en el cutis, cicatrizante.<br \/>\n<strong>Modo de empleo<\/strong>: Directo en la piel con suaves masajes hasta hacer espuma, dejar actuar unos minutos y enjuagar.\u2028<br \/>\n<strong>Extractos<\/strong>: Miel y Tea Tree.\u2028<br \/>\n<strong>Recomendaciones<\/strong>: Piel mixta a grasa.<br \/>\n<strong>Aroma<\/strong>: Fresco y penetrante.<br \/>\n<strong>Consistencia<\/strong>: S\u00f3lida.<br \/>\n<strong>INGREDIENTES<\/strong>:\u00a0Aceites vegetales, agua destilada, Hidr\u00f3xido de Sodio, mezcla de aceites esenciales, aceite esencial de Tea Tree, miel org\u00e1nica, y conservador natural.<\/p>\n","protected":false},"excerpt":{"rendered":"<p>Es un jab\u00f3n que limpia, desinfecta y nutre. La miel mata bacterias, promueve una buena cicatrizaci\u00f3n y suaviza la piel. El aceite esencial de Tea Tree, es antis\u00e9ptico, disminuye espinillas, purifica, previene poros obstruidos y minimiza su apariencia.<\/p>\n","protected":false},"featured_media":4769,"comment_status":"closed","ping_status":"closed","template":"","meta":[],"product_brand":[],"product_cat":[222,274,396,395],"product_tag":[],"class_list":{"0":"post-4767","1":"product","2":"type-product","3":"status-publish","4":"has-post-thumbnail","6":"product_cat-cuerpo","7":"product_cat-jabon-artesanal","8":"product_cat-vegano","9":"product_cat-vegetariano","10":"product_shipping_class-mensajeria","12":"first","13":"instock","14":"shipping-taxable","15":"purchasable","16":"product-type-simple"},"_links":{"self":[{"href":"https:\/\/makua.com.mx\/eshop\/wp-json\/wp\/v2\/product\/4767","targetHints":{"allow":["GET"]}}],"collection":[{"href":"https:\/\/makua.com.mx\/eshop\/wp-json\/wp\/v2\/product"}],"about":[{"href":"https:\/\/makua.com.mx\/eshop\/wp-json\/wp\/v2\/types\/product"}],"replies":[{"embeddable":true,"href":"https:\/\/makua.com.mx\/eshop\/wp-json\/wp\/v2\/comments?post=4767"}],"wp:featuredmedia":[{"embeddable":true,"href":"https:\/\/makua.com.mx\/eshop\/wp-json\/wp\/v2\/media\/4769"}],"wp:attachment":[{"href":"https:\/\/makua.com.mx\/eshop\/wp-json\/wp\/v2\/media?parent=4767"}],"wp:term":[{"taxonomy":"product_brand","embeddable":true,"href":"https:\/\/makua.com.mx\/eshop\/wp-json\/wp\/v2\/product_brand?post=4767"},{"taxonomy":"product_cat","embeddable":true,"href":"https:\/\/makua.com.mx\/eshop\/wp-json\/wp\/v2\/product_cat?post=4767"},{"taxonomy":"product_tag","embeddable":true,"href":"https:\/\/makua.com.mx\/eshop\/wp-json\/wp\/v2\/product_tag?post=4767"}],"curies":[{"name":"wp","href":"https:\/\/api.w.org\/{rel}","templated":true}]}}