{"id":4765,"date":"2021-02-03T20:33:49","date_gmt":"2021-02-03T20:33:49","guid":{"rendered":"https:\/\/makua.com.mx\/eshop\/?post_type=product&#038;p=4765"},"modified":"2021-10-09T02:45:23","modified_gmt":"2021-10-09T02:45:23","slug":"jabon-de-cafe-con-naranja","status":"publish","type":"product","link":"https:\/\/makua.com.mx\/eshop\/producto\/jabon-de-cafe-con-naranja\/","title":{"rendered":"Jab\u00f3n de caf\u00e9 con naranja 100g"},"content":{"rendered":"<p><strong>Funciones<\/strong>: Es estimulante, exfoliante, disminuye la piel de naranja y fomenta la alegr\u00eda.\u2028<br \/>\n<strong>Modo de empleo<\/strong>: Directo en la piel con suaves masajes hasta hacer espuma, dejar actuar unos minutos y enjuagar.<br \/>\n<strong>Extractos<\/strong>: Caf\u00e9 y naranja.<br \/>\n<strong>Recomendaciones<\/strong>: Para todo tipo de piel.<br \/>\n<strong>Aroma<\/strong>: Fresco y penetrante.<br \/>\n<strong>Consistencia<\/strong>: S\u00f3lida.<br \/>\n<strong>INGREDIENTES<\/strong>:\u00a0Aceites vegetales, agua destilada, Hidr\u00f3xido de Sodio, karit\u00e9, vitamina E, mezcla de aceites esenciales, aceite esencial de naranja, fragancia, caf\u00e9 org\u00e1nico, y conservador natural.<\/p>\n","protected":false},"excerpt":{"rendered":"<p>Un jab\u00f3n estimulante y exfoliante con un aroma exquisito de caf\u00e9 con naranja, ideal para comenzar el d\u00eda alegre y motivado.<br \/>\nEl caf\u00e9 y la naranja disminuyen la piel de naranja eliminan las c\u00e9lulas muertas, regresando luminosidad y brillo.<br \/>\nSu aromaterapia fomenta la alegr\u00eda y bienestar, mejorando la circulaci\u00f3n.<\/p>\n","protected":false},"featured_media":4779,"comment_status":"closed","ping_status":"closed","template":"","meta":[],"product_brand":[],"product_cat":[222,274],"product_tag":[],"class_list":{"0":"post-4765","1":"product","2":"type-product","3":"status-publish","4":"has-post-thumbnail","6":"product_cat-cuerpo","7":"product_cat-jabon-artesanal","8":"product_shipping_class-mensajeria","10":"first","11":"instock","12":"shipping-taxable","13":"purchasable","14":"product-type-simple"},"_links":{"self":[{"href":"https:\/\/makua.com.mx\/eshop\/wp-json\/wp\/v2\/product\/4765","targetHints":{"allow":["GET"]}}],"collection":[{"href":"https:\/\/makua.com.mx\/eshop\/wp-json\/wp\/v2\/product"}],"about":[{"href":"https:\/\/makua.com.mx\/eshop\/wp-json\/wp\/v2\/types\/product"}],"replies":[{"embeddable":true,"href":"https:\/\/makua.com.mx\/eshop\/wp-json\/wp\/v2\/comments?post=4765"}],"wp:featuredmedia":[{"embeddable":true,"href":"https:\/\/makua.com.mx\/eshop\/wp-json\/wp\/v2\/media\/4779"}],"wp:attachment":[{"href":"https:\/\/makua.com.mx\/eshop\/wp-json\/wp\/v2\/media?parent=4765"}],"wp:term":[{"taxonomy":"product_brand","embeddable":true,"href":"https:\/\/makua.com.mx\/eshop\/wp-json\/wp\/v2\/product_brand?post=4765"},{"taxonomy":"product_cat","embeddable":true,"href":"https:\/\/makua.com.mx\/eshop\/wp-json\/wp\/v2\/product_cat?post=4765"},{"taxonomy":"product_tag","embeddable":true,"href":"https:\/\/makua.com.mx\/eshop\/wp-json\/wp\/v2\/product_tag?post=4765"}],"curies":[{"name":"wp","href":"https:\/\/api.w.org\/{rel}","templated":true}]}}