{"id":4712,"date":"2021-01-15T22:56:29","date_gmt":"2021-01-15T22:56:29","guid":{"rendered":"https:\/\/makua.com.mx\/eshop\/?post_type=product&#038;p=4712"},"modified":"2025-01-13T20:52:05","modified_gmt":"2025-01-13T20:52:05","slug":"perfume-lavanda","status":"publish","type":"product","link":"https:\/\/makua.com.mx\/eshop\/producto\/perfume-lavanda\/","title":{"rendered":"Perfume de Lavanda y Lim\u00f3n Amarillo 125g"},"content":{"rendered":"<p><strong>Funciones<\/strong>: Perfuma el cuerpo y el cabello sin secarlo.<br \/>\n<strong>Modo de empleo<\/strong>: Aplicar en cuerpo y \/o cabello.<br \/>\n<strong>Ingrediente Activo<\/strong>: Aceite esencial de lavanda y lim\u00f3n amarillo.<br \/>\n<strong>Recomendaciones<\/strong>: Todo tipo de piel.<br \/>\n<strong>Aroma<\/strong>: Floral c\u00edtrico.<br \/>\n<strong>Ingredientes<\/strong>: Agua destilada, alcohol et\u00edlico, aceite esencial de lavanda y lim\u00f3n, fragancia.<\/p>\n","protected":false},"excerpt":{"rendered":"<p>Aroma c\u00edtrico con lavanda, el lim\u00f3n amarillo levanta el \u00e1nimo, fomenta la alegr\u00eda \u2026 la lavanda disminuye sentimientos de estr\u00e9s , relaja y propicia una comunicaci\u00f3n sincera.<\/p>\n","protected":false},"featured_media":4566,"comment_status":"closed","ping_status":"closed","template":"","meta":[],"product_brand":[],"product_cat":[259,222,363],"product_tag":[],"class_list":{"0":"post-4712","1":"product","2":"type-product","3":"status-publish","4":"has-post-thumbnail","6":"product_cat-body-spray","7":"product_cat-cuerpo","8":"product_cat-rocio-medicinal","9":"product_shipping_class-mensajeria","11":"first","12":"instock","13":"shipping-taxable","14":"purchasable","15":"product-type-simple"},"_links":{"self":[{"href":"https:\/\/makua.com.mx\/eshop\/wp-json\/wp\/v2\/product\/4712","targetHints":{"allow":["GET"]}}],"collection":[{"href":"https:\/\/makua.com.mx\/eshop\/wp-json\/wp\/v2\/product"}],"about":[{"href":"https:\/\/makua.com.mx\/eshop\/wp-json\/wp\/v2\/types\/product"}],"replies":[{"embeddable":true,"href":"https:\/\/makua.com.mx\/eshop\/wp-json\/wp\/v2\/comments?post=4712"}],"wp:featuredmedia":[{"embeddable":true,"href":"https:\/\/makua.com.mx\/eshop\/wp-json\/wp\/v2\/media\/4566"}],"wp:attachment":[{"href":"https:\/\/makua.com.mx\/eshop\/wp-json\/wp\/v2\/media?parent=4712"}],"wp:term":[{"taxonomy":"product_brand","embeddable":true,"href":"https:\/\/makua.com.mx\/eshop\/wp-json\/wp\/v2\/product_brand?post=4712"},{"taxonomy":"product_cat","embeddable":true,"href":"https:\/\/makua.com.mx\/eshop\/wp-json\/wp\/v2\/product_cat?post=4712"},{"taxonomy":"product_tag","embeddable":true,"href":"https:\/\/makua.com.mx\/eshop\/wp-json\/wp\/v2\/product_tag?post=4712"}],"curies":[{"name":"wp","href":"https:\/\/api.w.org\/{rel}","templated":true}]}}