{"id":4639,"date":"2021-01-14T18:53:12","date_gmt":"2021-01-14T18:53:12","guid":{"rendered":"https:\/\/makua.com.mx\/eshop\/?post_type=product&#038;p=4639"},"modified":"2022-10-12T00:30:04","modified_gmt":"2022-10-12T00:30:04","slug":"crema-y-perfume-solido-de-te-verde","status":"publish","type":"product","link":"https:\/\/makua.com.mx\/eshop\/producto\/crema-y-perfume-solido-de-te-verde\/","title":{"rendered":"Crema y Perfume S\u00f3lido de T\u00e9 Verde 75g"},"content":{"rendered":"<p><strong>Funciones<\/strong>: Hidrata y perfuma la piel. Es antioxidante.\u2028<br \/>\n<strong>Modo de empleo<\/strong>: Aplicar directo en la piel, con masaje circular, guardar en lugares secos y frescos evitando el sol directo.<br \/>\n<strong>Ingrediente Activo<\/strong>: Extracto de T\u00e9 verde.<br \/>\n<strong>Recomendaciones<\/strong>: Todo tipo de piel.<br \/>\n<strong>Aroma<\/strong>: Fresco.<br \/>\n<strong>Ingredientes<\/strong>: Cera de abeja, de candelilla, manteca de cacao, aceite de olivo prensado en fr\u00edo, extracto de t\u00e9 verde, fragancia y conservador natural.<\/p>\n","protected":false},"excerpt":{"rendered":"<p>Con extracto de t\u00e9 verde para reconfortar la piel, rico en vitamina C, E, y antioxidantes, es antiinflamatorio y antibacteriano, hidrata la piel sin dejarla grasosa. Contiene mantecas vegetales de cacao, karit\u00e9 y cera de abeja para nutrir y proteger la piel. Agregamos una fragancia deliciosa que te perfumar\u00e1 todo el d\u00eda.<\/p>\n","protected":false},"featured_media":4640,"comment_status":"closed","ping_status":"closed","template":"","meta":[],"product_brand":[],"product_cat":[362,222],"product_tag":[],"class_list":{"0":"post-4639","1":"product","2":"type-product","3":"status-publish","4":"has-post-thumbnail","6":"product_cat-crema-solida","7":"product_cat-cuerpo","8":"product_shipping_class-mensajeria","10":"first","11":"instock","12":"shipping-taxable","13":"purchasable","14":"product-type-simple"},"_links":{"self":[{"href":"https:\/\/makua.com.mx\/eshop\/wp-json\/wp\/v2\/product\/4639","targetHints":{"allow":["GET"]}}],"collection":[{"href":"https:\/\/makua.com.mx\/eshop\/wp-json\/wp\/v2\/product"}],"about":[{"href":"https:\/\/makua.com.mx\/eshop\/wp-json\/wp\/v2\/types\/product"}],"replies":[{"embeddable":true,"href":"https:\/\/makua.com.mx\/eshop\/wp-json\/wp\/v2\/comments?post=4639"}],"wp:featuredmedia":[{"embeddable":true,"href":"https:\/\/makua.com.mx\/eshop\/wp-json\/wp\/v2\/media\/4640"}],"wp:attachment":[{"href":"https:\/\/makua.com.mx\/eshop\/wp-json\/wp\/v2\/media?parent=4639"}],"wp:term":[{"taxonomy":"product_brand","embeddable":true,"href":"https:\/\/makua.com.mx\/eshop\/wp-json\/wp\/v2\/product_brand?post=4639"},{"taxonomy":"product_cat","embeddable":true,"href":"https:\/\/makua.com.mx\/eshop\/wp-json\/wp\/v2\/product_cat?post=4639"},{"taxonomy":"product_tag","embeddable":true,"href":"https:\/\/makua.com.mx\/eshop\/wp-json\/wp\/v2\/product_tag?post=4639"}],"curies":[{"name":"wp","href":"https:\/\/api.w.org\/{rel}","templated":true}]}}