{"id":4631,"date":"2021-01-14T18:35:57","date_gmt":"2021-01-14T18:35:57","guid":{"rendered":"https:\/\/makua.com.mx\/eshop\/?post_type=product&#038;p=4631"},"modified":"2026-04-03T22:12:39","modified_gmt":"2026-04-04T04:12:39","slug":"crema-facial-de-leche-de-burra-noche","status":"publish","type":"product","link":"https:\/\/makua.com.mx\/eshop\/producto\/crema-facial-de-leche-de-burra-noche\/","title":{"rendered":"Crema Rejuvenecimiento Leche de Burra (noche) 60g"},"content":{"rendered":"<p><strong>Funciones<\/strong>: Hidratante y  reafirmante<br \/>\n<strong>Modo de empleo<\/strong>: Aplicar en el rostro limpio, con movimientos verticales de abajo hacia arriba.<br \/>\n<strong>Extractos<\/strong>:\u00a0Aceite de baobab, mezcla de aromaterapia, cassia angustifolia, hongo reishi\u2028\u2028.<br \/>\n<strong>Recomendaciones<\/strong>: Para pieles maduras y deshidratadas, usar de noche.<br \/>\n<strong>Aroma<\/strong>: Fresco y C\u00edtrico.<br \/>\n<strong>Consistencia<\/strong>: Semi-s\u00f3lida.<br \/>\n<strong>INGREDIENTES<\/strong>:\u00a0Agua destilada, leche de burra org\u00e1nica, glyceryl stereate, decyl oleate, ayurveda cassia angustifolia, cera de candelilla, Vitamina E, extracto de tepescohuite, extracto de hongo reishi, extracto de t\u00e9 verde, manteca de cacao, manteca de karit\u00e9, aceite de macadamia extra\u00eddo en fr\u00edo, aceite de semilla de uva extra\u00eddo en fr\u00edo,  aceite de baobab, aceite esencial de Romero, de T\u00e9 de lim\u00f3n, Bergamota, Lavanda, \u00c1rbol de t\u00e9 y conservador org\u00e1nico.<\/p>\n","protected":false},"excerpt":{"rendered":"<p>Una mezcla herbolaria que aporta hidrataci\u00f3n y relajaci\u00f3n cut\u00e1nea. Se aplica de noche cuando la piel se regenera y esta m\u00e1s propensa a recibir nutrientes.\u2028 Entre varios extractos y aceites, esta el aceite de baobab que nutre, previene signos de la edad, es anti inflamatorio y promueve una buena cicatrizaci\u00f3n, la leche de burra que hidrata, regenera, es aclarante y rica en vitamina A., la cassia angustifolia, rica en vitaminas y minerales que combate las l\u00edneas de expresi\u00f3n, aporta luminosidad y firmeza a la piel.<\/p>\n","protected":false},"featured_media":7929,"comment_status":"closed","ping_status":"closed","template":"","meta":[],"product_brand":[],"product_cat":[228,248],"product_tag":[366],"class_list":{"0":"post-4631","1":"product","2":"type-product","3":"status-publish","4":"has-post-thumbnail","6":"product_cat-cara","7":"product_cat-crema-facial","8":"product_tag-vegetariano","9":"product_shipping_class-mensajeria","11":"first","12":"instock","13":"shipping-taxable","14":"purchasable","15":"product-type-simple"},"_links":{"self":[{"href":"https:\/\/makua.com.mx\/eshop\/wp-json\/wp\/v2\/product\/4631","targetHints":{"allow":["GET"]}}],"collection":[{"href":"https:\/\/makua.com.mx\/eshop\/wp-json\/wp\/v2\/product"}],"about":[{"href":"https:\/\/makua.com.mx\/eshop\/wp-json\/wp\/v2\/types\/product"}],"replies":[{"embeddable":true,"href":"https:\/\/makua.com.mx\/eshop\/wp-json\/wp\/v2\/comments?post=4631"}],"wp:featuredmedia":[{"embeddable":true,"href":"https:\/\/makua.com.mx\/eshop\/wp-json\/wp\/v2\/media\/7929"}],"wp:attachment":[{"href":"https:\/\/makua.com.mx\/eshop\/wp-json\/wp\/v2\/media?parent=4631"}],"wp:term":[{"taxonomy":"product_brand","embeddable":true,"href":"https:\/\/makua.com.mx\/eshop\/wp-json\/wp\/v2\/product_brand?post=4631"},{"taxonomy":"product_cat","embeddable":true,"href":"https:\/\/makua.com.mx\/eshop\/wp-json\/wp\/v2\/product_cat?post=4631"},{"taxonomy":"product_tag","embeddable":true,"href":"https:\/\/makua.com.mx\/eshop\/wp-json\/wp\/v2\/product_tag?post=4631"}],"curies":[{"name":"wp","href":"https:\/\/api.w.org\/{rel}","templated":true}]}}