{"id":4612,"date":"2021-01-08T16:24:41","date_gmt":"2021-01-08T16:24:41","guid":{"rendered":"https:\/\/makua.com.mx\/eshop\/?post_type=product&#038;p=4612"},"modified":"2022-10-12T00:53:58","modified_gmt":"2022-10-12T00:53:58","slug":"chilcuague","status":"publish","type":"product","link":"https:\/\/makua.com.mx\/eshop\/producto\/chilcuague\/","title":{"rendered":"Chilcuague 60ml"},"content":{"rendered":"<p><strong>Funciones:<\/strong> Desinfecta, purifica y alivia dolores de garganta y muelas.<br \/>\n<strong>Modo de empleo:<\/strong> Aplicar una vez debajo de la lengua, en el diente adolorido, en heridas y nunca directo en la garganta. Con un aplicaci\u00f3n es suficiente.<br \/>\n<strong>Recomendaciones:<\/strong> Todas las personas que no sean al\u00e9rgicas al Chilcuague.<br \/>\n<strong>Extractos:<\/strong>\u00a0Extracto de Chilcuague.<br \/>\n<strong>Aroma:<\/strong> Herbal.<br \/>\n<strong>Consistencia:<\/strong> L\u00edquida.<br \/>\n<strong>INGREDIENTES:<\/strong> Extracto de chilcuague, alcohol de ca\u00f1a grado alimenticio.<\/p>\n","protected":false},"excerpt":{"rendered":"<p>Llamada tambi\u00e9n ra\u00edz de oro es una medicina tradicional su nombre proviene del n\u00e1huatl y significa chile de mecate. Adormece la lengua y alivia dolor de muelas y garganta. Se usa para tratar infecci\u00f3n de garganta, faringitis, amigdalitis, laringitis, esofagitis, gingivitis y otras infecciones incluso en la piel es muy efectivo por sus propiedades antibi\u00f3ticas. Se puede aplicar tambi\u00e9n para desinfectar heridas.<\/p>\n<p>60ml<\/p>\n","protected":false},"featured_media":4537,"comment_status":"closed","ping_status":"closed","template":"","meta":[],"product_brand":[],"product_cat":[330],"product_tag":[],"class_list":{"0":"post-4612","1":"product","2":"type-product","3":"status-publish","4":"has-post-thumbnail","6":"product_cat-cuidado-personal","7":"product_shipping_class-mensajeria","9":"first","10":"instock","11":"shipping-taxable","12":"purchasable","13":"product-type-simple"},"_links":{"self":[{"href":"https:\/\/makua.com.mx\/eshop\/wp-json\/wp\/v2\/product\/4612","targetHints":{"allow":["GET"]}}],"collection":[{"href":"https:\/\/makua.com.mx\/eshop\/wp-json\/wp\/v2\/product"}],"about":[{"href":"https:\/\/makua.com.mx\/eshop\/wp-json\/wp\/v2\/types\/product"}],"replies":[{"embeddable":true,"href":"https:\/\/makua.com.mx\/eshop\/wp-json\/wp\/v2\/comments?post=4612"}],"wp:featuredmedia":[{"embeddable":true,"href":"https:\/\/makua.com.mx\/eshop\/wp-json\/wp\/v2\/media\/4537"}],"wp:attachment":[{"href":"https:\/\/makua.com.mx\/eshop\/wp-json\/wp\/v2\/media?parent=4612"}],"wp:term":[{"taxonomy":"product_brand","embeddable":true,"href":"https:\/\/makua.com.mx\/eshop\/wp-json\/wp\/v2\/product_brand?post=4612"},{"taxonomy":"product_cat","embeddable":true,"href":"https:\/\/makua.com.mx\/eshop\/wp-json\/wp\/v2\/product_cat?post=4612"},{"taxonomy":"product_tag","embeddable":true,"href":"https:\/\/makua.com.mx\/eshop\/wp-json\/wp\/v2\/product_tag?post=4612"}],"curies":[{"name":"wp","href":"https:\/\/api.w.org\/{rel}","templated":true}]}}