{"id":4235,"date":"2020-08-20T17:21:51","date_gmt":"2020-08-20T17:21:51","guid":{"rendered":"https:\/\/makua.com.mx\/eshop\/?post_type=product&#038;p=4235"},"modified":"2025-01-13T23:59:48","modified_gmt":"2025-01-13T23:59:48","slug":"shampoo-mango-papaya-y-naranja","status":"publish","type":"product","link":"https:\/\/makua.com.mx\/eshop\/producto\/shampoo-mango-papaya-y-naranja\/","title":{"rendered":"Shampoo Mango Papaya y Naranja"},"content":{"rendered":"<p><strong>Funciones<\/strong>:\u00a0Regenerador capilar.<br \/>\n<strong>Modo de empleo<\/strong>:\u00a0Aplicar directamente sobre el cuero cabelludo, masajear, dejar actuar unos minutos, retirar con abundante agua. Para mayores resultados complementa con el <a href=\"https:\/\/makua.com.mx\/eshop\/producto\/acondicionador-regenerador\/\">acondicionador<\/a> de Makua.<br \/>\n<strong>Extractos<\/strong>:\u00a0Mango, naranja y papaya.<br \/>\n<strong>Recomendaciones<\/strong>:\u00a0Para cabello opaco y sin vida.<br \/>\n<strong>Aroma<\/strong>:\u00a0C\u00edtrico-Frutal.<br \/>\n<strong>Consistencia<\/strong>:\u00a0L\u00edquida.<br \/>\n<strong>INGREDIENTES<\/strong>:\u00a0\u00a0Agua destilada, almid\u00f3n de ma\u00edz, coco Gluc\u00f3sido, Gliceril Oleate, \u00c1cido graso de coco, extracto de papaya, extracto de mango, extracto de aloe vera, extracto de Germen de trigo, extracto de Ginseng, aroma de naranja y extracto de semillas de c\u00edtricos como conservador org\u00e1nico.<\/p>\n","protected":false},"excerpt":{"rendered":"<p>Adem\u00e1s de jugosas frutas ex\u00f3ticas que absorben el exceso de grasa en el cuero cabelludo, agregamos extracto de ginseng que estimula el crecimiento y la calidad del cabello. Las propiedades del aloe vera limpian las impurezas elimin\u00e1ndolas con facilidad y reforzado con el germen de trigo nutre e hidrata devolviendo brillo al cabello opaco y sin vida.<\/p>\n<p>250g y 470g<\/p>\n","protected":false},"featured_media":5360,"comment_status":"open","ping_status":"closed","template":"","meta":[],"product_brand":[],"product_cat":[227,243],"product_tag":[],"class_list":{"0":"post-4235","1":"product","2":"type-product","3":"status-publish","4":"has-post-thumbnail","6":"product_cat-cabello","7":"product_cat-shampoo","8":"product_shipping_class-mensajeria","10":"first","11":"instock","12":"shipping-taxable","13":"purchasable","14":"product-type-variable"},"_links":{"self":[{"href":"https:\/\/makua.com.mx\/eshop\/wp-json\/wp\/v2\/product\/4235","targetHints":{"allow":["GET"]}}],"collection":[{"href":"https:\/\/makua.com.mx\/eshop\/wp-json\/wp\/v2\/product"}],"about":[{"href":"https:\/\/makua.com.mx\/eshop\/wp-json\/wp\/v2\/types\/product"}],"replies":[{"embeddable":true,"href":"https:\/\/makua.com.mx\/eshop\/wp-json\/wp\/v2\/comments?post=4235"}],"wp:featuredmedia":[{"embeddable":true,"href":"https:\/\/makua.com.mx\/eshop\/wp-json\/wp\/v2\/media\/5360"}],"wp:attachment":[{"href":"https:\/\/makua.com.mx\/eshop\/wp-json\/wp\/v2\/media?parent=4235"}],"wp:term":[{"taxonomy":"product_brand","embeddable":true,"href":"https:\/\/makua.com.mx\/eshop\/wp-json\/wp\/v2\/product_brand?post=4235"},{"taxonomy":"product_cat","embeddable":true,"href":"https:\/\/makua.com.mx\/eshop\/wp-json\/wp\/v2\/product_cat?post=4235"},{"taxonomy":"product_tag","embeddable":true,"href":"https:\/\/makua.com.mx\/eshop\/wp-json\/wp\/v2\/product_tag?post=4235"}],"curies":[{"name":"wp","href":"https:\/\/api.w.org\/{rel}","templated":true}]}}