{"id":4060,"date":"2020-07-02T18:30:52","date_gmt":"2020-07-02T18:30:52","guid":{"rendered":"https:\/\/makua.com.mx\/eshop\/?post_type=product&#038;p=4060"},"modified":"2025-01-13T22:39:07","modified_gmt":"2025-01-13T22:39:07","slug":"jabon-crema-canela","status":"publish","type":"product","link":"https:\/\/makua.com.mx\/eshop\/producto\/jabon-crema-canela\/","title":{"rendered":"Jab\u00f3n Crema Canela 90g"},"content":{"rendered":"<p><strong>Funciones<\/strong>:Activa la circulaci\u00f3n es afrodis\u00edaco.<br \/>\n<strong>Modo de empleo<\/strong>: Aplicar directo sobre las piernas con suaves masajes circulares hasta su completa absorci\u00f3n, enjuagar.<br \/>\n<strong>Extractos<\/strong>: Aceite Esencial de Canela<br \/>\n<strong>Recomendaciones<\/strong>: Piernas con problemas de circulaci\u00f3n<br \/>\n<strong>Aroma<\/strong>: A especias<br \/>\n<strong>Consistencia<\/strong>: S\u00f3lida.<br \/>\n<strong>INGREDIENTES<\/strong>: Aceites vegetales saponificados, gilcerina vegetal, aceite esencial de canela, mezcla de extractos c\u00edtricos como conservador natural org\u00e1nico.<\/p>\n","protected":false},"excerpt":{"rendered":"<p>Excelente para reactivar la circulaci\u00f3n. El aceite esencial de canela ayuda a regular la temperatura corporal en tiempos de fr\u00edo ya que es un aceite c\u00e1lido, es antis\u00e9ptico y antioxidante. Su aromaterapia disminuye el estr\u00e9s y dolores musculares.<\/p>\n","protected":false},"featured_media":4524,"comment_status":"closed","ping_status":"closed","template":"","meta":[],"product_brand":[],"product_cat":[228,310,229],"product_tag":[269,365,366],"class_list":{"0":"post-4060","1":"product","2":"type-product","3":"status-publish","4":"has-post-thumbnail","6":"product_cat-cara","7":"product_cat-jabon-efecto-crema","8":"product_cat-regadera","9":"product_tag-canela","10":"product_tag-vegano","11":"product_tag-vegetariano","12":"product_shipping_class-mensajeria","14":"first","15":"instock","16":"shipping-taxable","17":"purchasable","18":"product-type-simple"},"_links":{"self":[{"href":"https:\/\/makua.com.mx\/eshop\/wp-json\/wp\/v2\/product\/4060","targetHints":{"allow":["GET"]}}],"collection":[{"href":"https:\/\/makua.com.mx\/eshop\/wp-json\/wp\/v2\/product"}],"about":[{"href":"https:\/\/makua.com.mx\/eshop\/wp-json\/wp\/v2\/types\/product"}],"replies":[{"embeddable":true,"href":"https:\/\/makua.com.mx\/eshop\/wp-json\/wp\/v2\/comments?post=4060"}],"wp:featuredmedia":[{"embeddable":true,"href":"https:\/\/makua.com.mx\/eshop\/wp-json\/wp\/v2\/media\/4524"}],"wp:attachment":[{"href":"https:\/\/makua.com.mx\/eshop\/wp-json\/wp\/v2\/media?parent=4060"}],"wp:term":[{"taxonomy":"product_brand","embeddable":true,"href":"https:\/\/makua.com.mx\/eshop\/wp-json\/wp\/v2\/product_brand?post=4060"},{"taxonomy":"product_cat","embeddable":true,"href":"https:\/\/makua.com.mx\/eshop\/wp-json\/wp\/v2\/product_cat?post=4060"},{"taxonomy":"product_tag","embeddable":true,"href":"https:\/\/makua.com.mx\/eshop\/wp-json\/wp\/v2\/product_tag?post=4060"}],"curies":[{"name":"wp","href":"https:\/\/api.w.org\/{rel}","templated":true}]}}