{"id":3145,"date":"2020-05-14T23:58:31","date_gmt":"2020-05-14T23:58:31","guid":{"rendered":"https:\/\/makua.com.mx\/eshop\/?post_type=product&#038;p=3145"},"modified":"2025-01-13T22:35:31","modified_gmt":"2025-01-13T22:35:31","slug":"exfoliante-corporal-verbena","status":"publish","type":"product","link":"https:\/\/makua.com.mx\/eshop\/producto\/exfoliante-corporal-verbena\/","title":{"rendered":"Exfoliante Corporal de Verbena 150g"},"content":{"rendered":"<p><strong>Funciones<\/strong>: Estimulante an\u00edmico que combate estr\u00e9s y sentimientos de tristeza, nutre la piel.<br \/>\n<strong>Modo de empleo<\/strong>: Aplicar sobre la piel h\u00fameda con masajes circulares, dejar actuar y enjuagar.<br \/>\n<strong>Extractos<\/strong>:\u00a0Aceite esencial puro de Verbena.<br \/>\n<strong>Recomendaciones<\/strong>: Para todo tipo de piel.<br \/>\n<strong>Aroma<\/strong>: C\u00edtrico.<br \/>\n<strong>Consistencia<\/strong>: Semi-s\u00f3lida<br \/>\n<strong>INGREDIENTES<\/strong>:\u00a0Aceite de Coco,  Arroz Molido, Sal de Mar, Macadamia en Polvo, Az\u00facar Moscabada,  Aceite Esencial de Verbena y  Lemongrass, y Conservador Org\u00e1nico.<\/p>\n","protected":false},"excerpt":{"rendered":"<p>Excelente para eliminar c\u00e9lulas muertas, iluminar piel opaca, es un poderoso relajante muscular. Gracias al Aceite esencial de verbena nutre la piel, vitamina y es un estimulante an\u00edmico que combate estr\u00e9s, pensamientos negativos o tristes, fatiga cr\u00f3nica  y agotamiento.<\/p>\n","protected":false},"featured_media":4592,"comment_status":"closed","ping_status":"closed","template":"","meta":[],"product_brand":[],"product_cat":[222,272],"product_tag":[365,261],"class_list":{"0":"post-3145","1":"product","2":"type-product","3":"status-publish","4":"has-post-thumbnail","6":"product_cat-cuerpo","7":"product_cat-exfoliante","8":"product_tag-vegano","9":"product_tag-verbena","10":"product_shipping_class-mensajeria","12":"first","13":"instock","14":"shipping-taxable","15":"purchasable","16":"product-type-simple"},"_links":{"self":[{"href":"https:\/\/makua.com.mx\/eshop\/wp-json\/wp\/v2\/product\/3145","targetHints":{"allow":["GET"]}}],"collection":[{"href":"https:\/\/makua.com.mx\/eshop\/wp-json\/wp\/v2\/product"}],"about":[{"href":"https:\/\/makua.com.mx\/eshop\/wp-json\/wp\/v2\/types\/product"}],"replies":[{"embeddable":true,"href":"https:\/\/makua.com.mx\/eshop\/wp-json\/wp\/v2\/comments?post=3145"}],"wp:featuredmedia":[{"embeddable":true,"href":"https:\/\/makua.com.mx\/eshop\/wp-json\/wp\/v2\/media\/4592"}],"wp:attachment":[{"href":"https:\/\/makua.com.mx\/eshop\/wp-json\/wp\/v2\/media?parent=3145"}],"wp:term":[{"taxonomy":"product_brand","embeddable":true,"href":"https:\/\/makua.com.mx\/eshop\/wp-json\/wp\/v2\/product_brand?post=3145"},{"taxonomy":"product_cat","embeddable":true,"href":"https:\/\/makua.com.mx\/eshop\/wp-json\/wp\/v2\/product_cat?post=3145"},{"taxonomy":"product_tag","embeddable":true,"href":"https:\/\/makua.com.mx\/eshop\/wp-json\/wp\/v2\/product_tag?post=3145"}],"curies":[{"name":"wp","href":"https:\/\/api.w.org\/{rel}","templated":true}]}}