{"id":2798,"date":"2020-03-16T05:14:15","date_gmt":"2020-03-16T05:14:15","guid":{"rendered":"https:\/\/makua.com.mx\/eshop\/?post_type=product&#038;p=2798"},"modified":"2025-01-14T00:25:42","modified_gmt":"2025-01-14T00:25:42","slug":"shampoo-intimo-doncella","status":"publish","type":"product","link":"https:\/\/makua.com.mx\/eshop\/producto\/shampoo-intimo-doncella\/","title":{"rendered":"Shampoo \u00cdntimo pH 4.5 Doncella 125g"},"content":{"rendered":"<p><strong>Funciones<\/strong>: Purifica y mantiene el equilibrio natural vaginal durante los d\u00edas sin flujo menstrual.<br \/>\n<strong>Modo de empleo<\/strong>: Aplicar una gota en la zona \u00edntima, enjuagar.<br \/>\n<strong>Extractos<\/strong>: Cal\u00e9ndula, Tepezcohuite, Or\u00e9gano, Tomillo y Heliopsis.<br \/>\n<strong>Recomendaciones<\/strong>: Zona \u00edntima.<br \/>\n<strong>Aroma<\/strong>: Fresca y herbal.<br \/>\n<strong>Consistencia<\/strong>: L\u00edquida.<br \/>\n<strong>INGREDIENTES<\/strong>: Agua destilada, Lauril Glucoside, Coco-Glucoside, Dicaprylyl Ether, Decyl Glucoside, Glyceryl Oleate, Goma Guar, extracto de cal\u00e9ndula, extracto de Tepezcohuite, extracto de tomillo, extracto de or\u00e9gano, extracto de Heliopsis, Glicerina Vegetal, \u00c1cido L\u00e1ctico, aceite esencial de lavanda y naranja, conservador org\u00e1nico.<\/p>\n","protected":false},"excerpt":{"rendered":"<p>Con el pH ajustado para no interrumpir el equilibrio natural vaginal durante los d\u00edas sin flujo menstrual. Con extractos de Cal\u00e9ndula, Tepezcohuite, or\u00e9gano, tomillo y Heliopsis, que hidratan aportando salud y frescura en la zona \u00edntima sin alterar la flora vaginal.<\/p>\n","protected":false},"featured_media":4530,"comment_status":"closed","ping_status":"closed","template":"","meta":[],"product_brand":[],"product_cat":[222,330,348],"product_tag":[],"class_list":{"0":"post-2798","1":"product","2":"type-product","3":"status-publish","4":"has-post-thumbnail","6":"product_cat-cuerpo","7":"product_cat-cuidado-personal","8":"product_cat-shampoo-intimo","9":"product_shipping_class-mensajeria","11":"first","12":"instock","13":"shipping-taxable","14":"purchasable","15":"product-type-simple"},"_links":{"self":[{"href":"https:\/\/makua.com.mx\/eshop\/wp-json\/wp\/v2\/product\/2798","targetHints":{"allow":["GET"]}}],"collection":[{"href":"https:\/\/makua.com.mx\/eshop\/wp-json\/wp\/v2\/product"}],"about":[{"href":"https:\/\/makua.com.mx\/eshop\/wp-json\/wp\/v2\/types\/product"}],"replies":[{"embeddable":true,"href":"https:\/\/makua.com.mx\/eshop\/wp-json\/wp\/v2\/comments?post=2798"}],"wp:featuredmedia":[{"embeddable":true,"href":"https:\/\/makua.com.mx\/eshop\/wp-json\/wp\/v2\/media\/4530"}],"wp:attachment":[{"href":"https:\/\/makua.com.mx\/eshop\/wp-json\/wp\/v2\/media?parent=2798"}],"wp:term":[{"taxonomy":"product_brand","embeddable":true,"href":"https:\/\/makua.com.mx\/eshop\/wp-json\/wp\/v2\/product_brand?post=2798"},{"taxonomy":"product_cat","embeddable":true,"href":"https:\/\/makua.com.mx\/eshop\/wp-json\/wp\/v2\/product_cat?post=2798"},{"taxonomy":"product_tag","embeddable":true,"href":"https:\/\/makua.com.mx\/eshop\/wp-json\/wp\/v2\/product_tag?post=2798"}],"curies":[{"name":"wp","href":"https:\/\/api.w.org\/{rel}","templated":true}]}}