{"id":2775,"date":"2020-04-04T02:10:55","date_gmt":"2020-04-04T02:10:55","guid":{"rendered":"https:\/\/makua.com.mx\/eshop\/?post_type=product&#038;p=2775"},"modified":"2020-11-13T22:56:31","modified_gmt":"2020-11-13T22:56:31","slug":"kit-covid19","status":"publish","type":"product","link":"https:\/\/makua.com.mx\/eshop\/producto\/kit-covid19\/","title":{"rendered":"Kit COVID 19"},"content":{"rendered":"<p><strong>Funciones<\/strong>: Mantiene libre de virus las manos y cuerpo, sin maltratar la piel, contiene aceites esenciales, emolientes naturales que protegen y embellecen la piel. Tambi\u00e9n armonizan los sentidos.<br \/>\n<strong>Modo de empleo<\/strong>: Gel se puede aplicar directamente en la piel, igual que el jab\u00f3n, el spray se puede aplicar en la ropa, superficies y en el cuerpo.<br \/>\n<strong>Extractos<\/strong>:\u00a0Eucalipto, lavanda, Tea Tree y t\u00e9 de lim\u00f3n.<br \/>\n<strong>Recomendaciones<\/strong>: Desinfecta las manos, superficies, ropa y cuerpo.<br \/>\n<strong>Aroma<\/strong>: Fresco.<br \/>\n<strong>Consistencia<\/strong>: Un gel, un spray l\u00edquido y un jab\u00f3n s\u00f3lido.<br \/>\n<strong>Ingredientes: <\/strong><\/p>\n<p><strong>Gel<\/strong>: Alcohol Et\u00edlico 75%, Carb\u00f3meros, Glicerina Vegetal, Propilenglicol, Alo\u00e9 Vera, Aceite Esencial de Eucalipto, Lavanda y \u00c1rbol de t\u00e9.<\/p>\n<p><strong>Spray Sanitizante<\/strong>: Alcohol Et\u00edlico 85%, Glicerina Vegetal, Alo\u00e9 Vera, Aceite Esencial de Eucalipto, Lavanda y \u00c1rbol de t\u00e9, piedra alumbre, extractos c\u00edtricos como conservador natural.<\/p>\n<p><strong>Jab\u00f3n artesanal de Eucalipto<\/strong>: Aceites vegetales, agua destilada, hidr\u00f3xido de sodio, karit\u00e9, vitamina E, aceite esencial de eucalipto, hojas de eucalipto seco, extracto de toronja como conservador natural.<\/p>\n<p>&nbsp;<\/p>\n","protected":false},"excerpt":{"rendered":"<p>1. Gel Antibacterial<\/p>\n<p>2. Spray Sanitizante<\/p>\n<p>3. Jab\u00f3n artesanal de Eucalipto<\/p>\n","protected":false},"featured_media":2778,"comment_status":"closed","ping_status":"closed","template":"","meta":[],"product_brand":[],"product_cat":[330],"product_tag":[],"class_list":{"0":"post-2775","1":"product","2":"type-product","3":"status-publish","4":"has-post-thumbnail","6":"product_cat-cuidado-personal","8":"first","9":"instock","10":"shipping-taxable","11":"purchasable","12":"product-type-simple"},"_links":{"self":[{"href":"https:\/\/makua.com.mx\/eshop\/wp-json\/wp\/v2\/product\/2775","targetHints":{"allow":["GET"]}}],"collection":[{"href":"https:\/\/makua.com.mx\/eshop\/wp-json\/wp\/v2\/product"}],"about":[{"href":"https:\/\/makua.com.mx\/eshop\/wp-json\/wp\/v2\/types\/product"}],"replies":[{"embeddable":true,"href":"https:\/\/makua.com.mx\/eshop\/wp-json\/wp\/v2\/comments?post=2775"}],"wp:featuredmedia":[{"embeddable":true,"href":"https:\/\/makua.com.mx\/eshop\/wp-json\/wp\/v2\/media\/2778"}],"wp:attachment":[{"href":"https:\/\/makua.com.mx\/eshop\/wp-json\/wp\/v2\/media?parent=2775"}],"wp:term":[{"taxonomy":"product_brand","embeddable":true,"href":"https:\/\/makua.com.mx\/eshop\/wp-json\/wp\/v2\/product_brand?post=2775"},{"taxonomy":"product_cat","embeddable":true,"href":"https:\/\/makua.com.mx\/eshop\/wp-json\/wp\/v2\/product_cat?post=2775"},{"taxonomy":"product_tag","embeddable":true,"href":"https:\/\/makua.com.mx\/eshop\/wp-json\/wp\/v2\/product_tag?post=2775"}],"curies":[{"name":"wp","href":"https:\/\/api.w.org\/{rel}","templated":true}]}}