{"id":2769,"date":"2020-02-03T22:53:18","date_gmt":"2020-02-03T22:53:18","guid":{"rendered":"https:\/\/makua.com.mx\/eshop\/?post_type=product&#038;p=2769"},"modified":"2025-01-14T00:25:21","modified_gmt":"2025-01-14T00:25:21","slug":"shampoo-intimo-gestacion","status":"publish","type":"product","link":"https:\/\/makua.com.mx\/eshop\/producto\/shampoo-intimo-gestacion\/","title":{"rendered":"Shampoo \u00cdntimo pH 3.8 Gestaci\u00f3n 125g"},"content":{"rendered":"<p><strong>Funciones<\/strong>:Purifica y mantiene el equilibrio natural del pH vaginal durante el embarazo.<br \/>\n<strong>Modo de empleo<\/strong>: Aplicar una gota en la zona \u00edntima y enjuagar.<br \/>\n<strong>Extractos<\/strong>: Cal\u00e9ndula, Tepezcohuite, Or\u00e9gano, Tomillo y Heliopsis.<br \/>\n<strong>Recomendaciones<\/strong>: Zona \u00edntima.<br \/>\n<strong>Aroma<\/strong>: Fresca y hierbal<br \/>\n<strong>Consistencia<\/strong>: L\u00edquida.<br \/>\n<strong>INGREDIENTES<\/strong>: Agua destilada, Lauril Glucoside, Coco-Glucoside, Dicaprylyl Ether, Decyl Glucoside, Glyceryl Oleate, Goma Guar, extracto de Cal\u00e9ndula, extracto de Tepezcohuite, extracto de tomillo, extracto de or\u00e9gano, extracto de Heliopsis, glicerina vegetal, \u00c1cido L\u00e1ctico, aceite esencial de menta y t\u00e9 de lim\u00f3n, conservador org\u00e1nico.<\/p>\n","protected":false},"excerpt":{"rendered":"<p>Tiene el pH ajustado para no interrumpir el equilibrio natural vaginal durante el embarazo. Con extractos de Cal\u00e9ndula, Tepescohuite, Or\u00e9gano, Tomillo y Heliopsis, que hidratan y aportan salud y frescura a la zona \u00edntima sin alterar la flora vaginal.<\/p>\n","protected":false},"featured_media":4533,"comment_status":"closed","ping_status":"closed","template":"","meta":[],"product_brand":[],"product_cat":[222,330,229,348],"product_tag":[],"class_list":{"0":"post-2769","1":"product","2":"type-product","3":"status-publish","4":"has-post-thumbnail","6":"product_cat-cuerpo","7":"product_cat-cuidado-personal","8":"product_cat-regadera","9":"product_cat-shampoo-intimo","10":"product_shipping_class-mensajeria","12":"first","13":"instock","14":"shipping-taxable","15":"purchasable","16":"product-type-simple"},"_links":{"self":[{"href":"https:\/\/makua.com.mx\/eshop\/wp-json\/wp\/v2\/product\/2769","targetHints":{"allow":["GET"]}}],"collection":[{"href":"https:\/\/makua.com.mx\/eshop\/wp-json\/wp\/v2\/product"}],"about":[{"href":"https:\/\/makua.com.mx\/eshop\/wp-json\/wp\/v2\/types\/product"}],"replies":[{"embeddable":true,"href":"https:\/\/makua.com.mx\/eshop\/wp-json\/wp\/v2\/comments?post=2769"}],"wp:featuredmedia":[{"embeddable":true,"href":"https:\/\/makua.com.mx\/eshop\/wp-json\/wp\/v2\/media\/4533"}],"wp:attachment":[{"href":"https:\/\/makua.com.mx\/eshop\/wp-json\/wp\/v2\/media?parent=2769"}],"wp:term":[{"taxonomy":"product_brand","embeddable":true,"href":"https:\/\/makua.com.mx\/eshop\/wp-json\/wp\/v2\/product_brand?post=2769"},{"taxonomy":"product_cat","embeddable":true,"href":"https:\/\/makua.com.mx\/eshop\/wp-json\/wp\/v2\/product_cat?post=2769"},{"taxonomy":"product_tag","embeddable":true,"href":"https:\/\/makua.com.mx\/eshop\/wp-json\/wp\/v2\/product_tag?post=2769"}],"curies":[{"name":"wp","href":"https:\/\/api.w.org\/{rel}","templated":true}]}}