{"id":2763,"date":"2020-03-03T21:49:13","date_gmt":"2020-03-03T21:49:13","guid":{"rendered":"https:\/\/makua.com.mx\/eshop\/?post_type=product&#038;p=2763"},"modified":"2025-01-14T00:25:33","modified_gmt":"2025-01-14T00:25:33","slug":"shampoo-intimo-ph-3-8","status":"publish","type":"product","link":"https:\/\/makua.com.mx\/eshop\/producto\/shampoo-intimo-ph-3-8\/","title":{"rendered":"Shampoo \u00cdntimo pH 3.8 Purificaci\u00f3n 125g"},"content":{"rendered":"<p><strong>Funciones<\/strong>: Purificar y mantener el equilibrio natural del pH vaginal durante el periodo menstrual.<br \/>\n<strong>Modo de empleo<\/strong>: Aplicar una gota en la zona \u00edntima y enjuagar.<br \/>\n<strong>Extractos<\/strong>: Cal\u00e9ndula, Tepezcohuite, Or\u00e9gano, Tomillo y Heli\u00f3psis.<br \/>\n<strong>Recomendaciones<\/strong>: Zona \u00edntima.<br \/>\n<strong>Aroma<\/strong>: Fresca y herbal.<br \/>\n<strong>Consistencia<\/strong>: L\u00edquida.<br \/>\n<strong>INGREDIENTES<\/strong>: Agua destilada, Lauril Glucoside, Coco-Glucoside, Dicaprylyl Ether, Decyl Glucoside, Glyceryl Oleate, Goma Guar, extracto de Cal\u00e9ndula, extracto de Tepezcohuite, extracto de tomillo, extracto de or\u00e9gano, extracto de Heli\u00f3psis, glicerina vegetal, \u00e1cido l\u00e1ctico, aceite esencial de bergamota y manzanilla, conservador org\u00e1nico.<\/p>\n","protected":false},"excerpt":{"rendered":"<p>Tiene el pH ajustado para no interrumpir el equilibrio natural vaginal durante el periodo menstrual. Con extractos de Cal\u00e9ndula, Tepescohuite, Or\u00e9gano, Tomillo y Heliopsis, que hidratan aportando salud y frescura a la zona \u00edntima sin alterar la flora vaginal.<\/p>\n","protected":false},"featured_media":4534,"comment_status":"closed","ping_status":"closed","template":"","meta":[],"product_brand":[],"product_cat":[222,330,229,348],"product_tag":[336],"class_list":{"0":"post-2763","1":"product","2":"type-product","3":"status-publish","4":"has-post-thumbnail","6":"product_cat-cuerpo","7":"product_cat-cuidado-personal","8":"product_cat-regadera","9":"product_cat-shampoo-intimo","10":"product_tag-ph-3-8","11":"product_shipping_class-mensajeria","13":"first","14":"instock","15":"shipping-taxable","16":"purchasable","17":"product-type-simple"},"_links":{"self":[{"href":"https:\/\/makua.com.mx\/eshop\/wp-json\/wp\/v2\/product\/2763","targetHints":{"allow":["GET"]}}],"collection":[{"href":"https:\/\/makua.com.mx\/eshop\/wp-json\/wp\/v2\/product"}],"about":[{"href":"https:\/\/makua.com.mx\/eshop\/wp-json\/wp\/v2\/types\/product"}],"replies":[{"embeddable":true,"href":"https:\/\/makua.com.mx\/eshop\/wp-json\/wp\/v2\/comments?post=2763"}],"wp:featuredmedia":[{"embeddable":true,"href":"https:\/\/makua.com.mx\/eshop\/wp-json\/wp\/v2\/media\/4534"}],"wp:attachment":[{"href":"https:\/\/makua.com.mx\/eshop\/wp-json\/wp\/v2\/media?parent=2763"}],"wp:term":[{"taxonomy":"product_brand","embeddable":true,"href":"https:\/\/makua.com.mx\/eshop\/wp-json\/wp\/v2\/product_brand?post=2763"},{"taxonomy":"product_cat","embeddable":true,"href":"https:\/\/makua.com.mx\/eshop\/wp-json\/wp\/v2\/product_cat?post=2763"},{"taxonomy":"product_tag","embeddable":true,"href":"https:\/\/makua.com.mx\/eshop\/wp-json\/wp\/v2\/product_tag?post=2763"}],"curies":[{"name":"wp","href":"https:\/\/api.w.org\/{rel}","templated":true}]}}