{"id":2670,"date":"2020-03-20T21:01:16","date_gmt":"2020-03-20T21:01:16","guid":{"rendered":"https:\/\/makua.com.mx\/eshop\/?post_type=product&#038;p=2670"},"modified":"2025-01-13T20:07:55","modified_gmt":"2025-01-13T20:07:55","slug":"aromaterapia-vias-respiratorias","status":"publish","type":"product","link":"https:\/\/makua.com.mx\/eshop\/producto\/aromaterapia-vias-respiratorias\/","title":{"rendered":"Aromaterapia V\u00edas Respiratorias (Eucalipto, Romero, Menta) 30g"},"content":{"rendered":"<p><strong>Funciones:<\/strong> Ideal para fortalecer el sistema inmunol\u00f3gico, es expectorante, apoya la recuperaci\u00f3n de procesos de bronquitis, sinusitis, resfriado y tos seca.<br \/>\n<strong>Modo de Empleo:<\/strong> Aplicar unas gotas frotando el aceite en la parte del cuerpo que desee y aspirar continuamente. Agregar unas gotas en el difusor o almohada. Consulte a su m\u00e9dico en caso de embarazo o lactancia. No aplicar directo en sobre heridas ni quemaduras.<br \/>\n<strong>Extractos:<\/strong> Aceite Esencial de Eucalipto, Romero y Menta.<br \/>\n<strong>Recomendaciones:<\/strong> En procesos de sinusitis, bronquitis, tos seca, gripe y dolor de cabeza.<br \/>\n<strong>Aroma: <\/strong>Mentolado Fresco.<br \/>\n<strong>Consistencia:<\/strong> Oleosa.<br \/>\n<strong>INGREDIENTES: <\/strong>Aceites esenciales puros de eucalipto, menta y romero.<\/p>\n","protected":false},"excerpt":{"rendered":"<p>Contiene Aceites esenciales que son expectorantes, el aceite esencial de Eucalipto combate g\u00e9rmenes y bacterias descongestiona los bronquios, alivia los s\u00edntomas de la sinusitis. Tambi\u00e9n combate tensiones musculares, cansancio y dolor f\u00edsico. El aceite esencial de romero disminuye fatiga, estr\u00e9s y dolores de cabeza y la menta desinflama y reanima.<\/p>\n","protected":false},"featured_media":4578,"comment_status":"open","ping_status":"closed","template":"","meta":[],"product_brand":[],"product_cat":[347,305,230],"product_tag":[],"class_list":{"0":"post-2670","1":"product","2":"type-product","3":"status-publish","4":"has-post-thumbnail","6":"product_cat-aceite-para-masaje","7":"product_cat-aromaterapia","8":"product_cat-spa-en-casa","9":"product_shipping_class-mensajeria","11":"first","12":"instock","13":"shipping-taxable","14":"purchasable","15":"product-type-simple"},"_links":{"self":[{"href":"https:\/\/makua.com.mx\/eshop\/wp-json\/wp\/v2\/product\/2670","targetHints":{"allow":["GET"]}}],"collection":[{"href":"https:\/\/makua.com.mx\/eshop\/wp-json\/wp\/v2\/product"}],"about":[{"href":"https:\/\/makua.com.mx\/eshop\/wp-json\/wp\/v2\/types\/product"}],"replies":[{"embeddable":true,"href":"https:\/\/makua.com.mx\/eshop\/wp-json\/wp\/v2\/comments?post=2670"}],"wp:featuredmedia":[{"embeddable":true,"href":"https:\/\/makua.com.mx\/eshop\/wp-json\/wp\/v2\/media\/4578"}],"wp:attachment":[{"href":"https:\/\/makua.com.mx\/eshop\/wp-json\/wp\/v2\/media?parent=2670"}],"wp:term":[{"taxonomy":"product_brand","embeddable":true,"href":"https:\/\/makua.com.mx\/eshop\/wp-json\/wp\/v2\/product_brand?post=2670"},{"taxonomy":"product_cat","embeddable":true,"href":"https:\/\/makua.com.mx\/eshop\/wp-json\/wp\/v2\/product_cat?post=2670"},{"taxonomy":"product_tag","embeddable":true,"href":"https:\/\/makua.com.mx\/eshop\/wp-json\/wp\/v2\/product_tag?post=2670"}],"curies":[{"name":"wp","href":"https:\/\/api.w.org\/{rel}","templated":true}]}}