{"id":2650,"date":"2020-03-18T02:15:13","date_gmt":"2020-03-18T02:15:13","guid":{"rendered":"https:\/\/makua.com.mx\/eshop\/?post_type=product&#038;p=2650"},"modified":"2025-01-14T00:24:09","modified_gmt":"2025-01-14T00:24:09","slug":"shampoo-facial","status":"publish","type":"product","link":"https:\/\/makua.com.mx\/eshop\/producto\/shampoo-facial\/","title":{"rendered":"Shampoo Facial de Leche de Burra 120g"},"content":{"rendered":"<p><b>Funciones:<\/b> Limpia y embellece la piel.<\/p>\n<p><b>Modo de empleo:<\/b> Aplicar dos a tres gotas en la palma de la mano y limpiar el rostro dando un masaje circular hacia arriba, enjuagar.<\/p>\n<p><b>Ingredientes Activos:<\/b> Leche de burra org\u00e1nica, extracto de Aloe Vera, Hamamelis y Ginkgo Biloba.<\/p>\n<p><b>Recomendaciones:<\/b> Todo tipo de piel.<\/p>\n<p><b>Aroma:<\/b> Floral y hierbal.<\/p>\n<p><b>Consistencia:<\/b> L\u00edquida.<\/p>\n<p><b>INGREDIENTES:<\/b> Agua destilada, lauril glucoside, coco glusido, oleato de glicerilo, cocopoliyamine, leche de burra org\u00e1nica, aceite de macadamia extra\u00eddo en fr\u00edo, aceite de uva extra\u00eddo en fr\u00edo, miel de abeja, extracto de aloe vera, extracto de hamamelis, extracto de ginkgo biloba, aceite esencial de \u00e1rbol de t\u00e9 y lavanda, conservador org\u00e1nico (extracto de las semillas de c\u00edtricos).<\/p>\n","protected":false},"excerpt":{"rendered":"<p>Limpia y purifica dejando la piel suave y nutrida. La leche de Burra es rica en nutrientes y posee propiedades antioxidantes que fortalecen la piel y ayudan a prevenir envejecimiento prematuro, adem\u00e1s, es ideal para las pieles secas y\/o sensibles, favorece la cicatrizaci\u00f3n de heridas. Tambi\u00e9n es tratamiento preventivo en casos de psoriasis, dermatitis at\u00f3pica o eczemas, ya que alivia de forma efectiva cualquier irritaci\u00f3n de la piel.<\/p>\n","protected":false},"featured_media":4593,"comment_status":"open","ping_status":"closed","template":"","meta":[],"product_brand":[],"product_cat":[228],"product_tag":[],"class_list":{"0":"post-2650","1":"product","2":"type-product","3":"status-publish","4":"has-post-thumbnail","6":"product_cat-cara","7":"product_shipping_class-mensajeria","9":"first","10":"instock","11":"shipping-taxable","12":"purchasable","13":"product-type-simple"},"_links":{"self":[{"href":"https:\/\/makua.com.mx\/eshop\/wp-json\/wp\/v2\/product\/2650","targetHints":{"allow":["GET"]}}],"collection":[{"href":"https:\/\/makua.com.mx\/eshop\/wp-json\/wp\/v2\/product"}],"about":[{"href":"https:\/\/makua.com.mx\/eshop\/wp-json\/wp\/v2\/types\/product"}],"replies":[{"embeddable":true,"href":"https:\/\/makua.com.mx\/eshop\/wp-json\/wp\/v2\/comments?post=2650"}],"wp:featuredmedia":[{"embeddable":true,"href":"https:\/\/makua.com.mx\/eshop\/wp-json\/wp\/v2\/media\/4593"}],"wp:attachment":[{"href":"https:\/\/makua.com.mx\/eshop\/wp-json\/wp\/v2\/media?parent=2650"}],"wp:term":[{"taxonomy":"product_brand","embeddable":true,"href":"https:\/\/makua.com.mx\/eshop\/wp-json\/wp\/v2\/product_brand?post=2650"},{"taxonomy":"product_cat","embeddable":true,"href":"https:\/\/makua.com.mx\/eshop\/wp-json\/wp\/v2\/product_cat?post=2650"},{"taxonomy":"product_tag","embeddable":true,"href":"https:\/\/makua.com.mx\/eshop\/wp-json\/wp\/v2\/product_tag?post=2650"}],"curies":[{"name":"wp","href":"https:\/\/api.w.org\/{rel}","templated":true}]}}