{"id":2519,"date":"2019-09-06T00:50:27","date_gmt":"2019-09-06T00:50:27","guid":{"rendered":"https:\/\/makua.com.mx\/eshop\/?post_type=product&#038;p=2519"},"modified":"2025-12-22T00:01:53","modified_gmt":"2025-12-22T06:01:53","slug":"shampoo-solido-de-naranja","status":"publish","type":"product","link":"https:\/\/makua.com.mx\/eshop\/producto\/shampoo-solido-de-naranja\/","title":{"rendered":"Shampoo S\u00f3lido de Naranja 70g"},"content":{"rendered":"<p><strong>Funciones:<\/strong> Fortalece y nutre el cabello.<br \/>\n<strong>Modo de empleo<\/strong>: Aplicar con movimientos circulares sobre el cabello h\u00famedo, se requiere poca cantidad ya que esta muy concentrado.<br \/>\n<strong>Recomendaciones<\/strong>: Para cabello mixto a graso.<br \/>\n<strong>Extractos:<\/strong> Papaya, tomate, s\u00e1bila org\u00e1nica, bergamota, naranja y Gingseng.<br \/>\n<strong>Aroma:<\/strong> C\u00edtrico.<br \/>\n<strong>Consistencia:<\/strong> S\u00f3lida.<br \/>\n<strong>INGREDIENTES<\/strong>: Sodio Cocoyl Isethionate, betaina de coco, glicerina vegetal, aceite de macadamia, manteca de cacao, extracto de s\u00e1bila, extracto de papaya, extracto de tomate, aceite esencial de naranja y bergamota, extracto de Ginseng, conservador org\u00e1nico.<\/p>\n","protected":false},"excerpt":{"rendered":"<p>Fortalece el cabello d\u00e9bil y quebradizo, promueve su crecimiento y regeneraci\u00f3n. Limpia y purifica el cuero cabelludo eliminando toxinas, y agrega minerales esenciales que aportan nutrici\u00f3n.<\/p>\n","protected":false},"featured_media":4550,"comment_status":"open","ping_status":"closed","template":"","meta":[],"product_brand":[],"product_cat":[227,327],"product_tag":[365],"class_list":{"0":"post-2519","1":"product","2":"type-product","3":"status-publish","4":"has-post-thumbnail","6":"product_cat-cabello","7":"product_cat-shampoo-solido","8":"product_tag-vegano","10":"first","11":"instock","12":"shipping-taxable","13":"purchasable","14":"product-type-variable"},"_links":{"self":[{"href":"https:\/\/makua.com.mx\/eshop\/wp-json\/wp\/v2\/product\/2519","targetHints":{"allow":["GET"]}}],"collection":[{"href":"https:\/\/makua.com.mx\/eshop\/wp-json\/wp\/v2\/product"}],"about":[{"href":"https:\/\/makua.com.mx\/eshop\/wp-json\/wp\/v2\/types\/product"}],"replies":[{"embeddable":true,"href":"https:\/\/makua.com.mx\/eshop\/wp-json\/wp\/v2\/comments?post=2519"}],"wp:featuredmedia":[{"embeddable":true,"href":"https:\/\/makua.com.mx\/eshop\/wp-json\/wp\/v2\/media\/4550"}],"wp:attachment":[{"href":"https:\/\/makua.com.mx\/eshop\/wp-json\/wp\/v2\/media?parent=2519"}],"wp:term":[{"taxonomy":"product_brand","embeddable":true,"href":"https:\/\/makua.com.mx\/eshop\/wp-json\/wp\/v2\/product_brand?post=2519"},{"taxonomy":"product_cat","embeddable":true,"href":"https:\/\/makua.com.mx\/eshop\/wp-json\/wp\/v2\/product_cat?post=2519"},{"taxonomy":"product_tag","embeddable":true,"href":"https:\/\/makua.com.mx\/eshop\/wp-json\/wp\/v2\/product_tag?post=2519"}],"curies":[{"name":"wp","href":"https:\/\/api.w.org\/{rel}","templated":true}]}}