{"id":2506,"date":"2019-09-03T20:54:39","date_gmt":"2019-09-03T20:54:39","guid":{"rendered":"https:\/\/makua.com.mx\/eshop\/?post_type=product&#038;p=2506"},"modified":"2025-08-09T22:18:11","modified_gmt":"2025-08-10T04:18:11","slug":"manteca-de-cafe-canela-y-menta","status":"publish","type":"product","link":"https:\/\/makua.com.mx\/eshop\/producto\/manteca-de-cafe-canela-y-menta\/","title":{"rendered":"Manteca de Caf\u00e9, Canela y Menta"},"content":{"rendered":"<p><strong>Funciones<\/strong>: Antioxidante, mejora la circulaci\u00f3n, previene v\u00e1rices, y es hidratante.<br \/>\n<strong>Modo de empleo<\/strong>: Aplicar directo sobre la piel con masajes circulares hasta su completa absorci\u00f3n.<br \/>\n<strong>Extractos<\/strong>: Caf\u00e9, Canela y Menta.<br \/>\n<strong>Recomendaciones<\/strong>: Para todo tipo de piel.<br \/>\n<strong>Aroma<\/strong>: Especias y a caf\u00e9.<br \/>\n<strong>Consistencia<\/strong>: Semi S\u00f3lida.<br \/>\n<strong>INGREDIENTES<\/strong>: Agua destilada, Glicerina Vegetal, Alcohol Cetear\u00edlico, cera de candelilla, manteca de Karit\u00e9, Estearato de Glicerilo, Decyl Oleate, manteca de cacao, aceite de oliva y de macadamia extra\u00eddo en fr\u00edo, aceite esencial de caf\u00e9, menta y canela, vitamina E, fragancia y conservador org\u00e1nico.<\/p>\n","protected":false},"excerpt":{"rendered":"<p>Es Anti-inflamatoria hidrata la piel y la desintoxica, ayuda a mejorar la circulaci\u00f3n de las piernas y evita la aparici\u00f3n de nuevas varices. Previene la apariencia de celulitis y piel de naranja. Es antioxidante, aporta firmeza y nutre a profundidad. <\/p>\n<p>150g y 50g<\/p>\n","protected":false},"featured_media":4597,"comment_status":"open","ping_status":"closed","template":"","meta":[],"product_brand":[],"product_cat":[258],"product_tag":[],"class_list":{"0":"post-2506","1":"product","2":"type-product","3":"status-publish","4":"has-post-thumbnail","6":"product_cat-manteca-corporal","7":"product_shipping_class-mensajeria","9":"first","10":"instock","11":"featured","12":"shipping-taxable","13":"purchasable","14":"product-type-variable","15":"has-default-attributes"},"_links":{"self":[{"href":"https:\/\/makua.com.mx\/eshop\/wp-json\/wp\/v2\/product\/2506","targetHints":{"allow":["GET"]}}],"collection":[{"href":"https:\/\/makua.com.mx\/eshop\/wp-json\/wp\/v2\/product"}],"about":[{"href":"https:\/\/makua.com.mx\/eshop\/wp-json\/wp\/v2\/types\/product"}],"replies":[{"embeddable":true,"href":"https:\/\/makua.com.mx\/eshop\/wp-json\/wp\/v2\/comments?post=2506"}],"wp:featuredmedia":[{"embeddable":true,"href":"https:\/\/makua.com.mx\/eshop\/wp-json\/wp\/v2\/media\/4597"}],"wp:attachment":[{"href":"https:\/\/makua.com.mx\/eshop\/wp-json\/wp\/v2\/media?parent=2506"}],"wp:term":[{"taxonomy":"product_brand","embeddable":true,"href":"https:\/\/makua.com.mx\/eshop\/wp-json\/wp\/v2\/product_brand?post=2506"},{"taxonomy":"product_cat","embeddable":true,"href":"https:\/\/makua.com.mx\/eshop\/wp-json\/wp\/v2\/product_cat?post=2506"},{"taxonomy":"product_tag","embeddable":true,"href":"https:\/\/makua.com.mx\/eshop\/wp-json\/wp\/v2\/product_tag?post=2506"}],"curies":[{"name":"wp","href":"https:\/\/api.w.org\/{rel}","templated":true}]}}