{"id":2504,"date":"2019-09-03T20:46:15","date_gmt":"2019-09-03T20:46:15","guid":{"rendered":"https:\/\/makua.com.mx\/eshop\/?post_type=product&#038;p=2504"},"modified":"2025-02-13T01:04:32","modified_gmt":"2025-02-13T01:04:32","slug":"manteca-de-jazmin","status":"publish","type":"product","link":"https:\/\/makua.com.mx\/eshop\/producto\/manteca-de-jazmin\/","title":{"rendered":"Manteca de Jazm\u00edn y Arroz"},"content":{"rendered":"<p><strong>Funciones<\/strong>: Anti inflamatoria, Regenerativa, Hidratante, Afrodisiaca.<br \/>\n<strong>Modo de empleo<\/strong>: Aplicar directo sobre la piel con masajes circulares hasta su completa absorci\u00f3n.<br \/>\n<strong>Extractos<\/strong>: Jazm\u00edn y Arroz.<br \/>\n<strong>Recomendaciones<\/strong>: Para todo tipo de piel.<br \/>\n<strong>Aroma<\/strong>: Floral.<br \/>\n<strong>Consistencia<\/strong>: Semi S\u00f3lida.<br \/>\n<strong>INGREDIENTES<\/strong>: Agua destilada, Glicerina Vegetal, Alcohol Cetear\u00edlico, Cera de Candelilla, Manteca de Karit\u00e9, Arroz y Jazm\u00edn, Estearato de Glicerilo, Decyl Oleate, Manteca de Cacao, Aceite de Oliva y de Macadamia Extra\u00eddo en fr\u00edo, Vitamina E, Fragancia, Conservador org\u00e1nico.<\/p>\n","protected":false},"excerpt":{"rendered":"<p>Calma las irritaciones, es humectante y proporciona elasticidad. Mejora el aspecto de las estr\u00edas y las cicatrices, as\u00ed como del acn\u00e9. Auxiliar en el tratamiento de dermatitis, eccema y piel seca o deshidratada. \u00a0Tiene propiedades afrodisiacas,\u00a0anti-inflamatorias, regenerativas, contiene\u00a0 vitamina E, \u00a0y \u00e1cidos linol\u00e9icos que nutren y embellecen la piel.<\/p>\n<p>150g y 50g<\/p>\n","protected":false},"featured_media":4559,"comment_status":"open","ping_status":"closed","template":"","meta":[],"product_brand":[],"product_cat":[222,258],"product_tag":[],"class_list":{"0":"post-2504","1":"product","2":"type-product","3":"status-publish","4":"has-post-thumbnail","6":"product_cat-cuerpo","7":"product_cat-manteca-corporal","8":"product_shipping_class-mensajeria","10":"first","11":"instock","12":"shipping-taxable","13":"purchasable","14":"product-type-variable","15":"has-default-attributes"},"_links":{"self":[{"href":"https:\/\/makua.com.mx\/eshop\/wp-json\/wp\/v2\/product\/2504","targetHints":{"allow":["GET"]}}],"collection":[{"href":"https:\/\/makua.com.mx\/eshop\/wp-json\/wp\/v2\/product"}],"about":[{"href":"https:\/\/makua.com.mx\/eshop\/wp-json\/wp\/v2\/types\/product"}],"replies":[{"embeddable":true,"href":"https:\/\/makua.com.mx\/eshop\/wp-json\/wp\/v2\/comments?post=2504"}],"wp:featuredmedia":[{"embeddable":true,"href":"https:\/\/makua.com.mx\/eshop\/wp-json\/wp\/v2\/media\/4559"}],"wp:attachment":[{"href":"https:\/\/makua.com.mx\/eshop\/wp-json\/wp\/v2\/media?parent=2504"}],"wp:term":[{"taxonomy":"product_brand","embeddable":true,"href":"https:\/\/makua.com.mx\/eshop\/wp-json\/wp\/v2\/product_brand?post=2504"},{"taxonomy":"product_cat","embeddable":true,"href":"https:\/\/makua.com.mx\/eshop\/wp-json\/wp\/v2\/product_cat?post=2504"},{"taxonomy":"product_tag","embeddable":true,"href":"https:\/\/makua.com.mx\/eshop\/wp-json\/wp\/v2\/product_tag?post=2504"}],"curies":[{"name":"wp","href":"https:\/\/api.w.org\/{rel}","templated":true}]}}