{"id":2494,"date":"2019-09-03T19:31:41","date_gmt":"2019-09-03T19:31:41","guid":{"rendered":"https:\/\/makua.com.mx\/eshop\/?post_type=product&#038;p=2494"},"modified":"2021-10-13T01:28:12","modified_gmt":"2021-10-13T01:28:12","slug":"mascarilla-leche-de-burra-y-matcha","status":"publish","type":"product","link":"https:\/\/makua.com.mx\/eshop\/producto\/mascarilla-leche-de-burra-y-matcha\/","title":{"rendered":"Mascarilla Leche de Burra y Matcha Org\u00e1nica  50g"},"content":{"rendered":"<p><strong>Funciones:<\/strong> Rejuvenece y nutre la piel.<\/p>\n<p><strong>Modo de empleo: <\/strong>Aplicar sobre el Cutis h\u00famedo y Limpio dejar actuar de 30-40min. Enjuagar, usar de 1 a 3 veces por semana.<\/p>\n<p><strong>Extractos: <\/strong>\u00c1cido Hialur\u00f3nico, Vitamina C, Matcha org\u00e1nica y Leche de burra.<\/p>\n<p><strong>Recomendaciones:<\/strong> Piel madura\/piel opaca.<\/p>\n<p><strong>Aroma: <\/strong>Floral oriental.<\/p>\n<p><strong>Consistencia:<\/strong> Semi s\u00f3lida.<\/p>\n<p><strong>Ingredientes: <\/strong>Agua Destilada, \u00c1cido Hialur\u00f3nico obtenido de cascaras de huevo de libre pastoreo y org\u00e1nico, Aceite de Semilla de Uva Extra\u00eddo en Fr\u00edo, Leche de Burra, Matcha Org\u00e1nica en Polvo, Aceite Esencial de Lavanda, Vitamina C, Agar Agar, Aceite Esencial de Lim\u00f3n, Aceite Esencial de \u00c1rbol de T\u00e9 y Conservador Org\u00e1nico.<\/p>\n","protected":false},"excerpt":{"rendered":"<p>Embellece la piel, Limpia, sus ingredientes son Antioxidantes y Desinflamantes. Contiene \u00c1cido Hialur\u00f3nico obtenido de las cascaras de huevo org\u00e1nico, Vitamina C, Matcha org\u00e1nica y Leche de burra, activos que rejuvenecen e iluminan el rostro.<\/p>\n","protected":false},"featured_media":4590,"comment_status":"open","ping_status":"closed","template":"","meta":[],"product_brand":[],"product_cat":[228,296],"product_tag":[],"class_list":{"0":"post-2494","1":"product","2":"type-product","3":"status-publish","4":"has-post-thumbnail","6":"product_cat-cara","7":"product_cat-mascarillas","9":"first","10":"instock","11":"shipping-taxable","12":"purchasable","13":"product-type-simple"},"_links":{"self":[{"href":"https:\/\/makua.com.mx\/eshop\/wp-json\/wp\/v2\/product\/2494","targetHints":{"allow":["GET"]}}],"collection":[{"href":"https:\/\/makua.com.mx\/eshop\/wp-json\/wp\/v2\/product"}],"about":[{"href":"https:\/\/makua.com.mx\/eshop\/wp-json\/wp\/v2\/types\/product"}],"replies":[{"embeddable":true,"href":"https:\/\/makua.com.mx\/eshop\/wp-json\/wp\/v2\/comments?post=2494"}],"wp:featuredmedia":[{"embeddable":true,"href":"https:\/\/makua.com.mx\/eshop\/wp-json\/wp\/v2\/media\/4590"}],"wp:attachment":[{"href":"https:\/\/makua.com.mx\/eshop\/wp-json\/wp\/v2\/media?parent=2494"}],"wp:term":[{"taxonomy":"product_brand","embeddable":true,"href":"https:\/\/makua.com.mx\/eshop\/wp-json\/wp\/v2\/product_brand?post=2494"},{"taxonomy":"product_cat","embeddable":true,"href":"https:\/\/makua.com.mx\/eshop\/wp-json\/wp\/v2\/product_cat?post=2494"},{"taxonomy":"product_tag","embeddable":true,"href":"https:\/\/makua.com.mx\/eshop\/wp-json\/wp\/v2\/product_tag?post=2494"}],"curies":[{"name":"wp","href":"https:\/\/api.w.org\/{rel}","templated":true}]}}