{"id":2407,"date":"2014-06-22T21:22:15","date_gmt":"2014-06-22T21:22:15","guid":{"rendered":"https:\/\/makua.com.mx\/eshop\/?post_type=product&#038;p=2407"},"modified":"2021-10-09T03:23:16","modified_gmt":"2021-10-09T03:23:16","slug":"jabon-mariposa-70g","status":"publish","type":"product","link":"https:\/\/makua.com.mx\/eshop\/producto\/jabon-mariposa-70g\/","title":{"rendered":"Jab\u00f3n de Leche de burra 100gr"},"content":{"rendered":"<p><strong>Funciones<\/strong>: Para piel muy seca y agrietada<br \/>\n<strong>Modo de empleo<\/strong>: Limpiar el cutis ma\u00f1ana y noche con movimientos circulares, limpiar el cuerpo.<br \/>\n<strong>Extractos<\/strong>: Leche org\u00e1nica de burra y Bergamota<br \/>\n<strong>Recomendaciones<\/strong>: Para pieles muy sensibles y secas<br \/>\n<strong>Aroma<\/strong>: Dulce<br \/>\n<strong>Consistencia<\/strong>:\u00a0 S\u00f3lida<br \/>\n<strong>INGREDIENTES<\/strong>: Aceites vegetales, leche de burra org\u00e1nica, hidr\u00f3xido de sodio, karit\u00e9, vitamina E, aceite esencial de bergamota, extracto de toronja como conservador natural Org\u00e1nico.<\/p>\n","protected":false},"excerpt":{"rendered":"<p>La leche de burra org\u00e1nica es rica en minerales, vitaminas, amino\u00e1cidos y antioxidantes, que regeneran la piel da\u00f1ada, deshidratada y delicada. Nutre a profundidad, ideal para pieles maduras, la de bebes y personas con diabetes. Combate dermatitis, piel agrietada, alergias y comez\u00f3n.<\/p>\n","protected":false},"featured_media":2550,"comment_status":"open","ping_status":"closed","template":"","meta":[],"product_brand":[],"product_cat":[274,229],"product_tag":[],"class_list":{"0":"post-2407","1":"product","2":"type-product","3":"status-publish","4":"has-post-thumbnail","6":"product_cat-jabon-artesanal","7":"product_cat-regadera","8":"product_shipping_class-mensajeria","10":"first","11":"instock","12":"shipping-taxable","13":"purchasable","14":"product-type-simple"},"_links":{"self":[{"href":"https:\/\/makua.com.mx\/eshop\/wp-json\/wp\/v2\/product\/2407","targetHints":{"allow":["GET"]}}],"collection":[{"href":"https:\/\/makua.com.mx\/eshop\/wp-json\/wp\/v2\/product"}],"about":[{"href":"https:\/\/makua.com.mx\/eshop\/wp-json\/wp\/v2\/types\/product"}],"replies":[{"embeddable":true,"href":"https:\/\/makua.com.mx\/eshop\/wp-json\/wp\/v2\/comments?post=2407"}],"wp:featuredmedia":[{"embeddable":true,"href":"https:\/\/makua.com.mx\/eshop\/wp-json\/wp\/v2\/media\/2550"}],"wp:attachment":[{"href":"https:\/\/makua.com.mx\/eshop\/wp-json\/wp\/v2\/media?parent=2407"}],"wp:term":[{"taxonomy":"product_brand","embeddable":true,"href":"https:\/\/makua.com.mx\/eshop\/wp-json\/wp\/v2\/product_brand?post=2407"},{"taxonomy":"product_cat","embeddable":true,"href":"https:\/\/makua.com.mx\/eshop\/wp-json\/wp\/v2\/product_cat?post=2407"},{"taxonomy":"product_tag","embeddable":true,"href":"https:\/\/makua.com.mx\/eshop\/wp-json\/wp\/v2\/product_tag?post=2407"}],"curies":[{"name":"wp","href":"https:\/\/api.w.org\/{rel}","templated":true}]}}