{"id":2311,"date":"2017-06-29T23:17:16","date_gmt":"2017-06-29T23:17:16","guid":{"rendered":"https:\/\/makua.com.mx\/eshop\/?post_type=product&#038;p=2311"},"modified":"2022-12-13T02:27:48","modified_gmt":"2022-12-13T02:27:48","slug":"jabon-carbon-pomelo","status":"publish","type":"product","link":"https:\/\/makua.com.mx\/eshop\/producto\/jabon-carbon-pomelo\/","title":{"rendered":"Jab\u00f3n de Carb\u00f3n con Pomelo 100g"},"content":{"rendered":"<p><strong>Funciones<\/strong>: Exfoliante, Desintoxicante, Astringente.<br \/>\n<strong>Modo de empleo<\/strong>: Directo sobre la piel con masajes circulares, dejar actuar unos minutos y enjuagar.<br \/>\n<strong>Extractos<\/strong>: Pomelo.<br \/>\n<strong>Recomendaciones<\/strong>: Para pieles grasas y\/o mixtas con tendencia a acn\u00e9.<br \/>\n<strong>Aroma<\/strong>: C\u00edtrico.<br \/>\n<strong>Consistencia<\/strong>: S\u00f3lida.<br \/>\n<strong>INGREDIENTES<\/strong>: Aceites vegetales, agua destilada, hidr\u00f3xido de sodio, karit\u00e9, vitamina E, aceite esencial de pomelo, carb\u00f3n vegetal, barro negro, extracto de toronja como conservador natural.<\/p>\n","protected":false},"excerpt":{"rendered":"<p>El carb\u00f3n activado limpia profundamente los poros, elimina espinillas, y reduce la grasa del rostro, absorbiendo toxinas y disminuye las manchas.<\/p>\n<p>El pomelo tiene un alto contenido de vitamina C, es antioxidante y previene las l\u00edneas de expresi\u00f3n prematuras, despigmenta la piel , estimula secreci\u00f3n de col\u00e1geno, es cicatrizante y favorece la formaci\u00f3n de nuevos tejidos.<\/p>\n","protected":false},"featured_media":4572,"comment_status":"open","ping_status":"closed","template":"","meta":[],"product_brand":[],"product_cat":[222,274,229],"product_tag":[],"class_list":{"0":"post-2311","1":"product","2":"type-product","3":"status-publish","4":"has-post-thumbnail","6":"product_cat-cuerpo","7":"product_cat-jabon-artesanal","8":"product_cat-regadera","9":"product_shipping_class-mensajeria","11":"first","12":"instock","13":"shipping-taxable","14":"purchasable","15":"product-type-simple"},"_links":{"self":[{"href":"https:\/\/makua.com.mx\/eshop\/wp-json\/wp\/v2\/product\/2311","targetHints":{"allow":["GET"]}}],"collection":[{"href":"https:\/\/makua.com.mx\/eshop\/wp-json\/wp\/v2\/product"}],"about":[{"href":"https:\/\/makua.com.mx\/eshop\/wp-json\/wp\/v2\/types\/product"}],"replies":[{"embeddable":true,"href":"https:\/\/makua.com.mx\/eshop\/wp-json\/wp\/v2\/comments?post=2311"}],"wp:featuredmedia":[{"embeddable":true,"href":"https:\/\/makua.com.mx\/eshop\/wp-json\/wp\/v2\/media\/4572"}],"wp:attachment":[{"href":"https:\/\/makua.com.mx\/eshop\/wp-json\/wp\/v2\/media?parent=2311"}],"wp:term":[{"taxonomy":"product_brand","embeddable":true,"href":"https:\/\/makua.com.mx\/eshop\/wp-json\/wp\/v2\/product_brand?post=2311"},{"taxonomy":"product_cat","embeddable":true,"href":"https:\/\/makua.com.mx\/eshop\/wp-json\/wp\/v2\/product_cat?post=2311"},{"taxonomy":"product_tag","embeddable":true,"href":"https:\/\/makua.com.mx\/eshop\/wp-json\/wp\/v2\/product_tag?post=2311"}],"curies":[{"name":"wp","href":"https:\/\/api.w.org\/{rel}","templated":true}]}}