{"id":2281,"date":"2013-01-16T14:23:25","date_gmt":"2013-01-16T14:23:25","guid":{"rendered":"https:\/\/makua.com.mx\/eshop\/producto\/gel-de-bano-menta-romero-470ml\/"},"modified":"2024-01-09T01:57:04","modified_gmt":"2024-01-09T01:57:04","slug":"gel-de-bano-menta-romero","status":"publish","type":"product","link":"https:\/\/makua.com.mx\/eshop\/producto\/gel-de-bano-menta-romero\/","title":{"rendered":"Gel de ba\u00f1o Menta y Romero 470ml"},"content":{"rendered":"<p><strong>Funciones<\/strong>: Reanimante.<br \/>\n<strong>Modo de empleo<\/strong>: Se aplica una peque\u00f1a cantidad en la mano o de preferencia con una esponja de cerdas naturales. Tambi\u00e9n sirve para limpiar el rostro.<br \/>\n<strong>Extractos<\/strong>: Menta y Romero.<br \/>\n<strong>Recomendaciones<\/strong>: Todo de tipo de piel. Para cutis mixto a graso.<br \/>\n<strong>Aroma<\/strong>: Mentolado y fresco.<br \/>\n<strong>Consistencia<\/strong>: L\u00edquida.<br \/>\n<strong>INGREDIENTES<\/strong>:\u00a0Agua destilada, almid\u00f3n de ma\u00edz, coco gluc\u00f3sido, gliceril oleate, \u00e1cido graso de coco, extracto de menta, aceite esencial de menta, aceite esencial de romero, extracto de cal\u00e9ndula, extracto de tepescohuite, extracto de \u00e1loe vera, glicerina vegetal y semillas de naranja, toronja y lim\u00f3n como conservador org\u00e1nico.<\/p>\n","protected":false},"excerpt":{"rendered":"<p>Un gel de ba\u00f1o hecho a base de plantas naturales, que ayudan a purificar nuestro cuerpo y rostro, hidratando la piel y nutri\u00e9ndola. La menta y el romero son reafirmantes, antis\u00e9pticos y reanimantes, ayudan mitigar la fatiga y a fortalecer los bronquios.<\/p>\n","protected":false},"featured_media":5648,"comment_status":"open","ping_status":"closed","template":"","meta":[],"product_brand":[],"product_cat":[295],"product_tag":[],"class_list":{"0":"post-2281","1":"product","2":"type-product","3":"status-publish","4":"has-post-thumbnail","6":"product_cat-gel-de-bano","7":"product_shipping_class-mensajeria","9":"first","10":"instock","11":"shipping-taxable","12":"purchasable","13":"product-type-simple"},"_links":{"self":[{"href":"https:\/\/makua.com.mx\/eshop\/wp-json\/wp\/v2\/product\/2281","targetHints":{"allow":["GET"]}}],"collection":[{"href":"https:\/\/makua.com.mx\/eshop\/wp-json\/wp\/v2\/product"}],"about":[{"href":"https:\/\/makua.com.mx\/eshop\/wp-json\/wp\/v2\/types\/product"}],"replies":[{"embeddable":true,"href":"https:\/\/makua.com.mx\/eshop\/wp-json\/wp\/v2\/comments?post=2281"}],"wp:featuredmedia":[{"embeddable":true,"href":"https:\/\/makua.com.mx\/eshop\/wp-json\/wp\/v2\/media\/5648"}],"wp:attachment":[{"href":"https:\/\/makua.com.mx\/eshop\/wp-json\/wp\/v2\/media?parent=2281"}],"wp:term":[{"taxonomy":"product_brand","embeddable":true,"href":"https:\/\/makua.com.mx\/eshop\/wp-json\/wp\/v2\/product_brand?post=2281"},{"taxonomy":"product_cat","embeddable":true,"href":"https:\/\/makua.com.mx\/eshop\/wp-json\/wp\/v2\/product_cat?post=2281"},{"taxonomy":"product_tag","embeddable":true,"href":"https:\/\/makua.com.mx\/eshop\/wp-json\/wp\/v2\/product_tag?post=2281"}],"curies":[{"name":"wp","href":"https:\/\/api.w.org\/{rel}","templated":true}]}}