{"id":2276,"date":"2025-08-01T00:31:11","date_gmt":"2025-08-01T06:31:11","guid":{"rendered":"https:\/\/makua.com.mx\/eshop\/?post_type=product&#038;p=2276"},"modified":"2025-08-09T22:16:53","modified_gmt":"2025-08-10T04:16:53","slug":"jabon-de-menta-con-azucar-100g","status":"publish","type":"product","link":"https:\/\/makua.com.mx\/eshop\/producto\/jabon-de-menta-con-azucar-100g\/","title":{"rendered":"Jab\u00f3n de Menta con Az\u00facar 100g"},"content":{"rendered":"<p><strong>Funciones<\/strong>: Refresca, Reanima, Combate fatiga y cansancio en pies, es Astringente<br \/>\n<strong>Modo de empleo<\/strong>: Directo en la piel con suaves masajes hasta hacer espuma, dejar actuar unos minutos y enjuagar<br \/>\n<strong>Extractos<\/strong>: Menta Fresca<br \/>\n<strong>Recomendaciones<\/strong>: Para pieles mixtas y\/o pieles grasas<br \/>\n<strong>Aroma<\/strong>: Fresco y penetrante<br \/>\n<strong>Consistencia<\/strong>: S\u00f3lida<br \/>\n<strong>INGREDIENTES<\/strong>: Aceites vegetales, agua destilada, hidr\u00f3xido de sodio, karit\u00e9, vitamina E, aceite esencial de menta, az\u00facar y extracto de toronja como conservador natural.<\/p>\n","protected":false},"excerpt":{"rendered":"<p>Elimina el cansancio y la fatiga mental.\u00a0 La menta ayuda a desintoxicar la piel ya que posee propiedades antis\u00e9pticas que eliminan bacterias. Es vigorizante calma el dolor muscular, cansancio e hinchaz\u00f3n en pies, previene pie de atleta.<\/p>\n","protected":false},"featured_media":3446,"comment_status":"open","ping_status":"closed","template":"","meta":[],"product_brand":[],"product_cat":[222,274],"product_tag":[],"class_list":{"0":"post-2276","1":"product","2":"type-product","3":"status-publish","4":"has-post-thumbnail","6":"product_cat-cuerpo","7":"product_cat-jabon-artesanal","8":"product_shipping_class-mensajeria","10":"first","11":"instock","12":"shipping-taxable","13":"purchasable","14":"product-type-simple"},"_links":{"self":[{"href":"https:\/\/makua.com.mx\/eshop\/wp-json\/wp\/v2\/product\/2276","targetHints":{"allow":["GET"]}}],"collection":[{"href":"https:\/\/makua.com.mx\/eshop\/wp-json\/wp\/v2\/product"}],"about":[{"href":"https:\/\/makua.com.mx\/eshop\/wp-json\/wp\/v2\/types\/product"}],"replies":[{"embeddable":true,"href":"https:\/\/makua.com.mx\/eshop\/wp-json\/wp\/v2\/comments?post=2276"}],"wp:featuredmedia":[{"embeddable":true,"href":"https:\/\/makua.com.mx\/eshop\/wp-json\/wp\/v2\/media\/3446"}],"wp:attachment":[{"href":"https:\/\/makua.com.mx\/eshop\/wp-json\/wp\/v2\/media?parent=2276"}],"wp:term":[{"taxonomy":"product_brand","embeddable":true,"href":"https:\/\/makua.com.mx\/eshop\/wp-json\/wp\/v2\/product_brand?post=2276"},{"taxonomy":"product_cat","embeddable":true,"href":"https:\/\/makua.com.mx\/eshop\/wp-json\/wp\/v2\/product_cat?post=2276"},{"taxonomy":"product_tag","embeddable":true,"href":"https:\/\/makua.com.mx\/eshop\/wp-json\/wp\/v2\/product_tag?post=2276"}],"curies":[{"name":"wp","href":"https:\/\/api.w.org\/{rel}","templated":true}]}}