{"id":2245,"date":"2020-02-13T19:07:18","date_gmt":"2020-02-13T19:07:18","guid":{"rendered":"https:\/\/makua.com.mx\/eshop\/?post_type=product&#038;p=2245"},"modified":"2025-01-13T20:06:40","modified_gmt":"2025-01-13T20:06:40","slug":"aromaterapia-estimulante","status":"publish","type":"product","link":"https:\/\/makua.com.mx\/eshop\/producto\/aromaterapia-estimulante\/","title":{"rendered":"Aromaterapia Estimulaci\u00f3n Mental (Menta, Romero y Lemongrass) 30g"},"content":{"rendered":"<p><strong>Funciones<\/strong>: Reconfortante, antiinflamatorio, digestivo, fomenta la actividad mental y la concentraci\u00f3n.<br \/>\n<strong>Modo de empleo<\/strong>: Aplicar unas gotas frotando el aceite en la parte del cuerpo que desee y aspirar continuamente. Agregar unas gotas al difusor o almohada. Consulte a su m\u00e9dico en caso de embarazo o lactancia. No aplicar sobre heridas ni quemaduras. Grado alimenticio agregar una gota en un litro de agua o en una tasa de agua caliente.<br \/>\n<strong>Extractos<\/strong>: Aceite esencial de Menta, Romero, Lemongrass.<br \/>\n<strong>Recomendaciones<\/strong>: Para usarse en situaciones de estr\u00e9s e incertidumbre.<br \/>\n<strong>Aroma<\/strong>: Fresco Mentolado.<br \/>\n<strong>Consistencia<\/strong>: Oleosa.<br \/>\n<strong>INGREDIENTES<\/strong>: Aceite esencial de menta, aceite esencial de romero y aceite esencial de lemongrass.<\/p>\n","protected":false},"excerpt":{"rendered":"<p>El aceite esencial de menta estimula la mente y favorece la concentraci\u00f3n. Aminora dolores de cabeza, nauseas y dolores musculares. El aceite esencial de lemongrass fortalece el sistema inmunol\u00f3gico y el digestivo, ideal para eliminar la fatiga f\u00edsica y mental. Con propiedades desodorantes y antis\u00e9pticas, puede tratar leves infecciones en la piel. El romero ayuda a mejorar las funciones cerebrales, disminuye el estr\u00e9s, mejora la circulaci\u00f3n y estados de \u00e1nimo. <\/p>\n","protected":false},"featured_media":4575,"comment_status":"open","ping_status":"closed","template":"","meta":[],"product_brand":[],"product_cat":[305,230],"product_tag":[],"class_list":{"0":"post-2245","1":"product","2":"type-product","3":"status-publish","4":"has-post-thumbnail","6":"product_cat-aromaterapia","7":"product_cat-spa-en-casa","8":"product_shipping_class-mensajeria","10":"first","11":"instock","12":"shipping-taxable","13":"purchasable","14":"product-type-simple"},"_links":{"self":[{"href":"https:\/\/makua.com.mx\/eshop\/wp-json\/wp\/v2\/product\/2245","targetHints":{"allow":["GET"]}}],"collection":[{"href":"https:\/\/makua.com.mx\/eshop\/wp-json\/wp\/v2\/product"}],"about":[{"href":"https:\/\/makua.com.mx\/eshop\/wp-json\/wp\/v2\/types\/product"}],"replies":[{"embeddable":true,"href":"https:\/\/makua.com.mx\/eshop\/wp-json\/wp\/v2\/comments?post=2245"}],"wp:featuredmedia":[{"embeddable":true,"href":"https:\/\/makua.com.mx\/eshop\/wp-json\/wp\/v2\/media\/4575"}],"wp:attachment":[{"href":"https:\/\/makua.com.mx\/eshop\/wp-json\/wp\/v2\/media?parent=2245"}],"wp:term":[{"taxonomy":"product_brand","embeddable":true,"href":"https:\/\/makua.com.mx\/eshop\/wp-json\/wp\/v2\/product_brand?post=2245"},{"taxonomy":"product_cat","embeddable":true,"href":"https:\/\/makua.com.mx\/eshop\/wp-json\/wp\/v2\/product_cat?post=2245"},{"taxonomy":"product_tag","embeddable":true,"href":"https:\/\/makua.com.mx\/eshop\/wp-json\/wp\/v2\/product_tag?post=2245"}],"curies":[{"name":"wp","href":"https:\/\/api.w.org\/{rel}","templated":true}]}}