{"id":2053,"date":"2014-09-13T03:09:09","date_gmt":"2014-09-13T03:09:09","guid":{"rendered":"https:\/\/makua.com.mx\/eshop\/producto\/acondicionador-te-verde-bergamota-250ml\/"},"modified":"2025-08-14T10:19:49","modified_gmt":"2025-08-14T16:19:49","slug":"acondicionador-te-verde","status":"publish","type":"product","link":"https:\/\/makua.com.mx\/eshop\/producto\/acondicionador-te-verde\/","title":{"rendered":"Acondicionador T\u00e9 Verde y Bergamota"},"content":{"rendered":"<p><strong>Funciones<\/strong>:\u00a0Hidrata y ayuda a restaurar la fibra capilar.<br \/>\n<strong>Modo de empleo<\/strong>:\u00a0Aplicar en las puntas del cabello, masajear, dejar actuar unos minutos, retirar con abundante agua. Para mayores resultados complementa con el shampoo de Makua.<br \/>\n<strong>Extractos<\/strong>:\u00a0T\u00e9 verde y bergamota.<br \/>\n<strong>Recomendaciones<\/strong>:\u00a0Para cabello maltratado.<br \/>\n<strong>Aroma<\/strong>:\u00a0Fresco y Floral.<br \/>\n<strong>Consistencia<\/strong>:\u00a0L\u00edquida.<br \/>\n<strong>INGREDIENTES<\/strong>:\u00a0\u00a0Agua destilada, almid\u00f3n de ma\u00edz, coco gluc\u00f3sido, Gliceril oleate, \u00e1cido graso de coco, extracto de T\u00e9 verde, extracto de nopal, extracto de Ginseng, extracto de germen de trigo, extracto de bergamota, extracto de semillas de c\u00edtricos como conservador org\u00e1nico.<\/p>\n","protected":false},"excerpt":{"rendered":"<p>Ideal para suavizar el cabello fino que se enreda f\u00e1cilmente. A\u00f1ade volumen y luminosidad.<\/p>\n","protected":false},"featured_media":5679,"comment_status":"open","ping_status":"closed","template":"","meta":[],"product_brand":[],"product_cat":[227],"product_tag":[312],"class_list":{"0":"post-2053","1":"product","2":"type-product","3":"status-publish","4":"has-post-thumbnail","6":"product_cat-cabello","7":"product_tag-cabello","8":"product_shipping_class-mensajeria","10":"first","11":"instock","12":"shipping-taxable","13":"purchasable","14":"product-type-variable"},"_links":{"self":[{"href":"https:\/\/makua.com.mx\/eshop\/wp-json\/wp\/v2\/product\/2053","targetHints":{"allow":["GET"]}}],"collection":[{"href":"https:\/\/makua.com.mx\/eshop\/wp-json\/wp\/v2\/product"}],"about":[{"href":"https:\/\/makua.com.mx\/eshop\/wp-json\/wp\/v2\/types\/product"}],"replies":[{"embeddable":true,"href":"https:\/\/makua.com.mx\/eshop\/wp-json\/wp\/v2\/comments?post=2053"}],"wp:featuredmedia":[{"embeddable":true,"href":"https:\/\/makua.com.mx\/eshop\/wp-json\/wp\/v2\/media\/5679"}],"wp:attachment":[{"href":"https:\/\/makua.com.mx\/eshop\/wp-json\/wp\/v2\/media?parent=2053"}],"wp:term":[{"taxonomy":"product_brand","embeddable":true,"href":"https:\/\/makua.com.mx\/eshop\/wp-json\/wp\/v2\/product_brand?post=2053"},{"taxonomy":"product_cat","embeddable":true,"href":"https:\/\/makua.com.mx\/eshop\/wp-json\/wp\/v2\/product_cat?post=2053"},{"taxonomy":"product_tag","embeddable":true,"href":"https:\/\/makua.com.mx\/eshop\/wp-json\/wp\/v2\/product_tag?post=2053"}],"curies":[{"name":"wp","href":"https:\/\/api.w.org\/{rel}","templated":true}]}}