{"id":2051,"date":"2016-07-13T02:58:44","date_gmt":"2016-07-13T02:58:44","guid":{"rendered":"https:\/\/makua.com.mx\/eshop\/producto\/shampoo-anticaida-250ml\/"},"modified":"2025-01-14T00:22:23","modified_gmt":"2025-01-14T00:22:23","slug":"shampoo-anticaida","status":"publish","type":"product","link":"https:\/\/makua.com.mx\/eshop\/producto\/shampoo-anticaida\/","title":{"rendered":"Shampoo Menta Hierbabuena (antica\u00edda)"},"content":{"rendered":"<p><strong>Funciones<\/strong>:\u00a0Previene la ca\u00edda del cabello.<br \/>\n<strong>Modo de empleo<\/strong>:\u00a0Aplicar directamente sobre el cuero cabelludo, masajear, dejar actuar unos minutos, retirar con abundante agua. Para mayores resultados complementa con el acondicionador de Makua y <a href=\"https:\/\/makua.com.mx\/eshop\/categoria-producto\/suero-anticaida\/\">suero antica\u00edda<\/a>.<br \/>\n<strong>Extractos<\/strong>:\u00a0Menta y Hierbabuena.<br \/>\n<strong>Recomendaciones<\/strong>:\u00a0Cabello Opaco y sin vida.<br \/>\n<strong>Aroma<\/strong>:\u00a0Fresco mentolado.<br \/>\n<strong>Consistencia<\/strong>:\u00a0L\u00edquida.<br \/>\n<strong>INGREDIENTES<\/strong>:\u00a0\u00a0Agua destilada, Almid\u00f3n de ma\u00edz, Coco gluc\u00f3sido, Gliceril oleate, Acido graso de coco, Extracto de cacahuananche, Extracto de cola de caballo, Extracto de aloe vera, Extracto de Germen de trigo, Extracto de chile, Mentol, Esencia de hierbabuena, Extracto de semillas de c\u00edtricos como conservador org\u00e1nico.<\/p>\n","protected":false},"excerpt":{"rendered":"<p>Refresca tu cuero cabelludo y estimula el crecimiento de los fol\u00edculos capilares en un ba\u00f1o vigorizante. Estos dos ingredientes naturales al igual que la cola de caballo, act\u00faan espec\u00edficamente para activar y estimular el crecimiento del cabello en casos de ca\u00edda o alopecia.<\/p>\n","protected":false},"featured_media":5364,"comment_status":"open","ping_status":"closed","template":"","meta":[],"product_brand":[],"product_cat":[227,243],"product_tag":[240],"class_list":{"0":"post-2051","1":"product","2":"type-product","3":"status-publish","4":"has-post-thumbnail","6":"product_cat-cabello","7":"product_cat-shampoo","8":"product_tag-hierbabuena","9":"product_shipping_class-mensajeria","11":"first","12":"instock","13":"shipping-taxable","14":"purchasable","15":"product-type-variable"},"_links":{"self":[{"href":"https:\/\/makua.com.mx\/eshop\/wp-json\/wp\/v2\/product\/2051","targetHints":{"allow":["GET"]}}],"collection":[{"href":"https:\/\/makua.com.mx\/eshop\/wp-json\/wp\/v2\/product"}],"about":[{"href":"https:\/\/makua.com.mx\/eshop\/wp-json\/wp\/v2\/types\/product"}],"replies":[{"embeddable":true,"href":"https:\/\/makua.com.mx\/eshop\/wp-json\/wp\/v2\/comments?post=2051"}],"wp:featuredmedia":[{"embeddable":true,"href":"https:\/\/makua.com.mx\/eshop\/wp-json\/wp\/v2\/media\/5364"}],"wp:attachment":[{"href":"https:\/\/makua.com.mx\/eshop\/wp-json\/wp\/v2\/media?parent=2051"}],"wp:term":[{"taxonomy":"product_brand","embeddable":true,"href":"https:\/\/makua.com.mx\/eshop\/wp-json\/wp\/v2\/product_brand?post=2051"},{"taxonomy":"product_cat","embeddable":true,"href":"https:\/\/makua.com.mx\/eshop\/wp-json\/wp\/v2\/product_cat?post=2051"},{"taxonomy":"product_tag","embeddable":true,"href":"https:\/\/makua.com.mx\/eshop\/wp-json\/wp\/v2\/product_tag?post=2051"}],"curies":[{"name":"wp","href":"https:\/\/api.w.org\/{rel}","templated":true}]}}