{"id":2044,"date":"2011-09-05T19:44:57","date_gmt":"2011-09-05T19:44:57","guid":{"rendered":"https:\/\/makua.com.mx\/eshop\/producto\/gel-de-bano-verbena-y-lima-470\/"},"modified":"2024-02-13T23:42:45","modified_gmt":"2024-02-13T23:42:45","slug":"gel-de-bano-verbena","status":"publish","type":"product","link":"https:\/\/makua.com.mx\/eshop\/producto\/gel-de-bano-verbena\/","title":{"rendered":"Gel de ba\u00f1o Verbena y Lima 470ml"},"content":{"rendered":"<p><strong>Funciones<\/strong>: Vitamina y promueve la alegr\u00eda<br \/>\n<strong>Modo de empleo<\/strong>: Se aplica un chorrito en la mano o de preferencia con una esponja de cerdas naturales.<br \/>\n<strong>Extractos<\/strong>: Verbena y lima<br \/>\n<strong>Recomendaciones<\/strong>: Todo tipo de piel. Cutis normal.<br \/>\n<strong>Aroma<\/strong>: C\u00edtrico<br \/>\n<strong>Consistencia<\/strong>: Semi L\u00edquida<br \/>\n<strong>INGREDIENTES<\/strong>: Agua destilada, almid\u00f3n de ma\u00edz, coco gluc\u00f3sido, gliceril oleate, \u00e1cido graso de coco, extracto de menta, aceite esencial de verbena, aceite esencial de lima, extracto de cal\u00e9ndula, extracto de Tepescohuite, extracto de Alo\u00e9 Vera, glicerina vegetal y semillas de naranja y lim\u00f3n como conservador org\u00e1nico.<\/p>\n","protected":false},"excerpt":{"rendered":"<p>Un gel de ba\u00f1o hecho a base de plantas naturales, que ayudan a purificar nuestro cuerpo y rostro, hidratando la piel y nutri\u00e9ndola.\u00a0La verbena y la lima relajan y vitaminan el cuerpo dejando una sensaci\u00f3n de bienestar y salud.<br \/>\nPromueve la alegr\u00eda y la felicidad.<\/p>\n","protected":false},"featured_media":5680,"comment_status":"open","ping_status":"closed","template":"","meta":[],"product_brand":[],"product_cat":[222,295,229],"product_tag":[311],"class_list":{"0":"post-2044","1":"product","2":"type-product","3":"status-publish","4":"has-post-thumbnail","6":"product_cat-cuerpo","7":"product_cat-gel-de-bano","8":"product_cat-regadera","9":"product_tag-gel-de-bano","10":"product_shipping_class-mensajeria","12":"first","13":"instock","14":"shipping-taxable","15":"purchasable","16":"product-type-simple"},"_links":{"self":[{"href":"https:\/\/makua.com.mx\/eshop\/wp-json\/wp\/v2\/product\/2044","targetHints":{"allow":["GET"]}}],"collection":[{"href":"https:\/\/makua.com.mx\/eshop\/wp-json\/wp\/v2\/product"}],"about":[{"href":"https:\/\/makua.com.mx\/eshop\/wp-json\/wp\/v2\/types\/product"}],"replies":[{"embeddable":true,"href":"https:\/\/makua.com.mx\/eshop\/wp-json\/wp\/v2\/comments?post=2044"}],"wp:featuredmedia":[{"embeddable":true,"href":"https:\/\/makua.com.mx\/eshop\/wp-json\/wp\/v2\/media\/5680"}],"wp:attachment":[{"href":"https:\/\/makua.com.mx\/eshop\/wp-json\/wp\/v2\/media?parent=2044"}],"wp:term":[{"taxonomy":"product_brand","embeddable":true,"href":"https:\/\/makua.com.mx\/eshop\/wp-json\/wp\/v2\/product_brand?post=2044"},{"taxonomy":"product_cat","embeddable":true,"href":"https:\/\/makua.com.mx\/eshop\/wp-json\/wp\/v2\/product_cat?post=2044"},{"taxonomy":"product_tag","embeddable":true,"href":"https:\/\/makua.com.mx\/eshop\/wp-json\/wp\/v2\/product_tag?post=2044"}],"curies":[{"name":"wp","href":"https:\/\/api.w.org\/{rel}","templated":true}]}}