{"id":2042,"date":"2011-09-05T18:21:24","date_gmt":"2011-09-05T18:21:24","guid":{"rendered":"https:\/\/makua.com.mx\/eshop\/?post_type=product&#038;p=2042"},"modified":"2024-09-04T23:05:22","modified_gmt":"2024-09-04T23:05:22","slug":"gel-de-bano-rosa-mosqueta-470","status":"publish","type":"product","link":"https:\/\/makua.com.mx\/eshop\/producto\/gel-de-bano-rosa-mosqueta-470\/","title":{"rendered":"Gel de Ba\u00f1o Rosa Mosqueta 470ml"},"content":{"rendered":"<p><strong>Funciones<\/strong>: Cicatrizante, nutre la piel y regenera<br \/>\n<strong>Modo de empleo<\/strong>: Se aplica un chorrito en la mano y o de preferencia con una esponja de cerdas naturales. Se puede aplicar en el rostro.<br \/>\n<strong>Extractos<\/strong>: Rosa Mosqueta y Miel<br \/>\n<strong>Recomendaciones<\/strong>: todo tipo de piel, cutis normal a seco.<br \/>\n<strong>Aroma<\/strong>: Dulce y floral<br \/>\n<strong>Consistencia<\/strong>: Semi L\u00edquida<br \/>\n<strong>INGREDIENTES<\/strong>: Agua destilada, almid\u00f3n de ma\u00edz, coco glucosido, gliceril oleate, \u00e1cido graso de coco, aceite esencial de rosa, miel org\u00e1nica, extracto de cal\u00e9ndula, extracto de Tepescohuite, extracto de Aloe Vera, agua de rosas, glicerina vegetal y semillas de naranja, toronja y lim\u00f3n como conservador org\u00e1nico.<\/p>\n","protected":false},"excerpt":{"rendered":"<p>Un gel de ba\u00f1o hecho a base de plantas naturales, que ayudan a purificar nuestro cuerpo y rostro, hidratando la piel y nutri\u00e9ndola. La Rosa Mosqueta nutre y ayuda a regenerar, es cicatrizante. La miel suaviza y ayuda a combatir su oxidaci\u00f3n.<\/p>\n","protected":false},"featured_media":6075,"comment_status":"open","ping_status":"closed","template":"","meta":[],"product_brand":[],"product_cat":[295,229],"product_tag":[],"class_list":{"0":"post-2042","1":"product","2":"type-product","3":"status-publish","4":"has-post-thumbnail","6":"product_cat-gel-de-bano","7":"product_cat-regadera","8":"product_shipping_class-mensajeria","10":"first","11":"instock","12":"shipping-taxable","13":"purchasable","14":"product-type-simple"},"_links":{"self":[{"href":"https:\/\/makua.com.mx\/eshop\/wp-json\/wp\/v2\/product\/2042","targetHints":{"allow":["GET"]}}],"collection":[{"href":"https:\/\/makua.com.mx\/eshop\/wp-json\/wp\/v2\/product"}],"about":[{"href":"https:\/\/makua.com.mx\/eshop\/wp-json\/wp\/v2\/types\/product"}],"replies":[{"embeddable":true,"href":"https:\/\/makua.com.mx\/eshop\/wp-json\/wp\/v2\/comments?post=2042"}],"wp:featuredmedia":[{"embeddable":true,"href":"https:\/\/makua.com.mx\/eshop\/wp-json\/wp\/v2\/media\/6075"}],"wp:attachment":[{"href":"https:\/\/makua.com.mx\/eshop\/wp-json\/wp\/v2\/media?parent=2042"}],"wp:term":[{"taxonomy":"product_brand","embeddable":true,"href":"https:\/\/makua.com.mx\/eshop\/wp-json\/wp\/v2\/product_brand?post=2042"},{"taxonomy":"product_cat","embeddable":true,"href":"https:\/\/makua.com.mx\/eshop\/wp-json\/wp\/v2\/product_cat?post=2042"},{"taxonomy":"product_tag","embeddable":true,"href":"https:\/\/makua.com.mx\/eshop\/wp-json\/wp\/v2\/product_tag?post=2042"}],"curies":[{"name":"wp","href":"https:\/\/api.w.org\/{rel}","templated":true}]}}