{"id":1980,"date":"2010-09-02T01:00:17","date_gmt":"2010-09-02T01:00:17","guid":{"rendered":"https:\/\/makua.com.mx\/eshop\/?post_type=product&#038;p=1980"},"modified":"2021-09-09T21:03:14","modified_gmt":"2021-09-09T21:03:14","slug":"tonico-hidratante-facial","status":"publish","type":"product","link":"https:\/\/makua.com.mx\/eshop\/producto\/tonico-hidratante-facial\/","title":{"rendered":"T\u00f3nico Hidratante Facial 60ml"},"content":{"rendered":"<p><strong>Funciones<\/strong>: Regenera, hidrata y combate los radicales libres que opacan y da\u00f1an la piel.<br \/>\n<strong>Modo de empleo<\/strong>: Aplicar en el rostro y no enjuagar.<br \/>\n<strong>Extractos<\/strong>: T\u00e9 verde, s\u00e1bila, cal\u00e9ndula, germen de trigo, hongo reishi, ginko y linaza.<br \/>\n<strong>Recomendaciones<\/strong>: Para todo tipo de piel.<br \/>\n<strong>Aroma<\/strong>: Sin aroma.<br \/>\n<strong>Consistencia<\/strong>: L\u00edquida.<br \/>\n<strong>INGREDIENTES<\/strong>: Agua de rosas, extracto de s\u00e1bila, germen de trigo, cal\u00e9ndula, hongo reishi, tepescohuite, ginkobiloba, t\u00e9 verde y aceite esencial de \u00e1rbol de t\u00e9.<\/p>\n","protected":false},"excerpt":{"rendered":"<p>Evita la perdida de hidrataci\u00f3n y elasticidad en el rostro, previene y combate los radicales libres que ocasionan el envejecimiento prematuro y sequedad.La puedes aplicar en cualquier momento del d\u00eda.<\/p>\n","protected":false},"featured_media":4457,"comment_status":"open","ping_status":"closed","template":"","meta":[],"product_brand":[],"product_cat":[228],"product_tag":[],"class_list":{"0":"post-1980","1":"product","2":"type-product","3":"status-publish","4":"has-post-thumbnail","6":"product_cat-cara","7":"product_shipping_class-mensajeria","9":"first","10":"instock","11":"shipping-taxable","12":"purchasable","13":"product-type-simple"},"_links":{"self":[{"href":"https:\/\/makua.com.mx\/eshop\/wp-json\/wp\/v2\/product\/1980","targetHints":{"allow":["GET"]}}],"collection":[{"href":"https:\/\/makua.com.mx\/eshop\/wp-json\/wp\/v2\/product"}],"about":[{"href":"https:\/\/makua.com.mx\/eshop\/wp-json\/wp\/v2\/types\/product"}],"replies":[{"embeddable":true,"href":"https:\/\/makua.com.mx\/eshop\/wp-json\/wp\/v2\/comments?post=1980"}],"wp:featuredmedia":[{"embeddable":true,"href":"https:\/\/makua.com.mx\/eshop\/wp-json\/wp\/v2\/media\/4457"}],"wp:attachment":[{"href":"https:\/\/makua.com.mx\/eshop\/wp-json\/wp\/v2\/media?parent=1980"}],"wp:term":[{"taxonomy":"product_brand","embeddable":true,"href":"https:\/\/makua.com.mx\/eshop\/wp-json\/wp\/v2\/product_brand?post=1980"},{"taxonomy":"product_cat","embeddable":true,"href":"https:\/\/makua.com.mx\/eshop\/wp-json\/wp\/v2\/product_cat?post=1980"},{"taxonomy":"product_tag","embeddable":true,"href":"https:\/\/makua.com.mx\/eshop\/wp-json\/wp\/v2\/product_tag?post=1980"}],"curies":[{"name":"wp","href":"https:\/\/api.w.org\/{rel}","templated":true}]}}