{"id":1959,"date":"2010-08-31T00:31:23","date_gmt":"2010-08-31T00:31:23","guid":{"rendered":"https:\/\/makua.com.mx\/eshop\/?post_type=product&#038;p=1959"},"modified":"2025-01-25T03:14:02","modified_gmt":"2025-01-25T03:14:02","slug":"balsamo-de-mango","status":"publish","type":"product","link":"https:\/\/makua.com.mx\/eshop\/producto\/balsamo-de-mango\/","title":{"rendered":"B\u00e1lsamo de Mango 10g"},"content":{"rendered":"<p><strong>Funciones<\/strong>: Hidratar, sanar labios partidos y piel escamada, y prevenir el envejecimiento prematuro, en zonas delicadas de la piel.<br \/>\n<strong>Modo de empleo<\/strong>: Aplicar en contorno de ojos, labios, cut\u00edcula, nudillos y codos.<br \/>\n<strong>Recomendaciones<\/strong>: Para piel reseca y labios partidos.<br \/>\n<strong>Aroma<\/strong>: Mango frutal.<br \/>\n<strong>Consistencia<\/strong>: S\u00f3lida y cremosa.<br \/>\n<strong>INGREDIENTES<\/strong>: Aceite de jojoba, Manteca de cacao, karit\u00e9, aceite de ricino, cera de abeja, cera de carnauba, Monoesterato de Glic\u00e9rido, vitamina E, miel de abeja, manteca de mango, extracto de semilla de toronja como conservador org\u00e1nico.<\/p>\n","protected":false},"excerpt":{"rendered":"<p>Un b\u00e1lsamo multivitam\u00ednico que suaviza y nutre la piel. Alto en vitamina C y antioxidantes. Promueve la hidrataci\u00f3n natural. El extracto de mango tiene la capacidad de reducir las manchas oscuras y acn\u00e9. La vitamina A y beta caroteno del mango ayuda, rejuvenecer y revitalizar la piel.<br \/>\nSus antioxidantes retrasan l\u00edneas de expresi\u00f3n y la pigmentaci\u00f3n de la piel. Es un humectante natural.<\/p>\n","protected":false},"featured_media":5222,"comment_status":"open","ping_status":"closed","template":"","meta":[],"product_brand":[],"product_cat":[302,228,395],"product_tag":[366],"class_list":{"0":"post-1959","1":"product","2":"type-product","3":"status-publish","4":"has-post-thumbnail","6":"product_cat-balsamos","7":"product_cat-cara","8":"product_cat-vegetariano","9":"product_tag-vegetariano","10":"product_shipping_class-mensajeria","12":"first","13":"instock","14":"shipping-taxable","15":"purchasable","16":"product-type-simple"},"_links":{"self":[{"href":"https:\/\/makua.com.mx\/eshop\/wp-json\/wp\/v2\/product\/1959","targetHints":{"allow":["GET"]}}],"collection":[{"href":"https:\/\/makua.com.mx\/eshop\/wp-json\/wp\/v2\/product"}],"about":[{"href":"https:\/\/makua.com.mx\/eshop\/wp-json\/wp\/v2\/types\/product"}],"replies":[{"embeddable":true,"href":"https:\/\/makua.com.mx\/eshop\/wp-json\/wp\/v2\/comments?post=1959"}],"wp:featuredmedia":[{"embeddable":true,"href":"https:\/\/makua.com.mx\/eshop\/wp-json\/wp\/v2\/media\/5222"}],"wp:attachment":[{"href":"https:\/\/makua.com.mx\/eshop\/wp-json\/wp\/v2\/media?parent=1959"}],"wp:term":[{"taxonomy":"product_brand","embeddable":true,"href":"https:\/\/makua.com.mx\/eshop\/wp-json\/wp\/v2\/product_brand?post=1959"},{"taxonomy":"product_cat","embeddable":true,"href":"https:\/\/makua.com.mx\/eshop\/wp-json\/wp\/v2\/product_cat?post=1959"},{"taxonomy":"product_tag","embeddable":true,"href":"https:\/\/makua.com.mx\/eshop\/wp-json\/wp\/v2\/product_tag?post=1959"}],"curies":[{"name":"wp","href":"https:\/\/api.w.org\/{rel}","templated":true}]}}