{"id":1953,"date":"2013-08-30T23:08:53","date_gmt":"2013-08-30T23:08:53","guid":{"rendered":"https:\/\/makua.com.mx\/eshop\/?post_type=product&#038;p=1953"},"modified":"2025-01-25T03:13:29","modified_gmt":"2025-01-25T03:13:29","slug":"balsamo-de-miel","status":"publish","type":"product","link":"https:\/\/makua.com.mx\/eshop\/producto\/balsamo-de-miel\/","title":{"rendered":"B\u00e1lsamo de Miel 10g"},"content":{"rendered":"<p><b>Funciones<\/b>: Hidrata, vitamina, combate la piel agrietada y escamada, previene el envejecimiento prematuro, regenera y suaviza la piel.<br \/>\n<b>Modo de empleo<\/b>: Aplicar en contorno de ojos, labios, cut\u00edcula, tobillos, nudillos y codos.<br \/>\n<b>Recomendaciones<\/b>: Para piel seca y labios partidos.<br \/>\n<b>Aroma<\/b>: Dulce a miel.<br \/>\n<b>Consistencia<\/b>: S\u00f3lida cremosa.<br \/>\n<strong>INGREDIENTES<\/strong>: Aceite de jojoba, Manteca de cacao, karit\u00e9, aceite de ricino, cera de abeja, cera de carnauba, Monoesterato de Glic\u00e9rido, vitamina E, miel de abeja, extracto de semilla de toronja como conservador org\u00e1nico.<\/p>\n","protected":false},"excerpt":{"rendered":"<p>La miel ayuda a cicatrizar, es rica en amino\u00e1cidos que regeneran y reestructuran las c\u00e9lulas. Ayuda tambi\u00e9n a disminuir manchas y cicatrices. Es un ingrediente que ofrece una importante acci\u00f3n limpiadora, gracias a las encimas naturales que contiene es ideal para limpiar la piel y eliminar toxinas. Es hidratante y contiene minerales y vitaminas indispensables para mantener la piel humectada durante todo el d\u00eda.<\/p>\n","protected":false},"featured_media":5223,"comment_status":"open","ping_status":"closed","template":"","meta":[],"product_brand":[],"product_cat":[302,228,395],"product_tag":[366],"class_list":{"0":"post-1953","1":"product","2":"type-product","3":"status-publish","4":"has-post-thumbnail","6":"product_cat-balsamos","7":"product_cat-cara","8":"product_cat-vegetariano","9":"product_tag-vegetariano","10":"product_shipping_class-mensajeria","12":"first","13":"instock","14":"shipping-taxable","15":"purchasable","16":"product-type-simple"},"_links":{"self":[{"href":"https:\/\/makua.com.mx\/eshop\/wp-json\/wp\/v2\/product\/1953","targetHints":{"allow":["GET"]}}],"collection":[{"href":"https:\/\/makua.com.mx\/eshop\/wp-json\/wp\/v2\/product"}],"about":[{"href":"https:\/\/makua.com.mx\/eshop\/wp-json\/wp\/v2\/types\/product"}],"replies":[{"embeddable":true,"href":"https:\/\/makua.com.mx\/eshop\/wp-json\/wp\/v2\/comments?post=1953"}],"wp:featuredmedia":[{"embeddable":true,"href":"https:\/\/makua.com.mx\/eshop\/wp-json\/wp\/v2\/media\/5223"}],"wp:attachment":[{"href":"https:\/\/makua.com.mx\/eshop\/wp-json\/wp\/v2\/media?parent=1953"}],"wp:term":[{"taxonomy":"product_brand","embeddable":true,"href":"https:\/\/makua.com.mx\/eshop\/wp-json\/wp\/v2\/product_brand?post=1953"},{"taxonomy":"product_cat","embeddable":true,"href":"https:\/\/makua.com.mx\/eshop\/wp-json\/wp\/v2\/product_cat?post=1953"},{"taxonomy":"product_tag","embeddable":true,"href":"https:\/\/makua.com.mx\/eshop\/wp-json\/wp\/v2\/product_tag?post=1953"}],"curies":[{"name":"wp","href":"https:\/\/api.w.org\/{rel}","templated":true}]}}