{"id":1947,"date":"2013-08-30T18:50:35","date_gmt":"2013-08-30T18:50:35","guid":{"rendered":"https:\/\/makua.com.mx\/eshop\/?post_type=product&#038;p=1947"},"modified":"2025-01-25T03:13:39","modified_gmt":"2025-01-25T03:13:39","slug":"balsamo-de-menta-30g","status":"publish","type":"product","link":"https:\/\/makua.com.mx\/eshop\/producto\/balsamo-de-menta-30g\/","title":{"rendered":"B\u00e1lsamo de Menta 10g"},"content":{"rendered":"<p><b>Funciones<\/b>: Hidrata, sana la piel seca y escamada, combate el tal\u00f3n agrietado, y el mal olor de los pies. <\/p>\n<p><b>Modo de empleo<\/b>: Aplicar en labios, cut\u00edcula, nudillos, talones y codos.<\/p>\n<p><b>Recomendaciones<\/b>: Para piel seca y labios partidos.<\/p>\n<p><b>Aroma<\/b>: Fresco y mentolado.<\/p>\n<p><b>Consistencia<\/b>: S\u00f3lida cremosa.<\/p>\n<p><b>INGRENDIENTES<\/b>: Aceite de jojoba, manteca de cacao, karit\u00e9, aceite de ricino, cera de abeja, cera de carnauba, monoesterato de glic\u00e9rido, vitamina E, miel de abeja, aceite esencial de menta, extracto de semilla de toronja como conservador org\u00e1nico.<\/p>\n","protected":false},"excerpt":{"rendered":"<p>Es un b\u00e1lsamo estimulante, previene flacidez, desinfecta y purifica. Tiene un efecto calmante  de enfriamiento por el mentol. Es anti viral y antis\u00e9ptico, previene hongos e infecciones. Refresca, motiva y ayuda a combatir el estr\u00e9s y los dolores de cabeza.<\/p>\n","protected":false},"featured_media":5224,"comment_status":"open","ping_status":"closed","template":"","meta":[],"product_brand":[],"product_cat":[302,228,395],"product_tag":[303,366],"class_list":{"0":"post-1947","1":"product","2":"type-product","3":"status-publish","4":"has-post-thumbnail","6":"product_cat-balsamos","7":"product_cat-cara","8":"product_cat-vegetariano","9":"product_tag-balsamos","10":"product_tag-vegetariano","11":"product_shipping_class-mensajeria","13":"first","14":"instock","15":"shipping-taxable","16":"purchasable","17":"product-type-simple"},"_links":{"self":[{"href":"https:\/\/makua.com.mx\/eshop\/wp-json\/wp\/v2\/product\/1947","targetHints":{"allow":["GET"]}}],"collection":[{"href":"https:\/\/makua.com.mx\/eshop\/wp-json\/wp\/v2\/product"}],"about":[{"href":"https:\/\/makua.com.mx\/eshop\/wp-json\/wp\/v2\/types\/product"}],"replies":[{"embeddable":true,"href":"https:\/\/makua.com.mx\/eshop\/wp-json\/wp\/v2\/comments?post=1947"}],"wp:featuredmedia":[{"embeddable":true,"href":"https:\/\/makua.com.mx\/eshop\/wp-json\/wp\/v2\/media\/5224"}],"wp:attachment":[{"href":"https:\/\/makua.com.mx\/eshop\/wp-json\/wp\/v2\/media?parent=1947"}],"wp:term":[{"taxonomy":"product_brand","embeddable":true,"href":"https:\/\/makua.com.mx\/eshop\/wp-json\/wp\/v2\/product_brand?post=1947"},{"taxonomy":"product_cat","embeddable":true,"href":"https:\/\/makua.com.mx\/eshop\/wp-json\/wp\/v2\/product_cat?post=1947"},{"taxonomy":"product_tag","embeddable":true,"href":"https:\/\/makua.com.mx\/eshop\/wp-json\/wp\/v2\/product_tag?post=1947"}],"curies":[{"name":"wp","href":"https:\/\/api.w.org\/{rel}","templated":true}]}}