{"id":1929,"date":"2016-09-01T00:46:12","date_gmt":"2016-09-01T00:46:12","guid":{"rendered":"https:\/\/makua.com.mx\/eshop\/?post_type=product&#038;p=1929"},"modified":"2021-10-14T14:09:11","modified_gmt":"2021-10-14T14:09:11","slug":"mascarilla-de-rosa-mosqueta","status":"publish","type":"product","link":"https:\/\/makua.com.mx\/eshop\/producto\/mascarilla-de-rosa-mosqueta\/","title":{"rendered":"Mascarilla de Rosa Mosqueta, Cal\u00e9ndula y \u00c1rnica  50g"},"content":{"rendered":"<p><strong>Funciones<\/strong>: Aclarante, antiarrugas y regeneradora.<br \/>\n<strong>Modo de empleo<\/strong>: Aplicar sobre la cara y dejar actuar 30 minutos, enjuagar con agua tibia. Puede usarse como crema contorno de ojos, directo sobre cicatrices, arrugas y\u00a0estr\u00edas,\u00a0dejando\u00a0actuar toda la noche. Aplicar sobre vientre inflamado, piquetes de mosco, golpes a modo de b\u00e1lsamo protector.<br \/>\n<strong>Extractos<\/strong>: Rosa Mosqueta, Cal\u00e9ndula y \u00c1rnica.<br \/>\n<strong>Recomendaciones<\/strong>: Pieles maduras, resecas, manchadas.<br \/>\n<strong>Aroma<\/strong>: Herbal.<br \/>\n<strong>Consistencia<\/strong>: Gel.<\/p>\n<p><strong>Ingredientes<\/strong>: Agua destilada, Glicerina Vegetal, Agar Agar, aceite esencial de rosa mosqueta, extracto de cal\u00e9ndula, vitamina A,\u00a0 extracto de \u00e1rnica, aceite esencial de manzanilla, aceite Esencial de romero, aceite esencial de \u00e1rbol de t\u00e9, conservador org\u00e1nico.<\/p>\n","protected":false},"excerpt":{"rendered":"<p>Embellece la piel, contiene ingredientes antioxidantes y desinflamantes. Rejuvenece y regenera con vitamina A, E y Rosa Mosqueta, que es considerada la flor de la eterna juventud.\u00a0 <\/p>\n","protected":false},"featured_media":4526,"comment_status":"open","ping_status":"closed","template":"","meta":[],"product_brand":[],"product_cat":[228,296],"product_tag":[298],"class_list":{"0":"post-1929","1":"product","2":"type-product","3":"status-publish","4":"has-post-thumbnail","6":"product_cat-cara","7":"product_cat-mascarillas","8":"product_tag-mascarilla","9":"product_shipping_class-mensajeria","11":"first","12":"instock","13":"shipping-taxable","14":"purchasable","15":"product-type-simple"},"_links":{"self":[{"href":"https:\/\/makua.com.mx\/eshop\/wp-json\/wp\/v2\/product\/1929","targetHints":{"allow":["GET"]}}],"collection":[{"href":"https:\/\/makua.com.mx\/eshop\/wp-json\/wp\/v2\/product"}],"about":[{"href":"https:\/\/makua.com.mx\/eshop\/wp-json\/wp\/v2\/types\/product"}],"replies":[{"embeddable":true,"href":"https:\/\/makua.com.mx\/eshop\/wp-json\/wp\/v2\/comments?post=1929"}],"wp:featuredmedia":[{"embeddable":true,"href":"https:\/\/makua.com.mx\/eshop\/wp-json\/wp\/v2\/media\/4526"}],"wp:attachment":[{"href":"https:\/\/makua.com.mx\/eshop\/wp-json\/wp\/v2\/media?parent=1929"}],"wp:term":[{"taxonomy":"product_brand","embeddable":true,"href":"https:\/\/makua.com.mx\/eshop\/wp-json\/wp\/v2\/product_brand?post=1929"},{"taxonomy":"product_cat","embeddable":true,"href":"https:\/\/makua.com.mx\/eshop\/wp-json\/wp\/v2\/product_cat?post=1929"},{"taxonomy":"product_tag","embeddable":true,"href":"https:\/\/makua.com.mx\/eshop\/wp-json\/wp\/v2\/product_tag?post=1929"}],"curies":[{"name":"wp","href":"https:\/\/api.w.org\/{rel}","templated":true}]}}