{"id":1923,"date":"2018-09-04T00:04:28","date_gmt":"2018-09-04T00:04:28","guid":{"rendered":"https:\/\/makua.com.mx\/eshop\/?post_type=product&#038;p=1923"},"modified":"2025-01-13T23:29:23","modified_gmt":"2025-01-13T23:29:23","slug":"mascarilla-de-barro-con-carbon","status":"publish","type":"product","link":"https:\/\/makua.com.mx\/eshop\/producto\/mascarilla-de-barro-con-carbon\/","title":{"rendered":"Mascarilla de Carb\u00f3n Vegetal Activado 50 g"},"content":{"rendered":"<p><strong>Funciones<\/strong>: Purificante, es desintoxicante, ayuda a eliminar barros y espinillas.<br \/>\n<strong>Modo de empleo<\/strong>: Aplicar sobre el cutis limpio de 15 a 30 min. Agregar gotitas de agua hasta obtener una pasta homog\u00e9nea. Enjuagar, usar de una a dos veces por semana.<br \/>\n<strong>Extractos<\/strong>:\u00a0Carb\u00f3n, barro negro, lavanda y romero.<br \/>\n<strong>Recomendaciones<\/strong>: Pieles con acn\u00e9 y pieles grasas.<br \/>\n<strong>Aroma: <\/strong>Floral con romero.<br \/>\n<strong>Consistencia<\/strong>: Semi s\u00f3lida.<br \/>\n<strong>Ingredientes<\/strong>: Carb\u00f3n vegetal activado, agua destilada, extracto de mandarina, extracto de pepino, barro negro, aceite de coco, estearato de Glicerilo, Triglic\u00e9rido Capr\u00edlico, extracto de Hamamelis, az\u00facar, aceite esencial de lavanda, aceite esencial de romero, aceite esencial de hierba lim\u00f3n y conservador org\u00e1nico.<\/p>\n","protected":false},"excerpt":{"rendered":"<p>Ayuda a purificar y desintoxicar los poros para lograr un aspecto sano y luminoso. Elimina el exceso de grasa que ocasiona el brillo facial. Contiene lavanda y romero que nutren y alivian la piel irritada.<\/p>\n","protected":false},"featured_media":4557,"comment_status":"open","ping_status":"closed","template":"","meta":[],"product_brand":[],"product_cat":[228,296],"product_tag":[297,298,365],"class_list":{"0":"post-1923","1":"product","2":"type-product","3":"status-publish","4":"has-post-thumbnail","6":"product_cat-cara","7":"product_cat-mascarillas","8":"product_tag-carbon","9":"product_tag-mascarilla","10":"product_tag-vegano","11":"product_shipping_class-mensajeria","13":"first","14":"instock","15":"shipping-taxable","16":"purchasable","17":"product-type-simple"},"_links":{"self":[{"href":"https:\/\/makua.com.mx\/eshop\/wp-json\/wp\/v2\/product\/1923","targetHints":{"allow":["GET"]}}],"collection":[{"href":"https:\/\/makua.com.mx\/eshop\/wp-json\/wp\/v2\/product"}],"about":[{"href":"https:\/\/makua.com.mx\/eshop\/wp-json\/wp\/v2\/types\/product"}],"replies":[{"embeddable":true,"href":"https:\/\/makua.com.mx\/eshop\/wp-json\/wp\/v2\/comments?post=1923"}],"wp:featuredmedia":[{"embeddable":true,"href":"https:\/\/makua.com.mx\/eshop\/wp-json\/wp\/v2\/media\/4557"}],"wp:attachment":[{"href":"https:\/\/makua.com.mx\/eshop\/wp-json\/wp\/v2\/media?parent=1923"}],"wp:term":[{"taxonomy":"product_brand","embeddable":true,"href":"https:\/\/makua.com.mx\/eshop\/wp-json\/wp\/v2\/product_brand?post=1923"},{"taxonomy":"product_cat","embeddable":true,"href":"https:\/\/makua.com.mx\/eshop\/wp-json\/wp\/v2\/product_cat?post=1923"},{"taxonomy":"product_tag","embeddable":true,"href":"https:\/\/makua.com.mx\/eshop\/wp-json\/wp\/v2\/product_tag?post=1923"}],"curies":[{"name":"wp","href":"https:\/\/api.w.org\/{rel}","templated":true}]}}