{"id":1887,"date":"2016-07-18T01:35:11","date_gmt":"2016-07-18T01:35:11","guid":{"rendered":"https:\/\/makua.com.mx\/eshop\/?post_type=product&#038;p=1887"},"modified":"2022-12-13T02:27:49","modified_gmt":"2022-12-13T02:27:49","slug":"jabon-coco-organico","status":"publish","type":"product","link":"https:\/\/makua.com.mx\/eshop\/producto\/jabon-coco-organico\/","title":{"rendered":"Jab\u00f3n de Coco Org\u00e1nico 100g"},"content":{"rendered":"<p><strong>Funciones<\/strong>: Ayuda a exfoliar la piel y mantenerla hidratada.<br \/>\n<strong>Modo de empleo<\/strong>: Directo en la piel con suaves masajes hasta hacer espuma, dejar actuar unos minutos y enjuagar.<br \/>\n<strong>Extractos<\/strong>: Coco org\u00e1nico.<br \/>\n<strong>Recomendaciones<\/strong>: Pieles secas y opacas.<br \/>\n<strong>Aroma<\/strong>: Dulce.<br \/>\n<strong>Consistencia<\/strong>: S\u00f3lida.<br \/>\n<strong>INGREDIENTES<\/strong>: Aceites vegetales, agua destilada, hidr\u00f3xido de sodio, karit\u00e9, vitamina E, mezcla de aceites esenciales, aceite de coco org\u00e1nico, extracto de toronja como conservador natural.<\/p>\n","protected":false},"excerpt":{"rendered":"<p>El aceite de coco es muy  nutritivo para la piel, el coco rallado exfolia eliminando c\u00e9lulas muertas, brinda protecci\u00f3n, suavidad y juventud. Su aroma suave act\u00faa como relajante mental y f\u00edsico al frotarlo por tu cuerpo. <\/p>\n","protected":false},"featured_media":3912,"comment_status":"open","ping_status":"closed","template":"","meta":[],"product_brand":[],"product_cat":[222,274,229],"product_tag":[],"class_list":{"0":"post-1887","1":"product","2":"type-product","3":"status-publish","4":"has-post-thumbnail","6":"product_cat-cuerpo","7":"product_cat-jabon-artesanal","8":"product_cat-regadera","9":"product_shipping_class-mensajeria","11":"first","12":"instock","13":"shipping-taxable","14":"purchasable","15":"product-type-simple"},"_links":{"self":[{"href":"https:\/\/makua.com.mx\/eshop\/wp-json\/wp\/v2\/product\/1887","targetHints":{"allow":["GET"]}}],"collection":[{"href":"https:\/\/makua.com.mx\/eshop\/wp-json\/wp\/v2\/product"}],"about":[{"href":"https:\/\/makua.com.mx\/eshop\/wp-json\/wp\/v2\/types\/product"}],"replies":[{"embeddable":true,"href":"https:\/\/makua.com.mx\/eshop\/wp-json\/wp\/v2\/comments?post=1887"}],"wp:featuredmedia":[{"embeddable":true,"href":"https:\/\/makua.com.mx\/eshop\/wp-json\/wp\/v2\/media\/3912"}],"wp:attachment":[{"href":"https:\/\/makua.com.mx\/eshop\/wp-json\/wp\/v2\/media?parent=1887"}],"wp:term":[{"taxonomy":"product_brand","embeddable":true,"href":"https:\/\/makua.com.mx\/eshop\/wp-json\/wp\/v2\/product_brand?post=1887"},{"taxonomy":"product_cat","embeddable":true,"href":"https:\/\/makua.com.mx\/eshop\/wp-json\/wp\/v2\/product_cat?post=1887"},{"taxonomy":"product_tag","embeddable":true,"href":"https:\/\/makua.com.mx\/eshop\/wp-json\/wp\/v2\/product_tag?post=1887"}],"curies":[{"name":"wp","href":"https:\/\/api.w.org\/{rel}","templated":true}]}}