{"id":1877,"date":"2016-10-01T01:15:18","date_gmt":"2016-10-01T01:15:18","guid":{"rendered":"https:\/\/makua.com.mx\/eshop\/?post_type=product&#038;p=1877"},"modified":"2024-01-19T02:39:53","modified_gmt":"2024-01-19T02:39:53","slug":"jabon-sales-de-mar","status":"publish","type":"product","link":"https:\/\/makua.com.mx\/eshop\/producto\/jabon-sales-de-mar\/","title":{"rendered":"Jab\u00f3n Sales de Mar 100g"},"content":{"rendered":"<p><strong>Funciones<\/strong>: Exfoliante, revitalizante, desintoxicante<br \/>\n<strong>Modo de empleo<\/strong>: Directo sobre la piel con masajes circulares en zonas \u00e1speras del cuerpo, dejar actuar unos minutos y enjuagar.<br \/>\n<strong>Extractos<\/strong>: Menta, romero<br \/>\n<strong>Recomendaciones<\/strong>: Piel mixta o grasa, pies secos con callosidades<br \/>\n<strong>Aroma<\/strong>: Refrescante<br \/>\n<strong>Consistencia<\/strong>: S\u00f3lida<br \/>\n<strong>INGREDIENTES<\/strong>:\u00a0Aceites vegetales, agua destilada, hidr\u00f3xido de sodio, karit\u00e9, vitamina E, mezcla de aceites esenciales, aceite esencial de menta, aceite esencial de romero, sales de mar, extracto de toronja como conservador natural<\/p>\n","protected":false},"excerpt":{"rendered":"<p>Una combinaci\u00f3n especial hecha con nuestra base de jab\u00f3n hidratante y nuestras deliciosas sales de ba\u00f1o, creado especialmente para dar un tratamiento relajante y restaurador a nuestros pies o zonas muy \u00e1speras del cuerpo. Su concentrado especial de romero y menta ayudan a mitigar el cansancio y las sales exfolian para ayudar a mejorar la circulaci\u00f3n sangu\u00ednea.<\/p>\n","protected":false},"featured_media":3379,"comment_status":"open","ping_status":"closed","template":"","meta":[],"product_brand":[],"product_cat":[222,274,229],"product_tag":[291],"class_list":{"0":"post-1877","1":"product","2":"type-product","3":"status-publish","4":"has-post-thumbnail","6":"product_cat-cuerpo","7":"product_cat-jabon-artesanal","8":"product_cat-regadera","9":"product_tag-sal-de-mar","10":"product_shipping_class-mensajeria","12":"first","13":"instock","14":"shipping-taxable","15":"purchasable","16":"product-type-simple"},"_links":{"self":[{"href":"https:\/\/makua.com.mx\/eshop\/wp-json\/wp\/v2\/product\/1877","targetHints":{"allow":["GET"]}}],"collection":[{"href":"https:\/\/makua.com.mx\/eshop\/wp-json\/wp\/v2\/product"}],"about":[{"href":"https:\/\/makua.com.mx\/eshop\/wp-json\/wp\/v2\/types\/product"}],"replies":[{"embeddable":true,"href":"https:\/\/makua.com.mx\/eshop\/wp-json\/wp\/v2\/comments?post=1877"}],"wp:featuredmedia":[{"embeddable":true,"href":"https:\/\/makua.com.mx\/eshop\/wp-json\/wp\/v2\/media\/3379"}],"wp:attachment":[{"href":"https:\/\/makua.com.mx\/eshop\/wp-json\/wp\/v2\/media?parent=1877"}],"wp:term":[{"taxonomy":"product_brand","embeddable":true,"href":"https:\/\/makua.com.mx\/eshop\/wp-json\/wp\/v2\/product_brand?post=1877"},{"taxonomy":"product_cat","embeddable":true,"href":"https:\/\/makua.com.mx\/eshop\/wp-json\/wp\/v2\/product_cat?post=1877"},{"taxonomy":"product_tag","embeddable":true,"href":"https:\/\/makua.com.mx\/eshop\/wp-json\/wp\/v2\/product_tag?post=1877"}],"curies":[{"name":"wp","href":"https:\/\/api.w.org\/{rel}","templated":true}]}}