{"id":1869,"date":"2016-07-18T01:01:29","date_gmt":"2016-07-18T01:01:29","guid":{"rendered":"https:\/\/makua.com.mx\/eshop\/?post_type=product&#038;p=1869"},"modified":"2023-03-27T23:15:41","modified_gmt":"2023-03-27T23:15:41","slug":"jabon-lemon-grass","status":"publish","type":"product","link":"https:\/\/makua.com.mx\/eshop\/producto\/jabon-lemon-grass\/","title":{"rendered":"Jab\u00f3n Lemon Grass 100g"},"content":{"rendered":"<p><strong>Funciones<\/strong>: Rico en vitamina A y C, el car\u00f3teno aten\u00faa manchas y pecas en la piel, estimulante mental, combate la fatiga y el estr\u00e9s, sensaci\u00f3n vivificante<br \/>\n<strong>Modo de empleo:<\/strong> Directo en la piel con suaves masajes hasta hacer espuma, dejar actuar unos minutos y enjuagar<br \/>\n<strong>Extractos<\/strong>: Lemon grass, Lima<br \/>\n<strong>Recomendaciones<\/strong>: Piel normal a grasa<br \/>\n<strong>Aroma<\/strong>: Revitalizante<br \/>\n<strong>Consistencia<\/strong>: S\u00f3lida<br \/>\n<strong>INGREDIENTES<\/strong>:\u00a0Aceites vegetales, agua destilada, hidr\u00f3xido de sodio, karit\u00e9, vitamina E, mezcla de aceites esenciales c\u00edtricos, Lemongrass, lima y\u00a0 extracto de toronja como conservador natural.<\/p>\n","protected":false},"excerpt":{"rendered":"<p>El aceite esencial de lemon grass alivia el estr\u00e9s, la fatiga mental y el cansancio tambi\u00e9n, ayuda a combatir la ansiedad, la tensi\u00f3n nerviosa y la migra\u00f1a. Es ideal para purificar, ya que es un aceite que act\u00faa como antibi\u00f3tico natural eliminando bacterias que pueden ocasionar lesiones o infecciones en nuestra piel. Previene barritos y espinillas, y disminuye manchas y pecas.<\/p>\n","protected":false},"featured_media":3562,"comment_status":"open","ping_status":"closed","template":"","meta":[],"product_brand":[],"product_cat":[222,274,229],"product_tag":[265],"class_list":{"0":"post-1869","1":"product","2":"type-product","3":"status-publish","4":"has-post-thumbnail","6":"product_cat-cuerpo","7":"product_cat-jabon-artesanal","8":"product_cat-regadera","9":"product_tag-lemon-grass","10":"product_shipping_class-mensajeria","12":"first","13":"instock","14":"shipping-taxable","15":"purchasable","16":"product-type-simple"},"_links":{"self":[{"href":"https:\/\/makua.com.mx\/eshop\/wp-json\/wp\/v2\/product\/1869","targetHints":{"allow":["GET"]}}],"collection":[{"href":"https:\/\/makua.com.mx\/eshop\/wp-json\/wp\/v2\/product"}],"about":[{"href":"https:\/\/makua.com.mx\/eshop\/wp-json\/wp\/v2\/types\/product"}],"replies":[{"embeddable":true,"href":"https:\/\/makua.com.mx\/eshop\/wp-json\/wp\/v2\/comments?post=1869"}],"wp:featuredmedia":[{"embeddable":true,"href":"https:\/\/makua.com.mx\/eshop\/wp-json\/wp\/v2\/media\/3562"}],"wp:attachment":[{"href":"https:\/\/makua.com.mx\/eshop\/wp-json\/wp\/v2\/media?parent=1869"}],"wp:term":[{"taxonomy":"product_brand","embeddable":true,"href":"https:\/\/makua.com.mx\/eshop\/wp-json\/wp\/v2\/product_brand?post=1869"},{"taxonomy":"product_cat","embeddable":true,"href":"https:\/\/makua.com.mx\/eshop\/wp-json\/wp\/v2\/product_cat?post=1869"},{"taxonomy":"product_tag","embeddable":true,"href":"https:\/\/makua.com.mx\/eshop\/wp-json\/wp\/v2\/product_tag?post=1869"}],"curies":[{"name":"wp","href":"https:\/\/api.w.org\/{rel}","templated":true}]}}