{"id":1867,"date":"2016-07-18T00:58:31","date_gmt":"2016-07-18T00:58:31","guid":{"rendered":"https:\/\/makua.com.mx\/eshop\/?post_type=product&#038;p=1867"},"modified":"2022-12-13T02:28:05","modified_gmt":"2022-12-13T02:28:05","slug":"jabon-canela","status":"publish","type":"product","link":"https:\/\/makua.com.mx\/eshop\/producto\/jabon-canela\/","title":{"rendered":"Jab\u00f3n Canela 100g"},"content":{"rendered":"<p><strong>Funciones<\/strong>: Aceite relajante, reactiva la circulaci\u00f3n y es afrodisiaco.<br \/>\n<strong>Modo de empleo<\/strong>: Directo en la piel con suaves masajes hasta hacer espuma, dejar actuar unos minutos y enjuagar.<br \/>\n<strong>Extractos<\/strong>: Canela.<br \/>\n<strong>Recomendaciones<\/strong>: Para cuerpo y piernas con problemas de circulaci\u00f3n.<br \/>\n<strong>Aroma<\/strong>: Penetrante, dulce y r\u00fastico.<br \/>\n<strong>Consistencia<\/strong>: S\u00f3lida.<br \/>\n<strong>INGREDIENTES<\/strong>:\u00a0Aceites vegetales, agua destilada, hidr\u00f3xido de sodio, karit\u00e9, vitamina E, aceite esencial de canela, rajas de canela seca, extracto de toronja como conservador natural.<\/p>\n","protected":false},"excerpt":{"rendered":"<p>El aceite esencial de canela favorece la circulaci\u00f3n sangu\u00ednea, especialmente en piernas cansadas con problemas de varices. Sus efectos relajantes ayudan a eliminar el estr\u00e9s y su poder antiinflamatorio permite calmar dolores leves en m\u00fasculos. <\/p>\n","protected":false},"featured_media":3563,"comment_status":"open","ping_status":"closed","template":"","meta":[],"product_brand":[],"product_cat":[222,274,229],"product_tag":[269],"class_list":{"0":"post-1867","1":"product","2":"type-product","3":"status-publish","4":"has-post-thumbnail","6":"product_cat-cuerpo","7":"product_cat-jabon-artesanal","8":"product_cat-regadera","9":"product_tag-canela","10":"product_shipping_class-mensajeria","12":"first","13":"instock","14":"shipping-taxable","15":"purchasable","16":"product-type-simple"},"_links":{"self":[{"href":"https:\/\/makua.com.mx\/eshop\/wp-json\/wp\/v2\/product\/1867","targetHints":{"allow":["GET"]}}],"collection":[{"href":"https:\/\/makua.com.mx\/eshop\/wp-json\/wp\/v2\/product"}],"about":[{"href":"https:\/\/makua.com.mx\/eshop\/wp-json\/wp\/v2\/types\/product"}],"replies":[{"embeddable":true,"href":"https:\/\/makua.com.mx\/eshop\/wp-json\/wp\/v2\/comments?post=1867"}],"wp:featuredmedia":[{"embeddable":true,"href":"https:\/\/makua.com.mx\/eshop\/wp-json\/wp\/v2\/media\/3563"}],"wp:attachment":[{"href":"https:\/\/makua.com.mx\/eshop\/wp-json\/wp\/v2\/media?parent=1867"}],"wp:term":[{"taxonomy":"product_brand","embeddable":true,"href":"https:\/\/makua.com.mx\/eshop\/wp-json\/wp\/v2\/product_brand?post=1867"},{"taxonomy":"product_cat","embeddable":true,"href":"https:\/\/makua.com.mx\/eshop\/wp-json\/wp\/v2\/product_cat?post=1867"},{"taxonomy":"product_tag","embeddable":true,"href":"https:\/\/makua.com.mx\/eshop\/wp-json\/wp\/v2\/product_tag?post=1867"}],"curies":[{"name":"wp","href":"https:\/\/api.w.org\/{rel}","templated":true}]}}