{"id":1865,"date":"2016-07-18T00:51:50","date_gmt":"2016-07-18T00:51:50","guid":{"rendered":"https:\/\/makua.com.mx\/eshop\/?post_type=product&#038;p=1865"},"modified":"2022-12-13T02:28:10","modified_gmt":"2022-12-13T02:28:10","slug":"jabon-jengibre-cafe-y-toronja","status":"publish","type":"product","link":"https:\/\/makua.com.mx\/eshop\/producto\/jabon-jengibre-cafe-y-toronja\/","title":{"rendered":"Jab\u00f3n Jengibre, Caf\u00e9 y Toronja 100g"},"content":{"rendered":"<p><strong>Funciones<\/strong>: Elimina la celulitis y residuos t\u00f3xicos de la piel, previene el acn\u00e9<br \/>\n<strong>Modo de empleo<\/strong>: Directo en la piel con suaves masajes hasta hacer espuma, dejar actuar unos minutos y enjuagar<br \/>\n<strong>Extractos<\/strong>: Jengibre, Caf\u00e9, toronja<br \/>\n<strong>Recomendaciones<\/strong>: Pieles mixtas a grasas<br \/>\n<strong>Aroma<\/strong>: Especias<br \/>\n<strong>Consistencia<\/strong>: S\u00f3lida<br \/>\n<strong>INGREDIENTES<\/strong>:\u00a0Aceites vegetales, agua destilada, hidr\u00f3xido de sodio, karit\u00e9, vitamina E, aceite esencial de jengibre, aceite esencial de toronja, caf\u00e9 org\u00e1nico en polvo, extracto de toronja como conservador natural.<\/p>\n","protected":false},"excerpt":{"rendered":"<p>Una infusi\u00f3n natural para combatir la celulitis. El jengibre es un medicamento natural que mejora la circulaci\u00f3n sangu\u00ednea. El caf\u00e9 exfolia, tonifica las fibras musculares, disminuyendo la piel de naranja y la toronja es perfecta para quemar grasa. <\/p>\n","protected":false},"featured_media":2551,"comment_status":"open","ping_status":"closed","template":"","meta":[],"product_brand":[],"product_cat":[222,274,229],"product_tag":[287,286,288],"class_list":{"0":"post-1865","1":"product","2":"type-product","3":"status-publish","4":"has-post-thumbnail","6":"product_cat-cuerpo","7":"product_cat-jabon-artesanal","8":"product_cat-regadera","9":"product_tag-cafe","10":"product_tag-jengibre","11":"product_tag-toronja","12":"product_shipping_class-mensajeria","14":"first","15":"instock","16":"shipping-taxable","17":"purchasable","18":"product-type-simple"},"_links":{"self":[{"href":"https:\/\/makua.com.mx\/eshop\/wp-json\/wp\/v2\/product\/1865","targetHints":{"allow":["GET"]}}],"collection":[{"href":"https:\/\/makua.com.mx\/eshop\/wp-json\/wp\/v2\/product"}],"about":[{"href":"https:\/\/makua.com.mx\/eshop\/wp-json\/wp\/v2\/types\/product"}],"replies":[{"embeddable":true,"href":"https:\/\/makua.com.mx\/eshop\/wp-json\/wp\/v2\/comments?post=1865"}],"wp:featuredmedia":[{"embeddable":true,"href":"https:\/\/makua.com.mx\/eshop\/wp-json\/wp\/v2\/media\/2551"}],"wp:attachment":[{"href":"https:\/\/makua.com.mx\/eshop\/wp-json\/wp\/v2\/media?parent=1865"}],"wp:term":[{"taxonomy":"product_brand","embeddable":true,"href":"https:\/\/makua.com.mx\/eshop\/wp-json\/wp\/v2\/product_brand?post=1865"},{"taxonomy":"product_cat","embeddable":true,"href":"https:\/\/makua.com.mx\/eshop\/wp-json\/wp\/v2\/product_cat?post=1865"},{"taxonomy":"product_tag","embeddable":true,"href":"https:\/\/makua.com.mx\/eshop\/wp-json\/wp\/v2\/product_tag?post=1865"}],"curies":[{"name":"wp","href":"https:\/\/api.w.org\/{rel}","templated":true}]}}