{"id":1857,"date":"2016-07-18T00:41:23","date_gmt":"2016-07-18T00:41:23","guid":{"rendered":"https:\/\/makua.com.mx\/eshop\/?post_type=product&#038;p=1857"},"modified":"2022-12-13T02:28:29","modified_gmt":"2022-12-13T02:28:29","slug":"jabon-te-verde","status":"publish","type":"product","link":"https:\/\/makua.com.mx\/eshop\/producto\/jabon-te-verde\/","title":{"rendered":"Jab\u00f3n T\u00e9 Verde 100g"},"content":{"rendered":"<p><strong>Funciones<\/strong>: Es antioxidante, desinflama e inhibe los da\u00f1os por el sol<br \/>\n<strong>Modo de empleo<\/strong>: Directo en la piel con suaves masajes hasta hacer espuma, dejar actuar unos minutos y enjuagar<br \/>\n<strong>Extractos<\/strong>: T\u00e9 verde<br \/>\n<strong>Recomendaciones<\/strong>: Para todo tipo de piel, Pieles exposici\u00f3n al sol prolongada.<br \/>\n<strong>Aroma<\/strong>: Fresco y duradero<br \/>\n<strong>Consistencia<\/strong>: S\u00f3lida<br \/>\n<strong>INGREDIENTES<\/strong>:\u00a0Aceites vegetales, agua destilada, hidr\u00f3xido de sodio, karit\u00e9, vitamina E, mezcla de aceites esenciales, extracto de t\u00e9 verde, t\u00e9 verde seco, extracto de c\u00edtricos como conservador natural.<\/p>\n","protected":false},"excerpt":{"rendered":"<p>El extracto de t\u00e9 verde es antioxidante protege contra los radicales libres. Ayuda a prevenir el acn\u00e9, eliminar toxinas y bacterias de la piel. Es ligeramente exfoliante.<\/p>\n","protected":false},"featured_media":3567,"comment_status":"open","ping_status":"closed","template":"","meta":[],"product_brand":[],"product_cat":[222,274,229],"product_tag":[241],"class_list":{"0":"post-1857","1":"product","2":"type-product","3":"status-publish","4":"has-post-thumbnail","6":"product_cat-cuerpo","7":"product_cat-jabon-artesanal","8":"product_cat-regadera","9":"product_tag-te-verde","10":"product_shipping_class-mensajeria","12":"first","13":"instock","14":"shipping-taxable","15":"purchasable","16":"product-type-simple"},"_links":{"self":[{"href":"https:\/\/makua.com.mx\/eshop\/wp-json\/wp\/v2\/product\/1857","targetHints":{"allow":["GET"]}}],"collection":[{"href":"https:\/\/makua.com.mx\/eshop\/wp-json\/wp\/v2\/product"}],"about":[{"href":"https:\/\/makua.com.mx\/eshop\/wp-json\/wp\/v2\/types\/product"}],"replies":[{"embeddable":true,"href":"https:\/\/makua.com.mx\/eshop\/wp-json\/wp\/v2\/comments?post=1857"}],"wp:featuredmedia":[{"embeddable":true,"href":"https:\/\/makua.com.mx\/eshop\/wp-json\/wp\/v2\/media\/3567"}],"wp:attachment":[{"href":"https:\/\/makua.com.mx\/eshop\/wp-json\/wp\/v2\/media?parent=1857"}],"wp:term":[{"taxonomy":"product_brand","embeddable":true,"href":"https:\/\/makua.com.mx\/eshop\/wp-json\/wp\/v2\/product_brand?post=1857"},{"taxonomy":"product_cat","embeddable":true,"href":"https:\/\/makua.com.mx\/eshop\/wp-json\/wp\/v2\/product_cat?post=1857"},{"taxonomy":"product_tag","embeddable":true,"href":"https:\/\/makua.com.mx\/eshop\/wp-json\/wp\/v2\/product_tag?post=1857"}],"curies":[{"name":"wp","href":"https:\/\/api.w.org\/{rel}","templated":true}]}}